{"id":265,"date":"2024-05-15T16:08:56","date_gmt":"2024-05-15T13:08:56","guid":{"rendered":"https:\/\/4ader.ro\/?page_id=265"},"modified":"2024-09-23T11:49:29","modified_gmt":"2024-09-23T08:49:29","slug":"lansari-de-carte","status":"publish","type":"page","link":"https:\/\/4ader.ro\/index.php\/lansari-de-carte\/","title":{"rendered":"Lans\u0103ri de carte"},"content":{"rendered":"\t\t<div data-elementor-type=\"wp-page\" data-elementor-id=\"265\" class=\"elementor elementor-265\">\n\t\t\t\t<div class=\"elementor-element elementor-element-6b7413c e-con-full e-flex e-con e-parent\" data-id=\"6b7413c\" data-element_type=\"container\" data-settings=\"{&quot;background_background&quot;:&quot;classic&quot;}\">\n\t\t\t\t<div class=\"elementor-element elementor-element-df78692 elementor-widget elementor-widget-heading\" data-id=\"df78692\" data-element_type=\"widget\" data-widget_type=\"heading.default\">\n\t\t\t\t<div class=\"elementor-widget-container\">\n\t\t\t\t\t<h2 class=\"elementor-heading-title elementor-size-default\">LANS\u0102RI DE CARTE<\/h2>\t\t\t\t<\/div>\n\t\t\t\t<\/div>\n\t\t\t\t<div class=\"elementor-element elementor-element-fac28ec elementor-widget elementor-widget-text-editor\" data-id=\"fac28ec\" data-element_type=\"widget\" data-widget_type=\"text-editor.default\">\n\t\t\t\t<div class=\"elementor-widget-container\">\n\t\t\t\t\t\t\t\t\t<p><em><strong>Lansare carte:\u00a0<\/strong><\/em><\/p><p><strong>1.Marea Unire v\u0103zut\u0103 prin ochii mei-volum de eseuri, Coordonator volum Marius Badea, 19 decembrie 2018, T\u00e2rgu Jiu<\/strong><\/p><p><strong><em>2.Rolul ambasadei \u0219i al personalului diplomatic \u00een reprezentarea \u0219i promovarea rela\u021biilor dintre state- Ghimisi Andrei Stefan , 18 aprilie 2019, Targu Jiu<\/em><\/strong><\/p>\t\t\t\t\t\t\t\t<\/div>\n\t\t\t\t<\/div>\n\t\t\t\t<div class=\"elementor-element elementor-element-0ea7bce elementor-widget elementor-widget-spacer\" data-id=\"0ea7bce\" data-element_type=\"widget\" data-widget_type=\"spacer.default\">\n\t\t\t\t<div class=\"elementor-widget-container\">\n\t\t\t\t\t\t\t<div class=\"elementor-spacer\">\n\t\t\t<div class=\"elementor-spacer-inner\"><\/div>\n\t\t<\/div>\n\t\t\t\t\t\t<\/div>\n\t\t\t\t<\/div>\n\t\t\t\t<\/div>\n\t\t\t\t<\/div>\n\t\t","protected":false},"excerpt":{"rendered":"<p>LANS\u0102RI DE CARTE Lansare carte:\u00a0 1.Marea Unire v\u0103zut\u0103 prin ochii mei-volum de eseuri, Coordonator volum Marius Badea, 19 decembrie 2018, T\u00e2rgu Jiu 2.Rolul ambasadei \u0219i al personalului diplomatic \u00een reprezentarea \u0219i promovarea rela\u021biilor dintre state- Ghimisi Andrei Stefan , 18 aprilie 2019, Targu Jiu<\/p>\n","protected":false},"author":2,"featured_media":0,"parent":0,"menu_order":0,"comment_status":"closed","ping_status":"closed","template":"","meta":{"_kad_post_transparent":"","_kad_post_title":"hide","_kad_post_layout":"fullwidth","_kad_post_sidebar_id":"","_kad_post_content_style":"unboxed","_kad_post_vertical_padding":"hide","_kad_post_feature":"hide","_kad_post_feature_position":"","_kad_post_header":false,"_kad_post_footer":false,"_kad_post_classname":"","footnotes":""},"class_list":["post-265","page","type-page","status-publish","hentry"],"rttpg_featured_image_url":null,"rttpg_author":{"display_name":"Calina Denis","author_link":"https:\/\/4ader.ro\/index.php\/author\/denis_1\/"},"rttpg_comment":0,"rttpg_category":null,"rttpg_excerpt":"LANS\u0102RI DE CARTE Lansare carte:\u00a0 1.Marea Unire v\u0103zut\u0103 prin ochii mei-volum de eseuri, Coordonator volum Marius Badea, 19 decembrie 2018, T\u00e2rgu Jiu 2.Rolul ambasadei \u0219i al personalului diplomatic \u00een reprezentarea \u0219i promovarea rela\u021biilor dintre state- Ghimisi Andrei Stefan , 18 aprilie 2019, Targu Jiu","_links":{"self":[{"href":"https:\/\/4ader.ro\/index.php\/wp-json\/wp\/v2\/pages\/265","targetHints":{"allow":["GET"]}}],"collection":[{"href":"https:\/\/4ader.ro\/index.php\/wp-json\/wp\/v2\/pages"}],"about":[{"href":"https:\/\/4ader.ro\/index.php\/wp-json\/wp\/v2\/types\/page"}],"author":[{"embeddable":true,"href":"https:\/\/4ader.ro\/index.php\/wp-json\/wp\/v2\/users\/2"}],"replies":[{"embeddable":true,"href":"https:\/\/4ader.ro\/index.php\/wp-json\/wp\/v2\/comments?post=265"}],"version-history":[{"count":19,"href":"https:\/\/4ader.ro\/index.php\/wp-json\/wp\/v2\/pages\/265\/revisions"}],"predecessor-version":[{"id":1492,"href":"https:\/\/4ader.ro\/index.php\/wp-json\/wp\/v2\/pages\/265\/revisions\/1492"}],"wp:attachment":[{"href":"https:\/\/4ader.ro\/index.php\/wp-json\/wp\/v2\/media?parent=265"}],"curies":[{"name":"wp","href":"https:\/\/api.w.org\/{rel}","templated":true}]}}