{"id":248,"date":"2024-05-15T15:58:31","date_gmt":"2024-05-15T12:58:31","guid":{"rendered":"https:\/\/4ader.ro\/?page_id=248"},"modified":"2024-09-23T11:40:16","modified_gmt":"2024-09-23T08:40:16","slug":"promovare-actiuni","status":"publish","type":"page","link":"https:\/\/4ader.ro\/index.php\/promovare-actiuni\/","title":{"rendered":"Promovare ac\u021biuni"},"content":{"rendered":"\t\t<div data-elementor-type=\"wp-page\" data-elementor-id=\"248\" class=\"elementor elementor-248\">\n\t\t\t\t<div class=\"elementor-element elementor-element-b2488de e-con-full e-flex e-con e-parent\" data-id=\"b2488de\" data-element_type=\"container\" data-settings=\"{&quot;background_background&quot;:&quot;classic&quot;}\">\n\t\t<div class=\"elementor-element elementor-element-144418e e-con-full e-flex e-con e-child\" data-id=\"144418e\" data-element_type=\"container\">\n\t\t\t\t<div class=\"elementor-element elementor-element-b009142 elementor-widget elementor-widget-heading\" data-id=\"b009142\" data-element_type=\"widget\" data-widget_type=\"heading.default\">\n\t\t\t\t<div class=\"elementor-widget-container\">\n\t\t\t\t\t<h2 class=\"elementor-heading-title elementor-size-default\">PROMOVARE AC\u021aIUNI<\/h2>\t\t\t\t<\/div>\n\t\t\t\t<\/div>\n\t\t\t\t<\/div>\n\t\t<div class=\"elementor-element elementor-element-06fd9b4 e-con-full e-flex e-con e-child\" data-id=\"06fd9b4\" data-element_type=\"container\">\n\t\t\t\t<div class=\"elementor-element elementor-element-89fbf47 elementor-widget elementor-widget-text-editor\" data-id=\"89fbf47\" data-element_type=\"widget\" data-widget_type=\"text-editor.default\">\n\t\t\t\t<div class=\"elementor-widget-container\">\n\t\t\t\t\t\t\t\t\t<p>Daca doresti s\u0103 promovezi o actiune \u00een spiritul valorilor Asociatiei pentru Democratie Educatie Respect ( ADER) trimite-ne un email pe adresa\u00a0<a href=\"https:\/\/web.archive.org\/web\/20230315043048\/mailto:4roader@gmail.com\">4roader@gmail.com<\/a>\u00a0\u00een care s\u0103 ne spui:<\/p><p>-ce actiune vrei sa promov\u0103m<\/p><p>-grupul tinta pentru actiune<\/p><p>-modalitatea de promovare<\/p><p>Paginile noastre : 4ader.ro si\u00a0<a href=\"https:\/\/web.archive.org\/web\/20230315043048\/https:\/\/www.facebook.com\/ADERTarguJiu\/\">https:\/\/www.facebook.com\/ADERTarguJiu\/<\/a>\u00a0vor promova actiunile dumneavoastr\u0103!<\/p>\t\t\t\t\t\t\t\t<\/div>\n\t\t\t\t<\/div>\n\t\t\t\t<div class=\"elementor-element elementor-element-3433557 elementor-widget elementor-widget-spacer\" data-id=\"3433557\" data-element_type=\"widget\" data-widget_type=\"spacer.default\">\n\t\t\t\t<div class=\"elementor-widget-container\">\n\t\t\t\t\t\t\t<div class=\"elementor-spacer\">\n\t\t\t<div class=\"elementor-spacer-inner\"><\/div>\n\t\t<\/div>\n\t\t\t\t\t\t<\/div>\n\t\t\t\t<\/div>\n\t\t\t\t<\/div>\n\t\t\t\t<\/div>\n\t\t\t\t<\/div>\n\t\t","protected":false},"excerpt":{"rendered":"<p>PROMOVARE AC\u021aIUNI Daca doresti s\u0103 promovezi o actiune \u00een spiritul valorilor Asociatiei pentru Democratie Educatie Respect ( ADER) trimite-ne un email pe adresa\u00a04roader@gmail.com\u00a0\u00een care s\u0103 ne spui: -ce actiune vrei sa promov\u0103m -grupul tinta pentru actiune -modalitatea de promovare Paginile noastre : 4ader.ro si\u00a0https:\/\/www.facebook.com\/ADERTarguJiu\/\u00a0vor promova actiunile dumneavoastr\u0103!<\/p>\n","protected":false},"author":2,"featured_media":0,"parent":0,"menu_order":0,"comment_status":"closed","ping_status":"closed","template":"","meta":{"_kad_post_transparent":"","_kad_post_title":"hide","_kad_post_layout":"fullwidth","_kad_post_sidebar_id":"","_kad_post_content_style":"unboxed","_kad_post_vertical_padding":"hide","_kad_post_feature":"hide","_kad_post_feature_position":"","_kad_post_header":false,"_kad_post_footer":false,"_kad_post_classname":"","footnotes":""},"class_list":["post-248","page","type-page","status-publish","hentry"],"rttpg_featured_image_url":null,"rttpg_author":{"display_name":"Calina Denis","author_link":"https:\/\/4ader.ro\/index.php\/author\/denis_1\/"},"rttpg_comment":0,"rttpg_category":null,"rttpg_excerpt":"PROMOVARE AC\u021aIUNI Daca doresti s\u0103 promovezi o actiune \u00een spiritul valorilor Asociatiei pentru Democratie Educatie Respect ( ADER) trimite-ne un email pe adresa\u00a04roader@gmail.com\u00a0\u00een care s\u0103 ne spui: -ce actiune vrei sa promov\u0103m -grupul tinta pentru actiune -modalitatea de promovare Paginile noastre : 4ader.ro si\u00a0https:\/\/www.facebook.com\/ADERTarguJiu\/\u00a0vor promova actiunile dumneavoastr\u0103!","_links":{"self":[{"href":"https:\/\/4ader.ro\/index.php\/wp-json\/wp\/v2\/pages\/248","targetHints":{"allow":["GET"]}}],"collection":[{"href":"https:\/\/4ader.ro\/index.php\/wp-json\/wp\/v2\/pages"}],"about":[{"href":"https:\/\/4ader.ro\/index.php\/wp-json\/wp\/v2\/types\/page"}],"author":[{"embeddable":true,"href":"https:\/\/4ader.ro\/index.php\/wp-json\/wp\/v2\/users\/2"}],"replies":[{"embeddable":true,"href":"https:\/\/4ader.ro\/index.php\/wp-json\/wp\/v2\/comments?post=248"}],"version-history":[{"count":13,"href":"https:\/\/4ader.ro\/index.php\/wp-json\/wp\/v2\/pages\/248\/revisions"}],"predecessor-version":[{"id":1235,"href":"https:\/\/4ader.ro\/index.php\/wp-json\/wp\/v2\/pages\/248\/revisions\/1235"}],"wp:attachment":[{"href":"https:\/\/4ader.ro\/index.php\/wp-json\/wp\/v2\/media?parent=248"}],"curies":[{"name":"wp","href":"https:\/\/api.w.org\/{rel}","templated":true}]}}