{"id":2297,"date":"2025-10-13T09:00:42","date_gmt":"2025-10-13T06:00:42","guid":{"rendered":"https:\/\/4ader.ro\/?page_id=2297"},"modified":"2025-10-13T09:09:34","modified_gmt":"2025-10-13T06:09:34","slug":"gandire-critica-pentru-o-comunitate-participativa","status":"publish","type":"page","link":"https:\/\/4ader.ro\/index.php\/gandire-critica-pentru-o-comunitate-participativa\/","title":{"rendered":"G\u00e2ndire critic\u0103 pentru o comunitate participativ\u0103"},"content":{"rendered":"\t\t<div data-elementor-type=\"wp-page\" data-elementor-id=\"2297\" class=\"elementor elementor-2297\">\n\t\t\t\t<div class=\"elementor-element elementor-element-6b7413c e-con-full e-flex e-con e-parent\" data-id=\"6b7413c\" data-element_type=\"container\" data-settings=\"{&quot;background_background&quot;:&quot;classic&quot;}\">\n\t\t\t\t<div class=\"elementor-element elementor-element-df78692 elementor-widget elementor-widget-heading\" data-id=\"df78692\" data-element_type=\"widget\" data-widget_type=\"heading.default\">\n\t\t\t\t<div class=\"elementor-widget-container\">\n\t\t\t\t\t<h2 class=\"elementor-heading-title elementor-size-default\">G\u00e2ndire critic\u0103 pentru o comunitate participativ\u0103<\/h2>\t\t\t\t<\/div>\n\t\t\t\t<\/div>\n\t\t\t\t<div class=\"elementor-element elementor-element-fac28ec elementor-widget elementor-widget-text-editor\" data-id=\"fac28ec\" data-element_type=\"widget\" data-widget_type=\"text-editor.default\">\n\t\t\t\t<div class=\"elementor-widget-container\">\n\t\t\t\t\t\t\t\t\t<p data-start=\"264\" data-end=\"343\"><strong data-start=\"264\" data-end=\"277\">Perioada:<\/strong> Septembrie \u2013 Decembrie 2025<br data-start=\"305\" data-end=\"308\" \/><strong data-start=\"308\" data-end=\"320\">Loca\u021bie:<\/strong> Municipiul T\u00e2rgu-Jiu<\/p><p data-start=\"345\" data-end=\"716\">Scopul proiectului este de a dezvolta competen\u021bele de g\u00e2ndire critic\u0103, analiz\u0103 \u0219i implicare civic\u0103 \u00een r\u00e2ndul tinerilor, profesorilor \u0219i p\u0103rin\u021bilor din T\u00e2rgu-Jiu. Prin activit\u0103\u021bi educa\u021bionale \u0219i campanii de con\u0219tientizare, proiectul urm\u0103re\u0219te formarea unei comunit\u0103\u021bi informate, capabile s\u0103 navigheze \u00een siguran\u021b\u0103 \u00een mediul digital \u0219i s\u0103 combat\u0103 fenomenul dezinform\u0103rii.<\/p><p data-start=\"345\" data-end=\"716\"><strong>Context:<\/strong><\/p><p data-start=\"738\" data-end=\"1402\">Asocia\u021bia pentru Democra\u021bie Educa\u021bie Respect (ADER) lanseaz\u0103 proiectul <strong data-start=\"809\" data-end=\"864\">\u201eG\u00e2ndire critic\u0103 pentru o comunitate participativ\u0103\u201d<\/strong>, o ini\u021biativ\u0103 menit\u0103 s\u0103 echipeze tinerii, cadrele didactice \u0219i p\u0103rin\u021bii cu abilit\u0103\u021bi practice pentru recunoa\u0219terea \u0219i combaterea informa\u021biilor false.<br data-start=\"1014\" data-end=\"1017\" \/>\u00centr-o perioad\u0103 \u00een care mediul online joac\u0103 un rol esen\u021bial \u00een formarea opiniilor, proiectul propune o abordare educativ\u0103, nonformal\u0103, care pune accent pe discern\u0103m\u00e2nt, analiz\u0103 critic\u0103 \u0219i responsabilitate civic\u0103.<br data-start=\"1229\" data-end=\"1232\" \/>Prin implicarea actorilor educa\u021bionali \u0219i comunitari, ADER \u00ee\u0219i propune s\u0103 contribuie la crearea unui climat informa\u021bional s\u0103n\u0103tos \u0219i echilibrat \u00een Municipiul T\u00e2rgu-Jiu.<\/p><h3 data-start=\"1409\" data-end=\"1462\">Activit\u0103\u021bile principale ale proiectului includ:<\/h3><p data-start=\"1464\" data-end=\"1504\"><strong data-start=\"1464\" data-end=\"1502\">Educa\u021bie media \u0219i g\u00e2ndire critic\u0103:<\/strong><\/p><ul data-start=\"1505\" data-end=\"1773\"><li data-start=\"1505\" data-end=\"1773\"><p data-start=\"1507\" data-end=\"1773\"><strong data-start=\"1507\" data-end=\"1586\">Ateliere de educa\u021bie media \u0219i g\u00e2ndire critic\u0103 (Septembrie \u2013 Noiembrie 2025)<\/strong> \u2013 adresate unui num\u0103r minim de 200 de tineri (elevi \u0219i studen\u021bi), cu scopul de a dezvolta capacitatea de analiz\u0103 a informa\u021biilor \u0219i de recunoa\u0219tere a con\u021binutului fals sau manipulator.<\/p><\/li><\/ul><p data-start=\"1775\" data-end=\"1823\"><strong data-start=\"1775\" data-end=\"1821\">Formare pentru p\u0103rin\u021bi \u0219i cadre didactice:<\/strong><\/p><ul data-start=\"1824\" data-end=\"2089\"><li data-start=\"1824\" data-end=\"2089\"><p data-start=\"1826\" data-end=\"2089\"><strong data-start=\"1826\" data-end=\"1920\">Training \u201eSiguran\u021b\u0103 online \u0219i consum con\u0219tient de informa\u021bii\u201d (Octombrie \u2013 Noiembrie 2025)<\/strong> \u2013 sesiuni de formare destinate unui num\u0103r de minimum 50 de p\u0103rin\u021bi \u0219i 20 de profesori, axate pe metode de educa\u021bie digital\u0103 \u0219i protejarea tinerilor \u00een mediul virtual.<\/p><\/li><\/ul><p data-start=\"2091\" data-end=\"2131\"><strong data-start=\"2091\" data-end=\"2129\">Campanie de sensibilizare public\u0103:<\/strong><\/p><ul data-start=\"2132\" data-end=\"2357\"><li data-start=\"2132\" data-end=\"2357\"><p data-start=\"2134\" data-end=\"2357\"><strong data-start=\"2134\" data-end=\"2207\">Campania \u201eVerific \u00eenainte s\u0103 Distribui\u201d (Septembrie \u2013 Noiembrie 2025)<\/strong> \u2013 desf\u0103\u0219urat\u0103 at\u00e2t online, c\u00e2t \u0219i offline, cu scopul de a informa \u0219i responsabiliza cel pu\u021bin 1000 de persoane \u00een privin\u021ba efectelor dezinform\u0103rii.<\/p><\/li><\/ul><p data-start=\"2359\" data-end=\"2394\"><strong data-start=\"2359\" data-end=\"2392\">Dialog \u0219i participare civic\u0103:<\/strong><\/p><ul data-start=\"2395\" data-end=\"2662\"><li data-start=\"2395\" data-end=\"2662\"><p data-start=\"2397\" data-end=\"2662\"><strong data-start=\"2397\" data-end=\"2489\">Dezbaterea public\u0103 \u201eCum alegem informa\u021biile care conteaz\u0103?\u201d (Octombrie \u2013 Noiembrie 2025)<\/strong> \u2013 eveniment dedicat schimbului de idei \u00eentre tineri, profesori, p\u0103rin\u021bi \u0219i exper\u021bi \u00een domeniul comunic\u0103rii \u0219i educa\u021biei media, cu un num\u0103r estimat de 200 de participan\u021bi.<\/p><\/li><\/ul><h3 data-start=\"2669\" data-end=\"2696\">Impactul proiectului:<\/h3><p data-start=\"2697\" data-end=\"3154\">Proiectul contribuie la dezvoltarea unei comunit\u0103\u021bi mai informate, mai responsabile \u0219i mai reziliente \u00een fa\u021ba dezinform\u0103rii. Participan\u021bii vor dob\u00e2ndi competen\u021be de analiz\u0103 critic\u0103, discern\u0103m\u00e2nt digital \u0219i implicare civic\u0103, elemente esen\u021biale pentru o societate democratic\u0103 \u0219i participativ\u0103.<br data-start=\"2988\" data-end=\"2991\" \/>De asemenea, proiectul va consolida colaborarea \u00eentre tineri, profesori, p\u0103rin\u021bi \u0219i institu\u021bii publice, stimul\u00e2nd comunicarea deschis\u0103 \u0219i educa\u021bia pentru adev\u0103r.<\/p><h3 data-start=\"3161\" data-end=\"3177\">Parteneri:<\/h3><p data-start=\"3178\" data-end=\"3351\">Cel pu\u021bin dou\u0103 unit\u0103\u021bi de \u00eenv\u0103\u021b\u0103m\u00e2nt din T\u00e2rgu-Jiu \u0219i <strong data-start=\"3232\" data-end=\"3279\">Consiliul Na\u021bional al Audiovizualului (CNA)<\/strong>. Activit\u0103\u021bile vor fi sprijinite de o echip\u0103 format\u0103 din 10 voluntari.<\/p><p data-start=\"3358\" data-end=\"3601\"><strong data-start=\"3358\" data-end=\"3458\">Proiectul este realizat cu sprijinul UAT Municipiul T\u00e2rgu Jiu \u0219i al Consiliului Local T\u00e2rgu Jiu.<\/strong><br data-start=\"3458\" data-end=\"3461\" \/>Con\u021binutul acestui proiect nu reflect\u0103 neap\u0103rat pozi\u021bia UAT Municipiul T\u00e2rgu Jiu \u0219i nu implic\u0103 nicio responsabilitate din partea acesteia.<\/p><p data-start=\"3603\" data-end=\"3757\">Pentru mai multe informa\u021bii:<br data-start=\"3631\" data-end=\"3634\" \/>\ud83c\udf10 <a class=\"decorated-link\" href=\"https:\/\/4ader.ro\" target=\"_new\" rel=\"noopener\" data-start=\"3637\" data-end=\"3673\">https:\/\/4ader.ro<\/a><br data-start=\"3673\" data-end=\"3676\" \/>\ud83d\udcf1 <a class=\"decorated-link\" href=\"https:\/\/www.facebook.com\/ADERTarguJiu\" target=\"_new\" rel=\"noopener\" data-start=\"3679\" data-end=\"3757\">https:\/\/www.facebook.com\/ADERTarguJiu<\/a><\/p>\t\t\t\t\t\t\t\t<\/div>\n\t\t\t\t<\/div>\n\t\t\t\t<div class=\"elementor-element elementor-element-52439d5 elementor-arrows-position-inside elementor-pagination-position-outside elementor-widget elementor-widget-image-carousel\" data-id=\"52439d5\" data-element_type=\"widget\" data-settings=\"{&quot;autoplay_speed&quot;:1000,&quot;image_spacing_custom&quot;:{&quot;unit&quot;:&quot;px&quot;,&quot;size&quot;:34,&quot;sizes&quot;:[]},&quot;navigation&quot;:&quot;both&quot;,&quot;autoplay&quot;:&quot;yes&quot;,&quot;pause_on_hover&quot;:&quot;yes&quot;,&quot;pause_on_interaction&quot;:&quot;yes&quot;,&quot;infinite&quot;:&quot;yes&quot;,&quot;speed&quot;:500,&quot;image_spacing_custom_tablet&quot;:{&quot;unit&quot;:&quot;px&quot;,&quot;size&quot;:&quot;&quot;,&quot;sizes&quot;:[]},&quot;image_spacing_custom_mobile&quot;:{&quot;unit&quot;:&quot;px&quot;,&quot;size&quot;:&quot;&quot;,&quot;sizes&quot;:[]}}\" data-widget_type=\"image-carousel.default\">\n\t\t\t\t<div class=\"elementor-widget-container\">\n\t\t\t\t\t\t\t<div class=\"elementor-image-carousel-wrapper swiper\" role=\"region\" aria-roledescription=\"carousel\" aria-label=\"Image Carousel\" dir=\"ltr\">\n\t\t\t<div class=\"elementor-image-carousel swiper-wrapper\" aria-live=\"off\">\n\t\t\t\t\t\t\t\t<div class=\"swiper-slide\" role=\"group\" aria-roledescription=\"slide\" aria-label=\"1 of 13\"><figure class=\"swiper-slide-inner\"><img decoding=\"async\" class=\"swiper-slide-image\" src=\"https:\/\/4ader.ro\/wp-content\/uploads\/2025\/10\/558317842_841355541581086_4703590439761635198_n.jpg\" alt=\"558317842_841355541581086_4703590439761635198_n\" \/><\/figure><\/div><div class=\"swiper-slide\" role=\"group\" aria-roledescription=\"slide\" aria-label=\"2 of 13\"><figure class=\"swiper-slide-inner\"><img decoding=\"async\" class=\"swiper-slide-image\" src=\"https:\/\/4ader.ro\/wp-content\/uploads\/2025\/10\/558845338_841355414914432_4155066657107985789_n.jpg\" alt=\"558845338_841355414914432_4155066657107985789_n\" \/><\/figure><\/div><div class=\"swiper-slide\" role=\"group\" aria-roledescription=\"slide\" aria-label=\"3 of 13\"><figure class=\"swiper-slide-inner\"><img decoding=\"async\" class=\"swiper-slide-image\" src=\"https:\/\/4ader.ro\/wp-content\/uploads\/2025\/10\/556762287_841355308247776_7872110254499986310_n.jpg\" alt=\"556762287_841355308247776_7872110254499986310_n\" \/><\/figure><\/div><div class=\"swiper-slide\" role=\"group\" aria-roledescription=\"slide\" aria-label=\"4 of 13\"><figure class=\"swiper-slide-inner\"><img decoding=\"async\" class=\"swiper-slide-image\" src=\"https:\/\/4ader.ro\/wp-content\/uploads\/2025\/10\/558201107_841355178247789_6090313380758572865_n.jpg\" alt=\"558201107_841355178247789_6090313380758572865_n\" \/><\/figure><\/div><div class=\"swiper-slide\" role=\"group\" aria-roledescription=\"slide\" aria-label=\"5 of 13\"><figure class=\"swiper-slide-inner\"><img decoding=\"async\" class=\"swiper-slide-image\" src=\"https:\/\/4ader.ro\/wp-content\/uploads\/2025\/10\/561015248_841355088247798_1279483487221140043_n.jpg\" alt=\"561015248_841355088247798_1279483487221140043_n\" \/><\/figure><\/div><div class=\"swiper-slide\" role=\"group\" aria-roledescription=\"slide\" aria-label=\"6 of 13\"><figure class=\"swiper-slide-inner\"><img decoding=\"async\" class=\"swiper-slide-image\" src=\"https:\/\/4ader.ro\/wp-content\/uploads\/2025\/10\/559553571_842313678151939_3563379219689385537_n.jpg\" alt=\"559553571_842313678151939_3563379219689385537_n\" \/><\/figure><\/div><div class=\"swiper-slide\" role=\"group\" aria-roledescription=\"slide\" aria-label=\"7 of 13\"><figure class=\"swiper-slide-inner\"><img decoding=\"async\" class=\"swiper-slide-image\" src=\"https:\/\/4ader.ro\/wp-content\/uploads\/2025\/10\/558080123_842313544818619_4364342082811186591_n.jpg\" alt=\"558080123_842313544818619_4364342082811186591_n\" \/><\/figure><\/div><div class=\"swiper-slide\" role=\"group\" aria-roledescription=\"slide\" aria-label=\"8 of 13\"><figure class=\"swiper-slide-inner\"><img decoding=\"async\" class=\"swiper-slide-image\" src=\"https:\/\/4ader.ro\/wp-content\/uploads\/2025\/10\/558160055_842313434818630_8059975817063460399_n.jpg\" alt=\"558160055_842313434818630_8059975817063460399_n\" \/><\/figure><\/div><div class=\"swiper-slide\" role=\"group\" aria-roledescription=\"slide\" aria-label=\"9 of 13\"><figure class=\"swiper-slide-inner\"><img decoding=\"async\" class=\"swiper-slide-image\" src=\"https:\/\/4ader.ro\/wp-content\/uploads\/2025\/10\/560156699_843761854673788_855793145430296611_n.jpg\" alt=\"560156699_843761854673788_855793145430296611_n\" \/><\/figure><\/div><div class=\"swiper-slide\" role=\"group\" aria-roledescription=\"slide\" aria-label=\"10 of 13\"><figure class=\"swiper-slide-inner\"><img decoding=\"async\" class=\"swiper-slide-image\" src=\"https:\/\/4ader.ro\/wp-content\/uploads\/2025\/10\/561253820_843761858007121_858859704195311951_n.jpg\" alt=\"561253820_843761858007121_858859704195311951_n\" \/><\/figure><\/div><div class=\"swiper-slide\" role=\"group\" aria-roledescription=\"slide\" aria-label=\"11 of 13\"><figure class=\"swiper-slide-inner\"><img decoding=\"async\" class=\"swiper-slide-image\" src=\"https:\/\/4ader.ro\/wp-content\/uploads\/2025\/10\/559039004_843761828007124_2920123391228467956_n.jpg\" alt=\"559039004_843761828007124_2920123391228467956_n\" \/><\/figure><\/div><div class=\"swiper-slide\" role=\"group\" aria-roledescription=\"slide\" aria-label=\"12 of 13\"><figure class=\"swiper-slide-inner\"><img decoding=\"async\" class=\"swiper-slide-image\" src=\"https:\/\/4ader.ro\/wp-content\/uploads\/2025\/10\/559556072_841931831523457_7866089859386187056_n.jpg\" alt=\"559556072_841931831523457_7866089859386187056_n\" \/><\/figure><\/div><div class=\"swiper-slide\" role=\"group\" aria-roledescription=\"slide\" aria-label=\"13 of 13\"><figure class=\"swiper-slide-inner\"><img decoding=\"async\" class=\"swiper-slide-image\" src=\"https:\/\/4ader.ro\/wp-content\/uploads\/2025\/10\/558863956_841931768190130_3649431043032488318_n.jpg\" alt=\"558863956_841931768190130_3649431043032488318_n\" \/><\/figure><\/div>\t\t\t<\/div>\n\t\t\t\t\t\t\t\t\t\t\t\t<div class=\"elementor-swiper-button elementor-swiper-button-prev\" role=\"button\" tabindex=\"0\">\n\t\t\t\t\t\t<svg aria-hidden=\"true\" class=\"e-font-icon-svg e-eicon-chevron-left\" viewBox=\"0 0 1000 1000\" xmlns=\"http:\/\/www.w3.org\/2000\/svg\"><path d=\"M646 125C629 125 613 133 604 142L308 442C296 454 292 471 292 487 292 504 296 521 308 533L604 854C617 867 629 875 646 875 663 875 679 871 692 858 704 846 713 829 713 812 713 796 708 779 692 767L438 487 692 225C700 217 708 204 708 187 708 171 704 154 692 142 675 129 663 125 646 125Z\"><\/path><\/svg>\t\t\t\t\t<\/div>\n\t\t\t\t\t<div class=\"elementor-swiper-button elementor-swiper-button-next\" role=\"button\" tabindex=\"0\">\n\t\t\t\t\t\t<svg aria-hidden=\"true\" class=\"e-font-icon-svg e-eicon-chevron-right\" viewBox=\"0 0 1000 1000\" xmlns=\"http:\/\/www.w3.org\/2000\/svg\"><path d=\"M696 533C708 521 713 504 713 487 713 471 708 454 696 446L400 146C388 133 375 125 354 125 338 125 325 129 313 142 300 154 292 171 292 187 292 204 296 221 308 233L563 492 304 771C292 783 288 800 288 817 288 833 296 850 308 863 321 871 338 875 354 875 371 875 388 867 400 854L696 533Z\"><\/path><\/svg>\t\t\t\t\t<\/div>\n\t\t\t\t\n\t\t\t\t\t\t\t\t\t<div class=\"swiper-pagination\"><\/div>\n\t\t\t\t\t\t\t\t\t<\/div>\n\t\t\t\t\t\t<\/div>\n\t\t\t\t<\/div>\n\t\t\t\t<div class=\"elementor-element elementor-element-a872d84 elementor-widget elementor-widget-spacer\" data-id=\"a872d84\" data-element_type=\"widget\" data-widget_type=\"spacer.default\">\n\t\t\t\t<div class=\"elementor-widget-container\">\n\t\t\t\t\t\t\t<div class=\"elementor-spacer\">\n\t\t\t<div class=\"elementor-spacer-inner\"><\/div>\n\t\t<\/div>\n\t\t\t\t\t\t<\/div>\n\t\t\t\t<\/div>\n\t\t\t\t<\/div>\n\t\t\t\t<\/div>\n\t\t","protected":false},"excerpt":{"rendered":"<p>G\u00e2ndire critic\u0103 pentru o comunitate participativ\u0103 Perioada: Septembrie \u2013 Decembrie 2025Loca\u021bie: Municipiul T\u00e2rgu-Jiu Scopul proiectului este de a dezvolta competen\u021bele de g\u00e2ndire critic\u0103, analiz\u0103 \u0219i implicare civic\u0103 \u00een r\u00e2ndul tinerilor, profesorilor \u0219i p\u0103rin\u021bilor din T\u00e2rgu-Jiu. Prin activit\u0103\u021bi educa\u021bionale \u0219i campanii de con\u0219tientizare, proiectul urm\u0103re\u0219te formarea unei comunit\u0103\u021bi informate, capabile s\u0103 navigheze \u00een siguran\u021b\u0103 \u00een mediul&#8230;<\/p>\n","protected":false},"author":2,"featured_media":0,"parent":0,"menu_order":0,"comment_status":"closed","ping_status":"closed","template":"","meta":{"_kad_post_transparent":"","_kad_post_title":"hide","_kad_post_layout":"fullwidth","_kad_post_sidebar_id":"","_kad_post_content_style":"unboxed","_kad_post_vertical_padding":"hide","_kad_post_feature":"hide","_kad_post_feature_position":"","_kad_post_header":false,"_kad_post_footer":false,"_kad_post_classname":"","footnotes":""},"class_list":["post-2297","page","type-page","status-publish","hentry"],"rttpg_featured_image_url":null,"rttpg_author":{"display_name":"Calina Denis","author_link":"https:\/\/4ader.ro\/index.php\/author\/denis_1\/"},"rttpg_comment":0,"rttpg_category":null,"rttpg_excerpt":"G\u00e2ndire critic\u0103 pentru o comunitate participativ\u0103 Perioada: Septembrie \u2013 Decembrie 2025Loca\u021bie: Municipiul T\u00e2rgu-Jiu Scopul proiectului este de a dezvolta competen\u021bele de g\u00e2ndire critic\u0103, analiz\u0103 \u0219i implicare civic\u0103 \u00een r\u00e2ndul tinerilor, profesorilor \u0219i p\u0103rin\u021bilor din T\u00e2rgu-Jiu. Prin activit\u0103\u021bi educa\u021bionale \u0219i campanii de con\u0219tientizare, proiectul urm\u0103re\u0219te formarea unei comunit\u0103\u021bi informate, capabile s\u0103 navigheze \u00een siguran\u021b\u0103 \u00een mediul...","_links":{"self":[{"href":"https:\/\/4ader.ro\/index.php\/wp-json\/wp\/v2\/pages\/2297","targetHints":{"allow":["GET"]}}],"collection":[{"href":"https:\/\/4ader.ro\/index.php\/wp-json\/wp\/v2\/pages"}],"about":[{"href":"https:\/\/4ader.ro\/index.php\/wp-json\/wp\/v2\/types\/page"}],"author":[{"embeddable":true,"href":"https:\/\/4ader.ro\/index.php\/wp-json\/wp\/v2\/users\/2"}],"replies":[{"embeddable":true,"href":"https:\/\/4ader.ro\/index.php\/wp-json\/wp\/v2\/comments?post=2297"}],"version-history":[{"count":7,"href":"https:\/\/4ader.ro\/index.php\/wp-json\/wp\/v2\/pages\/2297\/revisions"}],"predecessor-version":[{"id":2326,"href":"https:\/\/4ader.ro\/index.php\/wp-json\/wp\/v2\/pages\/2297\/revisions\/2326"}],"wp:attachment":[{"href":"https:\/\/4ader.ro\/index.php\/wp-json\/wp\/v2\/media?parent=2297"}],"curies":[{"name":"wp","href":"https:\/\/api.w.org\/{rel}","templated":true}]}}