{"id":2296,"date":"2025-10-13T09:14:44","date_gmt":"2025-10-13T06:14:44","guid":{"rendered":"https:\/\/4ader.ro\/?page_id=2296"},"modified":"2025-10-13T09:21:09","modified_gmt":"2025-10-13T06:21:09","slug":"artterapie","status":"publish","type":"page","link":"https:\/\/4ader.ro\/index.php\/artterapie\/","title":{"rendered":"ArtTerapie"},"content":{"rendered":"\t\t<div data-elementor-type=\"wp-page\" data-elementor-id=\"2296\" class=\"elementor elementor-2296\">\n\t\t\t\t<div class=\"elementor-element elementor-element-6b7413c e-con-full e-flex e-con e-parent\" data-id=\"6b7413c\" data-element_type=\"container\" data-settings=\"{&quot;background_background&quot;:&quot;classic&quot;}\">\n\t\t\t\t<div class=\"elementor-element elementor-element-df78692 elementor-widget elementor-widget-heading\" data-id=\"df78692\" data-element_type=\"widget\" data-widget_type=\"heading.default\">\n\t\t\t\t<div class=\"elementor-widget-container\">\n\t\t\t\t\t<h2 class=\"elementor-heading-title elementor-size-default\">ArtTerapie<\/h2>\t\t\t\t<\/div>\n\t\t\t\t<\/div>\n\t\t\t\t<div class=\"elementor-element elementor-element-fac28ec elementor-widget elementor-widget-text-editor\" data-id=\"fac28ec\" data-element_type=\"widget\" data-widget_type=\"text-editor.default\">\n\t\t\t\t<div class=\"elementor-widget-container\">\n\t\t\t\t\t\t\t\t\t<p data-start=\"282\" data-end=\"354\"><strong data-start=\"282\" data-end=\"295\">Perioada:<\/strong> 1 august \u2013 30 noiembrie 2025<\/p><p data-start=\"282\" data-end=\"354\">Scopul proiectului este de a sprijini dezvoltarea emo\u021bional\u0103, personal\u0103 \u0219i creativ\u0103 a copiilor \u0219i tinerilor din jude\u021bul Gorj, prin utilizarea artei \u2013 \u00een special a ol\u0103ritului \u2013 ca instrument de expresie, explorare \u0219i vindecare interioar\u0103. Proiectul promoveaz\u0103 beneficiile terapiei prin art\u0103 ca metod\u0103 nonformal\u0103 de \u00eenv\u0103\u021bare \u0219i autocunoa\u0219tere.<\/p><h3 data-start=\"706\" data-end=\"720\">Context:<\/h3><p data-start=\"721\" data-end=\"1333\">Asocia\u021bia pentru Democra\u021bie Educa\u021bie Respect (ADER) implementeaz\u0103 proiectul <strong data-start=\"797\" data-end=\"814\">\u201eArt Terapie\u201d<\/strong>, o ini\u021biativ\u0103 menit\u0103 s\u0103 ofere participan\u021bilor o experien\u021b\u0103 educa\u021bional\u0103 \u0219i terapeutic\u0103 unic\u0103, bazat\u0103 pe creativitate \u0219i me\u0219te\u0219ug tradi\u021bional.<br data-start=\"956\" data-end=\"959\" \/>Proiectul este <strong data-start=\"974\" data-end=\"1015\">cofinan\u021bat de Consiliul Jude\u021bean Gorj<\/strong>, conform prevederilor Legii nr. 350\/2005 privind regimul finan\u021b\u0103rilor nerambursabile din fonduri publice alocate pentru activit\u0103\u021bi nonprofit de interes general.<br data-start=\"1176\" data-end=\"1179\" \/>Prin acest demers, ADER aduce \u00een prim-plan ol\u0103ritul ca form\u0103 de echilibru interior, de con\u0219tientizare emo\u021bional\u0103 \u0219i de reconectare cu tradi\u021biile locale.<\/p><h3 data-start=\"1340\" data-end=\"1393\">Activit\u0103\u021bile principale ale proiectului includ:<\/h3><p data-start=\"1395\" data-end=\"1613\"><strong data-start=\"1395\" data-end=\"1434\">Ateliere de crea\u021bie \u00een jude\u021bul Gorj<\/strong><br data-start=\"1434\" data-end=\"1437\" \/>\u2013 organizarea de sesiuni de art-terapie pentru aproximativ <strong data-start=\"1496\" data-end=\"1522\">250 de copii \u0219i tineri<\/strong>, care vor \u00eenv\u0103\u021ba s\u0103 modeleze lutul \u0219i s\u0103 se exprime prin intermediul crea\u021biei artistice.<\/p><p data-start=\"1615\" data-end=\"1817\"><strong data-start=\"1615\" data-end=\"1670\">Activit\u0103\u021bi de con\u0219tientizare \u0219i educa\u021bie nonformal\u0103<\/strong><br data-start=\"1670\" data-end=\"1673\" \/>\u2013 promovarea artei ca mijloc de exprimare personal\u0103 \u0219i emo\u021bional\u0103, deschis\u0103 tuturor, indiferent de v\u00e2rst\u0103, experien\u021b\u0103 sau abilit\u0103\u021bi artistice.<\/p><p data-start=\"1819\" data-end=\"2004\"><strong data-start=\"1819\" data-end=\"1855\">\u00cent\u00e2lniri cu me\u0219te\u0219ugarii locali<\/strong><br data-start=\"1855\" data-end=\"1858\" \/>\u2013 participan\u021bii vor descoperi tradi\u021biile ol\u0103ritului gorjenesc \u0219i vor fi \u00eencuraja\u021bi s\u0103 continue aceast\u0103 form\u0103 de art\u0103, transmi\u021b\u00e2nd-o mai departe.<\/p><h3 data-start=\"2011\" data-end=\"2038\">Impactul proiectului:<\/h3><p data-start=\"2039\" data-end=\"2253\">Proiectul contribuie la <strong data-start=\"2063\" data-end=\"2100\">reducerea stresului \u0219i anxiet\u0103\u021bii<\/strong>, la <strong data-start=\"2105\" data-end=\"2142\">\u00eembun\u0103t\u0103\u021birea con\u0219tiin\u021bei de sine<\/strong> \u0219i la <strong data-start=\"2149\" data-end=\"2187\">dezvoltarea rezilien\u021bei emo\u021bionale<\/strong> a tinerilor. Prin ol\u0103rit \u0219i activit\u0103\u021bi creative, participan\u021bii:<\/p><ul data-start=\"2254\" data-end=\"2478\"><li data-start=\"2254\" data-end=\"2296\"><p data-start=\"2256\" data-end=\"2296\">\u00ee\u0219i dezvolt\u0103 r\u0103bdarea \u0219i concentrarea;<\/p><\/li><li data-start=\"2297\" data-end=\"2353\"><p data-start=\"2299\" data-end=\"2353\">experimenteaz\u0103 calmul \u0219i prezen\u021ba \u00een \u201eaici \u0219i acum\u201d;<\/p><\/li><li data-start=\"2354\" data-end=\"2416\"><p data-start=\"2356\" data-end=\"2416\">\u00ee\u0219i exprim\u0103 emo\u021biile f\u0103r\u0103 cuvinte, prin gesturi simbolice;<\/p><\/li><li data-start=\"2417\" data-end=\"2478\"><p data-start=\"2419\" data-end=\"2478\">\u00ee\u0219i recap\u0103t\u0103 \u00eencrederea \u00een sine prin procesul de crea\u021bie.<\/p><\/li><\/ul><p data-start=\"2480\" data-end=\"2617\">\u201eOl\u0103ritul nu este doar o activitate artistic\u0103 \u2013 este un spa\u021biu sigur, unde m\u00e2inile modeleaz\u0103 nu doar lutul, ci \u0219i echilibrul interior.\u201d<\/p><h3 data-start=\"2624\" data-end=\"2642\">Beneficiari:<\/h3><p data-start=\"2643\" data-end=\"2823\">Copii \u0219i tineri din jude\u021bul Gorj (aproximativ 250 de participan\u021bi), dar \u0219i persoane interesate de dezvoltarea personal\u0103, exprimarea liber\u0103 \u0219i reechilibrarea emo\u021bional\u0103 prin art\u0103.<\/p><h3 data-start=\"2830\" data-end=\"2846\">Parteneri:<\/h3><p data-start=\"2847\" data-end=\"2923\">Me\u0219te\u0219ugari locali, institu\u021bii educa\u021bionale \u0219i culturale din jude\u021bul Gorj.<\/p><p data-start=\"2930\" data-end=\"3013\"><strong data-start=\"2930\" data-end=\"2957\">Proiect implementat de:<\/strong><br data-start=\"2957\" data-end=\"2960\" \/>Asocia\u021bia pentru Democra\u021bie Educa\u021bie Respect (ADER)<\/p><p data-start=\"3015\" data-end=\"3222\"><strong data-start=\"3015\" data-end=\"3078\">Proiect cofinan\u021bat din bugetul Jude\u021bului Gorj pe anul 2025.<\/strong><br data-start=\"3078\" data-end=\"3081\" \/>Con\u021binutul acestui proiect nu reflect\u0103 neap\u0103rat pozi\u021bia Consiliului Jude\u021bean Gorj \u0219i nu implic\u0103 nicio responsabilitate din partea acestuia.<\/p>\t\t\t\t\t\t\t\t<\/div>\n\t\t\t\t<\/div>\n\t\t\t\t<div class=\"elementor-element elementor-element-a1b7352 elementor-arrows-position-inside elementor-pagination-position-outside elementor-widget elementor-widget-image-carousel\" data-id=\"a1b7352\" data-element_type=\"widget\" data-settings=\"{&quot;autoplay_speed&quot;:1000,&quot;navigation&quot;:&quot;both&quot;,&quot;autoplay&quot;:&quot;yes&quot;,&quot;pause_on_hover&quot;:&quot;yes&quot;,&quot;pause_on_interaction&quot;:&quot;yes&quot;,&quot;infinite&quot;:&quot;yes&quot;,&quot;speed&quot;:500,&quot;image_spacing_custom&quot;:{&quot;unit&quot;:&quot;px&quot;,&quot;size&quot;:20,&quot;sizes&quot;:[]},&quot;image_spacing_custom_tablet&quot;:{&quot;unit&quot;:&quot;px&quot;,&quot;size&quot;:&quot;&quot;,&quot;sizes&quot;:[]},&quot;image_spacing_custom_mobile&quot;:{&quot;unit&quot;:&quot;px&quot;,&quot;size&quot;:&quot;&quot;,&quot;sizes&quot;:[]}}\" data-widget_type=\"image-carousel.default\">\n\t\t\t\t<div class=\"elementor-widget-container\">\n\t\t\t\t\t\t\t<div class=\"elementor-image-carousel-wrapper swiper\" role=\"region\" aria-roledescription=\"carousel\" aria-label=\"Image Carousel\" dir=\"ltr\">\n\t\t\t<div class=\"elementor-image-carousel swiper-wrapper\" aria-live=\"off\">\n\t\t\t\t\t\t\t\t<div class=\"swiper-slide\" role=\"group\" aria-roledescription=\"slide\" aria-label=\"1 of 20\"><figure class=\"swiper-slide-inner\"><img decoding=\"async\" class=\"swiper-slide-image\" src=\"https:\/\/4ader.ro\/wp-content\/uploads\/2025\/10\/558888663_839681321748508_8842184578056403028_n-1.jpg\" alt=\"558888663_839681321748508_8842184578056403028_n (1)\" \/><\/figure><\/div><div class=\"swiper-slide\" role=\"group\" aria-roledescription=\"slide\" aria-label=\"2 of 20\"><figure class=\"swiper-slide-inner\"><img decoding=\"async\" class=\"swiper-slide-image\" src=\"https:\/\/4ader.ro\/wp-content\/uploads\/2025\/10\/557970628_839681328415174_2454888960866803943_n-1.jpg\" alt=\"557970628_839681328415174_2454888960866803943_n (1)\" \/><\/figure><\/div><div class=\"swiper-slide\" role=\"group\" aria-roledescription=\"slide\" aria-label=\"3 of 20\"><figure class=\"swiper-slide-inner\"><img decoding=\"async\" class=\"swiper-slide-image\" src=\"https:\/\/4ader.ro\/wp-content\/uploads\/2025\/10\/558149948_839681325081841_1841238776364525499_n-1.jpg\" alt=\"558149948_839681325081841_1841238776364525499_n (1)\" \/><\/figure><\/div><div class=\"swiper-slide\" role=\"group\" aria-roledescription=\"slide\" aria-label=\"4 of 20\"><figure class=\"swiper-slide-inner\"><img decoding=\"async\" class=\"swiper-slide-image\" src=\"https:\/\/4ader.ro\/wp-content\/uploads\/2025\/10\/558683557_839681478415159_6676088429604735017_n.jpg\" alt=\"558683557_839681478415159_6676088429604735017_n\" \/><\/figure><\/div><div class=\"swiper-slide\" role=\"group\" aria-roledescription=\"slide\" aria-label=\"5 of 20\"><figure class=\"swiper-slide-inner\"><img decoding=\"async\" class=\"swiper-slide-image\" src=\"https:\/\/4ader.ro\/wp-content\/uploads\/2025\/10\/557317145_839681405081833_2493985006229542440_n.jpg\" alt=\"557317145_839681405081833_2493985006229542440_n\" \/><\/figure><\/div><div class=\"swiper-slide\" role=\"group\" aria-roledescription=\"slide\" aria-label=\"6 of 20\"><figure class=\"swiper-slide-inner\"><img decoding=\"async\" class=\"swiper-slide-image\" src=\"https:\/\/4ader.ro\/wp-content\/uploads\/2025\/10\/558449268_839681401748500_748187669628638280_n.jpg\" alt=\"558449268_839681401748500_748187669628638280_n\" \/><\/figure><\/div><div class=\"swiper-slide\" role=\"group\" aria-roledescription=\"slide\" aria-label=\"7 of 20\"><figure class=\"swiper-slide-inner\"><img decoding=\"async\" class=\"swiper-slide-image\" src=\"https:\/\/4ader.ro\/wp-content\/uploads\/2025\/10\/558577959_839681398415167_5840876869446378495_n.jpg\" alt=\"558577959_839681398415167_5840876869446378495_n\" \/><\/figure><\/div><div class=\"swiper-slide\" role=\"group\" aria-roledescription=\"slide\" aria-label=\"8 of 20\"><figure class=\"swiper-slide-inner\"><img decoding=\"async\" class=\"swiper-slide-image\" src=\"https:\/\/4ader.ro\/wp-content\/uploads\/2025\/10\/558888663_839681321748508_8842184578056403028_n.jpg\" alt=\"558888663_839681321748508_8842184578056403028_n\" \/><\/figure><\/div><div class=\"swiper-slide\" role=\"group\" aria-roledescription=\"slide\" aria-label=\"9 of 20\"><figure class=\"swiper-slide-inner\"><img decoding=\"async\" class=\"swiper-slide-image\" src=\"https:\/\/4ader.ro\/wp-content\/uploads\/2025\/10\/557970628_839681328415174_2454888960866803943_n.jpg\" alt=\"557970628_839681328415174_2454888960866803943_n\" \/><\/figure><\/div><div class=\"swiper-slide\" role=\"group\" aria-roledescription=\"slide\" aria-label=\"10 of 20\"><figure class=\"swiper-slide-inner\"><img decoding=\"async\" class=\"swiper-slide-image\" src=\"https:\/\/4ader.ro\/wp-content\/uploads\/2025\/10\/558149948_839681325081841_1841238776364525499_n.jpg\" alt=\"558149948_839681325081841_1841238776364525499_n\" \/><\/figure><\/div><div class=\"swiper-slide\" role=\"group\" aria-roledescription=\"slide\" aria-label=\"11 of 20\"><figure class=\"swiper-slide-inner\"><img decoding=\"async\" class=\"swiper-slide-image\" src=\"https:\/\/4ader.ro\/wp-content\/uploads\/2025\/10\/557408562_838754615174512_2534716956148452943_n.jpg\" alt=\"557408562_838754615174512_2534716956148452943_n\" \/><\/figure><\/div><div class=\"swiper-slide\" role=\"group\" aria-roledescription=\"slide\" aria-label=\"12 of 20\"><figure class=\"swiper-slide-inner\"><img decoding=\"async\" class=\"swiper-slide-image\" src=\"https:\/\/4ader.ro\/wp-content\/uploads\/2025\/10\/559416866_838754648507842_5363736415509097494_n.jpg\" alt=\"559416866_838754648507842_5363736415509097494_n\" \/><\/figure><\/div><div class=\"swiper-slide\" role=\"group\" aria-roledescription=\"slide\" aria-label=\"13 of 20\"><figure class=\"swiper-slide-inner\"><img decoding=\"async\" class=\"swiper-slide-image\" src=\"https:\/\/4ader.ro\/wp-content\/uploads\/2025\/10\/557585418_838754635174510_9046897146793835077_n.jpg\" alt=\"557585418_838754635174510_9046897146793835077_n\" \/><\/figure><\/div><div class=\"swiper-slide\" role=\"group\" aria-roledescription=\"slide\" aria-label=\"14 of 20\"><figure class=\"swiper-slide-inner\"><img decoding=\"async\" class=\"swiper-slide-image\" src=\"https:\/\/4ader.ro\/wp-content\/uploads\/2025\/10\/559309373_838754535174520_7587712876952159445_n-1.jpg\" alt=\"559309373_838754535174520_7587712876952159445_n (1)\" \/><\/figure><\/div><div class=\"swiper-slide\" role=\"group\" aria-roledescription=\"slide\" aria-label=\"15 of 20\"><figure class=\"swiper-slide-inner\"><img decoding=\"async\" class=\"swiper-slide-image\" src=\"https:\/\/4ader.ro\/wp-content\/uploads\/2025\/10\/559309373_838754535174520_7587712876952159445_n.jpg\" alt=\"559309373_838754535174520_7587712876952159445_n\" \/><\/figure><\/div><div class=\"swiper-slide\" role=\"group\" aria-roledescription=\"slide\" aria-label=\"16 of 20\"><figure class=\"swiper-slide-inner\"><img decoding=\"async\" class=\"swiper-slide-image\" src=\"https:\/\/4ader.ro\/wp-content\/uploads\/2025\/10\/557641105_838754531841187_6713216040301427623_n.jpg\" alt=\"557641105_838754531841187_6713216040301427623_n\" \/><\/figure><\/div><div class=\"swiper-slide\" role=\"group\" aria-roledescription=\"slide\" aria-label=\"17 of 20\"><figure class=\"swiper-slide-inner\"><img decoding=\"async\" class=\"swiper-slide-image\" src=\"https:\/\/4ader.ro\/wp-content\/uploads\/2025\/10\/558894567_838754505174523_5299257710118714085_n.jpg\" alt=\"558894567_838754505174523_5299257710118714085_n\" \/><\/figure><\/div><div class=\"swiper-slide\" role=\"group\" aria-roledescription=\"slide\" aria-label=\"18 of 20\"><figure class=\"swiper-slide-inner\"><img decoding=\"async\" class=\"swiper-slide-image\" src=\"https:\/\/4ader.ro\/wp-content\/uploads\/2025\/10\/558366967_838754431841197_751154100205395167_n.jpg\" alt=\"558366967_838754431841197_751154100205395167_n\" \/><\/figure><\/div><div class=\"swiper-slide\" role=\"group\" aria-roledescription=\"slide\" aria-label=\"19 of 20\"><figure class=\"swiper-slide-inner\"><img decoding=\"async\" class=\"swiper-slide-image\" src=\"https:\/\/4ader.ro\/wp-content\/uploads\/2025\/10\/558226801_838754428507864_8996269050942549329_n.jpg\" alt=\"558226801_838754428507864_8996269050942549329_n\" \/><\/figure><\/div><div class=\"swiper-slide\" role=\"group\" aria-roledescription=\"slide\" aria-label=\"20 of 20\"><figure class=\"swiper-slide-inner\"><img decoding=\"async\" class=\"swiper-slide-image\" src=\"https:\/\/4ader.ro\/wp-content\/uploads\/2025\/10\/560405266_838754408507866_7116016286567774071_n.jpg\" alt=\"560405266_838754408507866_7116016286567774071_n\" \/><\/figure><\/div>\t\t\t<\/div>\n\t\t\t\t\t\t\t\t\t\t\t\t<div class=\"elementor-swiper-button elementor-swiper-button-prev\" role=\"button\" tabindex=\"0\">\n\t\t\t\t\t\t<svg aria-hidden=\"true\" class=\"e-font-icon-svg e-eicon-chevron-left\" viewBox=\"0 0 1000 1000\" xmlns=\"http:\/\/www.w3.org\/2000\/svg\"><path d=\"M646 125C629 125 613 133 604 142L308 442C296 454 292 471 292 487 292 504 296 521 308 533L604 854C617 867 629 875 646 875 663 875 679 871 692 858 704 846 713 829 713 812 713 796 708 779 692 767L438 487 692 225C700 217 708 204 708 187 708 171 704 154 692 142 675 129 663 125 646 125Z\"><\/path><\/svg>\t\t\t\t\t<\/div>\n\t\t\t\t\t<div class=\"elementor-swiper-button elementor-swiper-button-next\" role=\"button\" tabindex=\"0\">\n\t\t\t\t\t\t<svg aria-hidden=\"true\" class=\"e-font-icon-svg e-eicon-chevron-right\" viewBox=\"0 0 1000 1000\" xmlns=\"http:\/\/www.w3.org\/2000\/svg\"><path d=\"M696 533C708 521 713 504 713 487 713 471 708 454 696 446L400 146C388 133 375 125 354 125 338 125 325 129 313 142 300 154 292 171 292 187 292 204 296 221 308 233L563 492 304 771C292 783 288 800 288 817 288 833 296 850 308 863 321 871 338 875 354 875 371 875 388 867 400 854L696 533Z\"><\/path><\/svg>\t\t\t\t\t<\/div>\n\t\t\t\t\n\t\t\t\t\t\t\t\t\t<div class=\"swiper-pagination\"><\/div>\n\t\t\t\t\t\t\t\t\t<\/div>\n\t\t\t\t\t\t<\/div>\n\t\t\t\t<\/div>\n\t\t\t\t<div class=\"elementor-element elementor-element-a872d84 elementor-widget elementor-widget-spacer\" data-id=\"a872d84\" data-element_type=\"widget\" data-widget_type=\"spacer.default\">\n\t\t\t\t<div class=\"elementor-widget-container\">\n\t\t\t\t\t\t\t<div class=\"elementor-spacer\">\n\t\t\t<div class=\"elementor-spacer-inner\"><\/div>\n\t\t<\/div>\n\t\t\t\t\t\t<\/div>\n\t\t\t\t<\/div>\n\t\t\t\t<\/div>\n\t\t\t\t<\/div>\n\t\t","protected":false},"excerpt":{"rendered":"<p>ArtTerapie Perioada: 1 august \u2013 30 noiembrie 2025 Scopul proiectului este de a sprijini dezvoltarea emo\u021bional\u0103, personal\u0103 \u0219i creativ\u0103 a copiilor \u0219i tinerilor din jude\u021bul Gorj, prin utilizarea artei \u2013 \u00een special a ol\u0103ritului \u2013 ca instrument de expresie, explorare \u0219i vindecare interioar\u0103. Proiectul promoveaz\u0103 beneficiile terapiei prin art\u0103 ca metod\u0103 nonformal\u0103 de \u00eenv\u0103\u021bare \u0219i&#8230;<\/p>\n","protected":false},"author":2,"featured_media":0,"parent":0,"menu_order":0,"comment_status":"closed","ping_status":"closed","template":"","meta":{"_kad_post_transparent":"","_kad_post_title":"hide","_kad_post_layout":"fullwidth","_kad_post_sidebar_id":"","_kad_post_content_style":"unboxed","_kad_post_vertical_padding":"hide","_kad_post_feature":"hide","_kad_post_feature_position":"","_kad_post_header":false,"_kad_post_footer":false,"_kad_post_classname":"","footnotes":""},"class_list":["post-2296","page","type-page","status-publish","hentry"],"rttpg_featured_image_url":null,"rttpg_author":{"display_name":"Calina Denis","author_link":"https:\/\/4ader.ro\/index.php\/author\/denis_1\/"},"rttpg_comment":0,"rttpg_category":null,"rttpg_excerpt":"ArtTerapie Perioada: 1 august \u2013 30 noiembrie 2025 Scopul proiectului este de a sprijini dezvoltarea emo\u021bional\u0103, personal\u0103 \u0219i creativ\u0103 a copiilor \u0219i tinerilor din jude\u021bul Gorj, prin utilizarea artei \u2013 \u00een special a ol\u0103ritului \u2013 ca instrument de expresie, explorare \u0219i vindecare interioar\u0103. Proiectul promoveaz\u0103 beneficiile terapiei prin art\u0103 ca metod\u0103 nonformal\u0103 de \u00eenv\u0103\u021bare \u0219i...","_links":{"self":[{"href":"https:\/\/4ader.ro\/index.php\/wp-json\/wp\/v2\/pages\/2296","targetHints":{"allow":["GET"]}}],"collection":[{"href":"https:\/\/4ader.ro\/index.php\/wp-json\/wp\/v2\/pages"}],"about":[{"href":"https:\/\/4ader.ro\/index.php\/wp-json\/wp\/v2\/types\/page"}],"author":[{"embeddable":true,"href":"https:\/\/4ader.ro\/index.php\/wp-json\/wp\/v2\/users\/2"}],"replies":[{"embeddable":true,"href":"https:\/\/4ader.ro\/index.php\/wp-json\/wp\/v2\/comments?post=2296"}],"version-history":[{"count":4,"href":"https:\/\/4ader.ro\/index.php\/wp-json\/wp\/v2\/pages\/2296\/revisions"}],"predecessor-version":[{"id":2351,"href":"https:\/\/4ader.ro\/index.php\/wp-json\/wp\/v2\/pages\/2296\/revisions\/2351"}],"wp:attachment":[{"href":"https:\/\/4ader.ro\/index.php\/wp-json\/wp\/v2\/media?parent=2296"}],"curies":[{"name":"wp","href":"https:\/\/api.w.org\/{rel}","templated":true}]}}