{"id":2247,"date":"2024-12-12T10:03:40","date_gmt":"2024-12-12T08:03:40","guid":{"rendered":"https:\/\/4ader.ro\/?page_id=2247"},"modified":"2024-12-12T10:06:47","modified_gmt":"2024-12-12T08:06:47","slug":"voluntar-in-targu-jiu","status":"publish","type":"page","link":"https:\/\/4ader.ro\/index.php\/voluntar-in-targu-jiu\/","title":{"rendered":"VOLUNTAR \u00ceN T\u00c2RGU-JIU"},"content":{"rendered":"\t\t<div data-elementor-type=\"wp-page\" data-elementor-id=\"2247\" class=\"elementor elementor-2247\">\n\t\t\t\t<div class=\"elementor-element elementor-element-6b7413c e-con-full e-flex e-con e-parent\" data-id=\"6b7413c\" data-element_type=\"container\" data-settings=\"{&quot;background_background&quot;:&quot;classic&quot;}\">\n\t\t\t\t<div class=\"elementor-element elementor-element-df78692 elementor-widget elementor-widget-heading\" data-id=\"df78692\" data-element_type=\"widget\" data-widget_type=\"heading.default\">\n\t\t\t\t<div class=\"elementor-widget-container\">\n\t\t\t\t\t<h2 class=\"elementor-heading-title elementor-size-default\">VOLUNTAR \u00ceN T\u00c2RGU-JIU <\/h2>\t\t\t\t<\/div>\n\t\t\t\t<\/div>\n\t\t\t\t<div class=\"elementor-element elementor-element-5ce37fa elementor-widget elementor-widget-text-editor\" data-id=\"5ce37fa\" data-element_type=\"widget\" data-widget_type=\"text-editor.default\">\n\t\t\t\t<div class=\"elementor-widget-container\">\n\t\t\t\t\t\t\t\t\t<p><strong>Voluntariatul<\/strong> este o excelent\u0103 oportunitate de a contribui la dezvoltarea oamenilor \u0219i a comunit\u0103\u021bilor.<\/p><p>Proiectul <strong>\u201eVOLUNTAR \u00ceN T\u00c2RGU-JIU\u201d<\/strong>, aflat la a doua edi\u021bie, vine ca un r\u0103spuns pentru <strong>nevoile reale ale comunit\u0103\u021bii locale<\/strong> \u00een care ADER activeaz\u0103. Acesta reprezint\u0103 o m\u0103sur\u0103 prin care ONG-ul \u0219i-a propus s\u0103 sprijine <strong>promovarea voluntariatului<\/strong>, av\u00e2nd <strong>efecte pozitive pe termen lung<\/strong> \u00een direc\u021biile strategice de <strong>\u00eenv\u0103\u021bare social\u0103<\/strong> \u0219i <strong>educa\u021bie civic\u0103<\/strong>.<\/p><p>\u00cen perioada <strong>septembrie &#8211; decembrie 2023<\/strong>, au avut loc urm\u0103toarele activit\u0103\u021bi destinate grupului \u021bint\u0103:<\/p><ul><li><strong>Seminar interactiv \u201eVoluntar \u00een T\u00e2rgu-Jiu\u201d<\/strong> (septembrie &#8211; noiembrie 2023)<\/li><li><strong>Training \u201eCoordonator de voluntari\u201d<\/strong> (noiembrie &#8211; decembrie 2023)<\/li><li><strong>Eveniment stradal Ziua Interna\u021bional\u0103 a Voluntariatului<\/strong> (decembrie 2023)<\/li><\/ul><p><em>Proiect realizat cu sprijinul UAT Municipiul T\u00e2rgu Jiu \u0219i al Consiliului Local T\u00e2rgu Jiu.<\/em><\/p><p>Con\u021binutul acestui proiect nu a reflectat neap\u0103rat pozi\u021bia <strong>UAT Municipiul T\u00e2rgu Jiu<\/strong> \u0219i nu a implicat nicio responsabilitate din partea acesteia.<\/p>\t\t\t\t\t\t\t\t<\/div>\n\t\t\t\t<\/div>\n\t\t<div class=\"elementor-element elementor-element-4d0da06 e-grid e-con-full e-con e-child\" data-id=\"4d0da06\" data-element_type=\"container\">\n\t\t\t\t<div class=\"elementor-element elementor-element-a17eb52 elementor-widget elementor-widget-image\" data-id=\"a17eb52\" data-element_type=\"widget\" data-widget_type=\"image.default\">\n\t\t\t\t<div class=\"elementor-widget-container\">\n\t\t\t\t\t\t\t\t\t\t\t\t\t\t\t<img fetchpriority=\"high\" decoding=\"async\" width=\"485\" height=\"583\" src=\"https:\/\/4ader.ro\/wp-content\/uploads\/2024\/12\/Screenshot-2024-12-12-100511.png\" class=\"attachment-large size-large wp-image-2276\" alt=\"\" srcset=\"https:\/\/4ader.ro\/wp-content\/uploads\/2024\/12\/Screenshot-2024-12-12-100511.png 485w, https:\/\/4ader.ro\/wp-content\/uploads\/2024\/12\/Screenshot-2024-12-12-100511-250x300.png 250w, https:\/\/4ader.ro\/wp-content\/uploads\/2024\/12\/Screenshot-2024-12-12-100511-200x240.png 200w\" sizes=\"(max-width: 485px) 100vw, 485px\" \/>\t\t\t\t\t\t\t\t\t\t\t\t\t\t\t<\/div>\n\t\t\t\t<\/div>\n\t\t\t\t<div class=\"elementor-element elementor-element-5a38e7f elementor-widget elementor-widget-image\" data-id=\"5a38e7f\" data-element_type=\"widget\" data-widget_type=\"image.default\">\n\t\t\t\t<div class=\"elementor-widget-container\">\n\t\t\t\t\t\t\t\t\t\t\t\t\t\t\t<img decoding=\"async\" width=\"355\" height=\"474\" src=\"https:\/\/4ader.ro\/wp-content\/uploads\/2024\/12\/Screenshot-2024-12-12-100450.png\" class=\"attachment-large size-large wp-image-2277\" alt=\"\" srcset=\"https:\/\/4ader.ro\/wp-content\/uploads\/2024\/12\/Screenshot-2024-12-12-100450.png 355w, https:\/\/4ader.ro\/wp-content\/uploads\/2024\/12\/Screenshot-2024-12-12-100450-225x300.png 225w, https:\/\/4ader.ro\/wp-content\/uploads\/2024\/12\/Screenshot-2024-12-12-100450-200x267.png 200w\" sizes=\"(max-width: 355px) 100vw, 355px\" \/>\t\t\t\t\t\t\t\t\t\t\t\t\t\t\t<\/div>\n\t\t\t\t<\/div>\n\t\t\t\t<div class=\"elementor-element elementor-element-8d0ed3a elementor-widget elementor-widget-image\" data-id=\"8d0ed3a\" data-element_type=\"widget\" data-widget_type=\"image.default\">\n\t\t\t\t<div class=\"elementor-widget-container\">\n\t\t\t\t\t\t\t\t\t\t\t\t\t\t\t<img decoding=\"async\" width=\"377\" height=\"281\" src=\"https:\/\/4ader.ro\/wp-content\/uploads\/2024\/12\/Screenshot-2024-12-12-100501.png\" class=\"attachment-large size-large wp-image-2275\" alt=\"\" srcset=\"https:\/\/4ader.ro\/wp-content\/uploads\/2024\/12\/Screenshot-2024-12-12-100501.png 377w, https:\/\/4ader.ro\/wp-content\/uploads\/2024\/12\/Screenshot-2024-12-12-100501-300x224.png 300w, https:\/\/4ader.ro\/wp-content\/uploads\/2024\/12\/Screenshot-2024-12-12-100501-200x149.png 200w\" sizes=\"(max-width: 377px) 100vw, 377px\" \/>\t\t\t\t\t\t\t\t\t\t\t\t\t\t\t<\/div>\n\t\t\t\t<\/div>\n\t\t\t\t<\/div>\n\t\t\t\t<div class=\"elementor-element elementor-element-dc59bf3 elementor-widget elementor-widget-spacer\" data-id=\"dc59bf3\" data-element_type=\"widget\" data-widget_type=\"spacer.default\">\n\t\t\t\t<div class=\"elementor-widget-container\">\n\t\t\t\t\t\t\t<div class=\"elementor-spacer\">\n\t\t\t<div class=\"elementor-spacer-inner\"><\/div>\n\t\t<\/div>\n\t\t\t\t\t\t<\/div>\n\t\t\t\t<\/div>\n\t\t\t\t<\/div>\n\t\t\t\t<\/div>\n\t\t","protected":false},"excerpt":{"rendered":"<p>VOLUNTAR \u00ceN T\u00c2RGU-JIU Voluntariatul este o excelent\u0103 oportunitate de a contribui la dezvoltarea oamenilor \u0219i a comunit\u0103\u021bilor. Proiectul \u201eVOLUNTAR \u00ceN T\u00c2RGU-JIU\u201d, aflat la a doua edi\u021bie, vine ca un r\u0103spuns pentru nevoile reale ale comunit\u0103\u021bii locale \u00een care ADER activeaz\u0103. Acesta reprezint\u0103 o m\u0103sur\u0103 prin care ONG-ul \u0219i-a propus s\u0103 sprijine promovarea voluntariatului, av\u00e2nd efecte&#8230;<\/p>\n","protected":false},"author":2,"featured_media":0,"parent":0,"menu_order":0,"comment_status":"closed","ping_status":"closed","template":"","meta":{"_kad_post_transparent":"","_kad_post_title":"hide","_kad_post_layout":"fullwidth","_kad_post_sidebar_id":"","_kad_post_content_style":"unboxed","_kad_post_vertical_padding":"hide","_kad_post_feature":"hide","_kad_post_feature_position":"","_kad_post_header":false,"_kad_post_footer":false,"_kad_post_classname":"","footnotes":""},"class_list":["post-2247","page","type-page","status-publish","hentry"],"rttpg_featured_image_url":null,"rttpg_author":{"display_name":"Calina Denis","author_link":"https:\/\/4ader.ro\/index.php\/author\/denis_1\/"},"rttpg_comment":0,"rttpg_category":null,"rttpg_excerpt":"VOLUNTAR \u00ceN T\u00c2RGU-JIU Voluntariatul este o excelent\u0103 oportunitate de a contribui la dezvoltarea oamenilor \u0219i a comunit\u0103\u021bilor. Proiectul \u201eVOLUNTAR \u00ceN T\u00c2RGU-JIU\u201d, aflat la a doua edi\u021bie, vine ca un r\u0103spuns pentru nevoile reale ale comunit\u0103\u021bii locale \u00een care ADER activeaz\u0103. Acesta reprezint\u0103 o m\u0103sur\u0103 prin care ONG-ul \u0219i-a propus s\u0103 sprijine promovarea voluntariatului, av\u00e2nd efecte...","_links":{"self":[{"href":"https:\/\/4ader.ro\/index.php\/wp-json\/wp\/v2\/pages\/2247","targetHints":{"allow":["GET"]}}],"collection":[{"href":"https:\/\/4ader.ro\/index.php\/wp-json\/wp\/v2\/pages"}],"about":[{"href":"https:\/\/4ader.ro\/index.php\/wp-json\/wp\/v2\/types\/page"}],"author":[{"embeddable":true,"href":"https:\/\/4ader.ro\/index.php\/wp-json\/wp\/v2\/users\/2"}],"replies":[{"embeddable":true,"href":"https:\/\/4ader.ro\/index.php\/wp-json\/wp\/v2\/comments?post=2247"}],"version-history":[{"count":4,"href":"https:\/\/4ader.ro\/index.php\/wp-json\/wp\/v2\/pages\/2247\/revisions"}],"predecessor-version":[{"id":2280,"href":"https:\/\/4ader.ro\/index.php\/wp-json\/wp\/v2\/pages\/2247\/revisions\/2280"}],"wp:attachment":[{"href":"https:\/\/4ader.ro\/index.php\/wp-json\/wp\/v2\/media?parent=2247"}],"curies":[{"name":"wp","href":"https:\/\/api.w.org\/{rel}","templated":true}]}}