{"id":2246,"date":"2024-12-12T10:07:54","date_gmt":"2024-12-12T08:07:54","guid":{"rendered":"https:\/\/4ader.ro\/?page_id=2246"},"modified":"2024-12-12T10:13:28","modified_gmt":"2024-12-12T08:13:28","slug":"daruieste-pentru-viitor-2","status":"publish","type":"page","link":"https:\/\/4ader.ro\/index.php\/daruieste-pentru-viitor-2\/","title":{"rendered":"D\u0103ruie\u0219te pentru viitor!"},"content":{"rendered":"\t\t<div data-elementor-type=\"wp-page\" data-elementor-id=\"2246\" class=\"elementor elementor-2246\">\n\t\t\t\t<div class=\"elementor-element elementor-element-6b7413c e-con-full e-flex e-con e-parent\" data-id=\"6b7413c\" data-element_type=\"container\" data-settings=\"{&quot;background_background&quot;:&quot;classic&quot;}\">\n\t\t\t\t<div class=\"elementor-element elementor-element-df78692 elementor-widget elementor-widget-heading\" data-id=\"df78692\" data-element_type=\"widget\" data-widget_type=\"heading.default\">\n\t\t\t\t<div class=\"elementor-widget-container\">\n\t\t\t\t\t<h2 class=\"elementor-heading-title elementor-size-default\">D\u0103ruie\u0219te pentru viitor! - decembrie 2023 <\/h2>\t\t\t\t<\/div>\n\t\t\t\t<\/div>\n\t\t\t\t<div class=\"elementor-element elementor-element-5ce37fa elementor-widget elementor-widget-text-editor\" data-id=\"5ce37fa\" data-element_type=\"widget\" data-widget_type=\"text-editor.default\">\n\t\t\t\t<div class=\"elementor-widget-container\">\n\t\t\t\t\t\t\t\t\t<p><strong>50 de copii din jude\u021bul Gorj<\/strong> s-au putut bucura, a\u0219a cum se cuvine, de magia s\u0103rb\u0103torilor de iarn\u0103!<\/p><p>Proiectul <strong>\u201eD\u0103ruie\u0219te de s\u0103rb\u0103tori\u201d<\/strong>, dezvoltat de <strong>ADER &#8211; Asocia\u021bia pentru Democra\u021bie Educa\u021bie Respect<\/strong>, a fost g\u00e2ndit pentru a aduce <strong>bucuria Cr\u0103ciunului<\/strong> elevilor din medii defavorizate sau cu situa\u021bii materiale dificile din jude\u021bul Gorj.<\/p><p>Mai exact, prin acest proiect finan\u021bat prin programul <strong>Start ONG<\/strong>, lansat de <strong>Kaufland Rom\u00e2nia<\/strong> \u0219i implementat de <strong>Asocia\u021bia Act for Tomorrow<\/strong>, membrii asocia\u021biei au devenit <strong>Mo\u0219i Cr\u0103ciun<\/strong> pentru 50 de elevi din clasele <strong>0-VIII<\/strong>, din ora\u0219ul <strong>T\u00e2rgu C\u0103rbune\u0219ti<\/strong> \u0219i comunele <strong>Dr\u0103gu\u021be\u0219ti<\/strong> \u0219i <strong>C\u00e2lnic<\/strong> din jude\u021bul Gorj.<\/p><p>Cei mici au primit <strong>cadouri<\/strong> (dulciuri, juc\u0103rii, haine) \u0219i au participat la <strong>serb\u0103ri de Cr\u0103ciun<\/strong>, \u00een cadrul c\u0103rora <strong>tradi\u021biile locale de s\u0103rb\u0103tori<\/strong> au fost readuse la via\u021b\u0103.<\/p><p>Sursa: <a href=\"https:\/\/www.facebook.com\/startongromania\/posts\/pfbid0FgpyG4kYBviwxvJqnNDfNovMnjQMf4zASqgcgunJiQLKuNu7HX8XqXWV8AmUtbwUl\" target=\"_new\" rel=\"noopener\">Start ONG pe Facebook<\/a><\/p>\t\t\t\t\t\t\t\t<\/div>\n\t\t\t\t<\/div>\n\t\t<div class=\"elementor-element elementor-element-4d0da06 e-grid e-con-full e-con e-child\" data-id=\"4d0da06\" data-element_type=\"container\">\n\t\t\t\t<div class=\"elementor-element elementor-element-a17eb52 elementor-widget elementor-widget-image\" data-id=\"a17eb52\" data-element_type=\"widget\" data-widget_type=\"image.default\">\n\t\t\t\t<div class=\"elementor-widget-container\">\n\t\t\t\t\t\t\t\t\t\t\t\t\t\t\t<img fetchpriority=\"high\" decoding=\"async\" width=\"424\" height=\"418\" src=\"https:\/\/4ader.ro\/wp-content\/uploads\/2024\/12\/Screenshot-2024-12-12-101201.png\" class=\"attachment-large size-large wp-image-2286\" alt=\"\" srcset=\"https:\/\/4ader.ro\/wp-content\/uploads\/2024\/12\/Screenshot-2024-12-12-101201.png 424w, https:\/\/4ader.ro\/wp-content\/uploads\/2024\/12\/Screenshot-2024-12-12-101201-300x296.png 300w, https:\/\/4ader.ro\/wp-content\/uploads\/2024\/12\/Screenshot-2024-12-12-101201-200x197.png 200w\" sizes=\"(max-width: 424px) 100vw, 424px\" \/>\t\t\t\t\t\t\t\t\t\t\t\t\t\t\t<\/div>\n\t\t\t\t<\/div>\n\t\t\t\t<div class=\"elementor-element elementor-element-5a38e7f elementor-widget elementor-widget-image\" data-id=\"5a38e7f\" data-element_type=\"widget\" data-widget_type=\"image.default\">\n\t\t\t\t<div class=\"elementor-widget-container\">\n\t\t\t\t\t\t\t\t\t\t\t\t\t\t\t<img decoding=\"async\" width=\"418\" height=\"418\" src=\"https:\/\/4ader.ro\/wp-content\/uploads\/2024\/12\/Screenshot-2024-12-12-101156.png\" class=\"attachment-large size-large wp-image-2285\" alt=\"\" srcset=\"https:\/\/4ader.ro\/wp-content\/uploads\/2024\/12\/Screenshot-2024-12-12-101156.png 418w, https:\/\/4ader.ro\/wp-content\/uploads\/2024\/12\/Screenshot-2024-12-12-101156-300x300.png 300w, https:\/\/4ader.ro\/wp-content\/uploads\/2024\/12\/Screenshot-2024-12-12-101156-150x150.png 150w, https:\/\/4ader.ro\/wp-content\/uploads\/2024\/12\/Screenshot-2024-12-12-101156-200x200.png 200w\" sizes=\"(max-width: 418px) 100vw, 418px\" \/>\t\t\t\t\t\t\t\t\t\t\t\t\t\t\t<\/div>\n\t\t\t\t<\/div>\n\t\t\t\t<div class=\"elementor-element elementor-element-8d0ed3a elementor-widget elementor-widget-image\" data-id=\"8d0ed3a\" data-element_type=\"widget\" data-widget_type=\"image.default\">\n\t\t\t\t<div class=\"elementor-widget-container\">\n\t\t\t\t\t\t\t\t\t\t\t\t\t\t\t<img decoding=\"async\" width=\"422\" height=\"416\" src=\"https:\/\/4ader.ro\/wp-content\/uploads\/2024\/12\/Screenshot-2024-12-12-101151.png\" class=\"attachment-large size-large wp-image-2284\" alt=\"\" srcset=\"https:\/\/4ader.ro\/wp-content\/uploads\/2024\/12\/Screenshot-2024-12-12-101151.png 422w, https:\/\/4ader.ro\/wp-content\/uploads\/2024\/12\/Screenshot-2024-12-12-101151-300x296.png 300w, https:\/\/4ader.ro\/wp-content\/uploads\/2024\/12\/Screenshot-2024-12-12-101151-200x197.png 200w\" sizes=\"(max-width: 422px) 100vw, 422px\" \/>\t\t\t\t\t\t\t\t\t\t\t\t\t\t\t<\/div>\n\t\t\t\t<\/div>\n\t\t\t\t<\/div>\n\t\t\t\t<div class=\"elementor-element elementor-element-dc59bf3 elementor-widget elementor-widget-spacer\" data-id=\"dc59bf3\" data-element_type=\"widget\" data-widget_type=\"spacer.default\">\n\t\t\t\t<div class=\"elementor-widget-container\">\n\t\t\t\t\t\t\t<div class=\"elementor-spacer\">\n\t\t\t<div class=\"elementor-spacer-inner\"><\/div>\n\t\t<\/div>\n\t\t\t\t\t\t<\/div>\n\t\t\t\t<\/div>\n\t\t\t\t<\/div>\n\t\t\t\t<\/div>\n\t\t","protected":false},"excerpt":{"rendered":"<p>D\u0103ruie\u0219te pentru viitor! &#8211; decembrie 2023 50 de copii din jude\u021bul Gorj s-au putut bucura, a\u0219a cum se cuvine, de magia s\u0103rb\u0103torilor de iarn\u0103! Proiectul \u201eD\u0103ruie\u0219te de s\u0103rb\u0103tori\u201d, dezvoltat de ADER &#8211; Asocia\u021bia pentru Democra\u021bie Educa\u021bie Respect, a fost g\u00e2ndit pentru a aduce bucuria Cr\u0103ciunului elevilor din medii defavorizate sau cu situa\u021bii materiale dificile din&#8230;<\/p>\n","protected":false},"author":2,"featured_media":0,"parent":0,"menu_order":0,"comment_status":"closed","ping_status":"closed","template":"","meta":{"_kad_post_transparent":"","_kad_post_title":"hide","_kad_post_layout":"fullwidth","_kad_post_sidebar_id":"","_kad_post_content_style":"unboxed","_kad_post_vertical_padding":"hide","_kad_post_feature":"hide","_kad_post_feature_position":"","_kad_post_header":false,"_kad_post_footer":false,"_kad_post_classname":"","footnotes":""},"class_list":["post-2246","page","type-page","status-publish","hentry"],"rttpg_featured_image_url":null,"rttpg_author":{"display_name":"Calina Denis","author_link":"https:\/\/4ader.ro\/index.php\/author\/denis_1\/"},"rttpg_comment":0,"rttpg_category":null,"rttpg_excerpt":"D\u0103ruie\u0219te pentru viitor! &#8211; decembrie 2023 50 de copii din jude\u021bul Gorj s-au putut bucura, a\u0219a cum se cuvine, de magia s\u0103rb\u0103torilor de iarn\u0103! Proiectul \u201eD\u0103ruie\u0219te de s\u0103rb\u0103tori\u201d, dezvoltat de ADER &#8211; Asocia\u021bia pentru Democra\u021bie Educa\u021bie Respect, a fost g\u00e2ndit pentru a aduce bucuria Cr\u0103ciunului elevilor din medii defavorizate sau cu situa\u021bii materiale dificile din...","_links":{"self":[{"href":"https:\/\/4ader.ro\/index.php\/wp-json\/wp\/v2\/pages\/2246","targetHints":{"allow":["GET"]}}],"collection":[{"href":"https:\/\/4ader.ro\/index.php\/wp-json\/wp\/v2\/pages"}],"about":[{"href":"https:\/\/4ader.ro\/index.php\/wp-json\/wp\/v2\/types\/page"}],"author":[{"embeddable":true,"href":"https:\/\/4ader.ro\/index.php\/wp-json\/wp\/v2\/users\/2"}],"replies":[{"embeddable":true,"href":"https:\/\/4ader.ro\/index.php\/wp-json\/wp\/v2\/comments?post=2246"}],"version-history":[{"count":4,"href":"https:\/\/4ader.ro\/index.php\/wp-json\/wp\/v2\/pages\/2246\/revisions"}],"predecessor-version":[{"id":2289,"href":"https:\/\/4ader.ro\/index.php\/wp-json\/wp\/v2\/pages\/2246\/revisions\/2289"}],"wp:attachment":[{"href":"https:\/\/4ader.ro\/index.php\/wp-json\/wp\/v2\/media?parent=2246"}],"curies":[{"name":"wp","href":"https:\/\/api.w.org\/{rel}","templated":true}]}}