{"id":2170,"date":"2024-12-04T10:10:47","date_gmt":"2024-12-04T08:10:47","guid":{"rendered":"https:\/\/4ader.ro\/?page_id=2170"},"modified":"2024-12-04T10:24:21","modified_gmt":"2024-12-04T08:24:21","slug":"relearn-your-legacy-18-mai-2023","status":"publish","type":"page","link":"https:\/\/4ader.ro\/index.php\/relearn-your-legacy-18-mai-2023\/","title":{"rendered":"Relearn your legacy &#8211; 18 Mai 2023"},"content":{"rendered":"\t\t<div data-elementor-type=\"wp-page\" data-elementor-id=\"2170\" class=\"elementor elementor-2170\">\n\t\t\t\t<div class=\"elementor-element elementor-element-6b7413c e-con-full e-flex e-con e-parent\" data-id=\"6b7413c\" data-element_type=\"container\" data-settings=\"{&quot;background_background&quot;:&quot;classic&quot;}\">\n\t\t\t\t<div class=\"elementor-element elementor-element-df78692 elementor-widget elementor-widget-heading\" data-id=\"df78692\" data-element_type=\"widget\" data-widget_type=\"heading.default\">\n\t\t\t\t<div class=\"elementor-widget-container\">\n\t\t\t\t\t<h2 class=\"elementor-heading-title elementor-size-default\">Relearn your legacy  - 18 Mai 2023 <\/h2>\t\t\t\t<\/div>\n\t\t\t\t<\/div>\n\t\t\t\t<div class=\"elementor-element elementor-element-5ce37fa elementor-widget elementor-widget-text-editor\" data-id=\"5ce37fa\" data-element_type=\"widget\" data-widget_type=\"text-editor.default\">\n\t\t\t\t<div class=\"elementor-widget-container\">\n\t\t\t\t\t\t\t\t\t<p>Eveniment organizat de ADER-Asociatia pentru Democratie Educatie Respect \u00eempreuna cu CLAY 4 ALL<br \/>\u0219i \u0218ez\u0103toarea Targu Jiu, in cadrul programului T\u00e2rgu Jiu &#8211; Capitala Tineretului din Rom\u00e2nia 2023<\/p>\t\t\t\t\t\t\t\t<\/div>\n\t\t\t\t<\/div>\n\t\t<div class=\"elementor-element elementor-element-4d0da06 e-grid e-con-full e-con e-child\" data-id=\"4d0da06\" data-element_type=\"container\">\n\t\t\t\t<div class=\"elementor-element elementor-element-a17eb52 elementor-widget elementor-widget-image\" data-id=\"a17eb52\" data-element_type=\"widget\" data-widget_type=\"image.default\">\n\t\t\t\t<div class=\"elementor-widget-container\">\n\t\t\t\t\t\t\t\t\t\t\t\t\t\t\t<img fetchpriority=\"high\" decoding=\"async\" width=\"679\" height=\"508\" src=\"https:\/\/4ader.ro\/wp-content\/uploads\/2024\/12\/Screenshot-2024-12-04-101159.png\" class=\"attachment-large size-large wp-image-2176\" alt=\"\" srcset=\"https:\/\/4ader.ro\/wp-content\/uploads\/2024\/12\/Screenshot-2024-12-04-101159.png 679w, https:\/\/4ader.ro\/wp-content\/uploads\/2024\/12\/Screenshot-2024-12-04-101159-300x224.png 300w, https:\/\/4ader.ro\/wp-content\/uploads\/2024\/12\/Screenshot-2024-12-04-101159-200x150.png 200w\" sizes=\"(max-width: 679px) 100vw, 679px\" \/>\t\t\t\t\t\t\t\t\t\t\t\t\t\t\t<\/div>\n\t\t\t\t<\/div>\n\t\t\t\t<div class=\"elementor-element elementor-element-5a38e7f elementor-widget elementor-widget-image\" data-id=\"5a38e7f\" data-element_type=\"widget\" data-widget_type=\"image.default\">\n\t\t\t\t<div class=\"elementor-widget-container\">\n\t\t\t\t\t\t\t\t\t\t\t\t\t\t\t<img decoding=\"async\" width=\"909\" height=\"511\" src=\"https:\/\/4ader.ro\/wp-content\/uploads\/2024\/12\/Screenshot-2024-12-04-101208.png\" class=\"attachment-large size-large wp-image-2177\" alt=\"\" srcset=\"https:\/\/4ader.ro\/wp-content\/uploads\/2024\/12\/Screenshot-2024-12-04-101208.png 909w, https:\/\/4ader.ro\/wp-content\/uploads\/2024\/12\/Screenshot-2024-12-04-101208-300x169.png 300w, https:\/\/4ader.ro\/wp-content\/uploads\/2024\/12\/Screenshot-2024-12-04-101208-768x432.png 768w, https:\/\/4ader.ro\/wp-content\/uploads\/2024\/12\/Screenshot-2024-12-04-101208-200x112.png 200w\" sizes=\"(max-width: 909px) 100vw, 909px\" \/>\t\t\t\t\t\t\t\t\t\t\t\t\t\t\t<\/div>\n\t\t\t\t<\/div>\n\t\t\t\t<div class=\"elementor-element elementor-element-8d0ed3a elementor-widget elementor-widget-image\" data-id=\"8d0ed3a\" data-element_type=\"widget\" data-widget_type=\"image.default\">\n\t\t\t\t<div class=\"elementor-widget-container\">\n\t\t\t\t\t\t\t\t\t\t\t\t\t\t\t<img decoding=\"async\" width=\"504\" height=\"652\" src=\"https:\/\/4ader.ro\/wp-content\/uploads\/2024\/12\/Screenshot-2024-12-04-101217.png\" class=\"attachment-large size-large wp-image-2178\" alt=\"\" srcset=\"https:\/\/4ader.ro\/wp-content\/uploads\/2024\/12\/Screenshot-2024-12-04-101217.png 504w, https:\/\/4ader.ro\/wp-content\/uploads\/2024\/12\/Screenshot-2024-12-04-101217-232x300.png 232w, https:\/\/4ader.ro\/wp-content\/uploads\/2024\/12\/Screenshot-2024-12-04-101217-200x259.png 200w\" sizes=\"(max-width: 504px) 100vw, 504px\" \/>\t\t\t\t\t\t\t\t\t\t\t\t\t\t\t<\/div>\n\t\t\t\t<\/div>\n\t\t\t\t<div class=\"elementor-element elementor-element-ba4974f elementor-widget elementor-widget-image\" data-id=\"ba4974f\" data-element_type=\"widget\" data-widget_type=\"image.default\">\n\t\t\t\t<div class=\"elementor-widget-container\">\n\t\t\t\t\t\t\t\t\t\t\t\t\t\t\t<img loading=\"lazy\" decoding=\"async\" width=\"498\" height=\"668\" src=\"https:\/\/4ader.ro\/wp-content\/uploads\/2024\/12\/Screenshot-2024-12-04-101238.png\" class=\"attachment-large size-large wp-image-2179\" alt=\"\" srcset=\"https:\/\/4ader.ro\/wp-content\/uploads\/2024\/12\/Screenshot-2024-12-04-101238.png 498w, https:\/\/4ader.ro\/wp-content\/uploads\/2024\/12\/Screenshot-2024-12-04-101238-224x300.png 224w, https:\/\/4ader.ro\/wp-content\/uploads\/2024\/12\/Screenshot-2024-12-04-101238-200x268.png 200w\" sizes=\"(max-width: 498px) 100vw, 498px\" \/>\t\t\t\t\t\t\t\t\t\t\t\t\t\t\t<\/div>\n\t\t\t\t<\/div>\n\t\t\t\t<div class=\"elementor-element elementor-element-1fd61ad elementor-widget elementor-widget-image\" data-id=\"1fd61ad\" data-element_type=\"widget\" data-widget_type=\"image.default\">\n\t\t\t\t<div class=\"elementor-widget-container\">\n\t\t\t\t\t\t\t\t\t\t\t\t\t\t\t<img loading=\"lazy\" decoding=\"async\" width=\"380\" height=\"671\" src=\"https:\/\/4ader.ro\/wp-content\/uploads\/2024\/12\/Screenshot-2024-12-04-101258.png\" class=\"attachment-large size-large wp-image-2180\" alt=\"\" srcset=\"https:\/\/4ader.ro\/wp-content\/uploads\/2024\/12\/Screenshot-2024-12-04-101258.png 380w, https:\/\/4ader.ro\/wp-content\/uploads\/2024\/12\/Screenshot-2024-12-04-101258-170x300.png 170w, https:\/\/4ader.ro\/wp-content\/uploads\/2024\/12\/Screenshot-2024-12-04-101258-200x353.png 200w\" sizes=\"(max-width: 380px) 100vw, 380px\" \/>\t\t\t\t\t\t\t\t\t\t\t\t\t\t\t<\/div>\n\t\t\t\t<\/div>\n\t\t\t\t<\/div>\n\t\t\t\t<div class=\"elementor-element elementor-element-dc59bf3 elementor-widget elementor-widget-spacer\" data-id=\"dc59bf3\" data-element_type=\"widget\" data-widget_type=\"spacer.default\">\n\t\t\t\t<div class=\"elementor-widget-container\">\n\t\t\t\t\t\t\t<div class=\"elementor-spacer\">\n\t\t\t<div class=\"elementor-spacer-inner\"><\/div>\n\t\t<\/div>\n\t\t\t\t\t\t<\/div>\n\t\t\t\t<\/div>\n\t\t\t\t<\/div>\n\t\t\t\t<\/div>\n\t\t","protected":false},"excerpt":{"rendered":"<p>Relearn your legacy &#8211; 18 Mai 2023 Eveniment organizat de ADER-Asociatia pentru Democratie Educatie Respect \u00eempreuna cu CLAY 4 ALL\u0219i \u0218ez\u0103toarea Targu Jiu, in cadrul programului T\u00e2rgu Jiu &#8211; Capitala Tineretului din Rom\u00e2nia 2023<\/p>\n","protected":false},"author":2,"featured_media":0,"parent":0,"menu_order":0,"comment_status":"closed","ping_status":"closed","template":"","meta":{"_kad_post_transparent":"","_kad_post_title":"hide","_kad_post_layout":"fullwidth","_kad_post_sidebar_id":"","_kad_post_content_style":"unboxed","_kad_post_vertical_padding":"hide","_kad_post_feature":"hide","_kad_post_feature_position":"","_kad_post_header":false,"_kad_post_footer":false,"_kad_post_classname":"","footnotes":""},"class_list":["post-2170","page","type-page","status-publish","hentry"],"rttpg_featured_image_url":null,"rttpg_author":{"display_name":"Calina Denis","author_link":"https:\/\/4ader.ro\/index.php\/author\/denis_1\/"},"rttpg_comment":0,"rttpg_category":null,"rttpg_excerpt":"Relearn your legacy &#8211; 18 Mai 2023 Eveniment organizat de ADER-Asociatia pentru Democratie Educatie Respect \u00eempreuna cu CLAY 4 ALL\u0219i \u0218ez\u0103toarea Targu Jiu, in cadrul programului T\u00e2rgu Jiu &#8211; Capitala Tineretului din Rom\u00e2nia 2023","_links":{"self":[{"href":"https:\/\/4ader.ro\/index.php\/wp-json\/wp\/v2\/pages\/2170","targetHints":{"allow":["GET"]}}],"collection":[{"href":"https:\/\/4ader.ro\/index.php\/wp-json\/wp\/v2\/pages"}],"about":[{"href":"https:\/\/4ader.ro\/index.php\/wp-json\/wp\/v2\/types\/page"}],"author":[{"embeddable":true,"href":"https:\/\/4ader.ro\/index.php\/wp-json\/wp\/v2\/users\/2"}],"replies":[{"embeddable":true,"href":"https:\/\/4ader.ro\/index.php\/wp-json\/wp\/v2\/comments?post=2170"}],"version-history":[{"count":7,"href":"https:\/\/4ader.ro\/index.php\/wp-json\/wp\/v2\/pages\/2170\/revisions"}],"predecessor-version":[{"id":2183,"href":"https:\/\/4ader.ro\/index.php\/wp-json\/wp\/v2\/pages\/2170\/revisions\/2183"}],"wp:attachment":[{"href":"https:\/\/4ader.ro\/index.php\/wp-json\/wp\/v2\/media?parent=2170"}],"curies":[{"name":"wp","href":"https:\/\/api.w.org\/{rel}","templated":true}]}}