{"id":2138,"date":"2024-12-04T09:31:38","date_gmt":"2024-12-04T07:31:38","guid":{"rendered":"https:\/\/4ader.ro\/?page_id=2138"},"modified":"2024-12-04T09:52:16","modified_gmt":"2024-12-04T07:52:16","slug":"aparitie-volumul-5-numarul-1-2023","status":"publish","type":"page","link":"https:\/\/4ader.ro\/index.php\/aparitie-volumul-5-numarul-1-2023\/","title":{"rendered":"Apari\u021bie Volumul 5, Num\u0103rul 1\/2023"},"content":{"rendered":"\t\t<div data-elementor-type=\"wp-page\" data-elementor-id=\"2138\" class=\"elementor elementor-2138\">\n\t\t\t\t<div class=\"elementor-element elementor-element-6b7413c e-con-full e-flex e-con e-parent\" data-id=\"6b7413c\" data-element_type=\"container\" data-settings=\"{&quot;background_background&quot;:&quot;classic&quot;}\">\n\t\t\t\t<div class=\"elementor-element elementor-element-df78692 elementor-widget elementor-widget-heading\" data-id=\"df78692\" data-element_type=\"widget\" data-widget_type=\"heading.default\">\n\t\t\t\t<div class=\"elementor-widget-container\">\n\t\t\t\t\t<h2 class=\"elementor-heading-title elementor-size-default\">Apari\u021bia Volumului 5, Num\u0103rul 1\/2023 a revistei de cercetare \u0219tiin\u021bific\u0103 Journal of Research and Innovation for Sustainable Society<\/h2>\t\t\t\t<\/div>\n\t\t\t\t<\/div>\n\t\t\t\t<div class=\"elementor-element elementor-element-5ce37fa elementor-widget elementor-widget-text-editor\" data-id=\"5ce37fa\" data-element_type=\"widget\" data-widget_type=\"text-editor.default\">\n\t\t\t\t<div class=\"elementor-widget-container\">\n\t\t\t\t\t\t\t\t\t<p>\u00cen martie 2023, sub egida Editurii Thoth, ADER a publicat volumul 5, num\u0103rul 1\/2023 al revistei de cercetare \u0219tiin\u021bific\u0103 Journal of Research and Innovation for Sustainable Society (JRISS), pe care \u00eel pute\u021bi vizualiza acces\u00e2nd <a href=\"https:\/\/jriss.4ader.ro\/archives\/\" target=\"_blank\" rel=\"noopener\"><strong>linkul<\/strong><\/a>. JRISS este un jurnal semestrial, cu apari\u021bii programate \u00een lunile martie \u0219i noiembrie, \u0219i func\u021bioneaz\u0103 ca un jurnal cu acces deschis, evaluarea articolelor fiind realizat\u0103 de referen\u021bi externi. Publicat de Editura Thoth din Rom\u00e2nia, jurnalul promoveaz\u0103 rigurozitatea \u0219tiin\u021bific\u0103 prin aplicarea regulii evalu\u0103rii peer-review \u0219i publicarea exclusiv \u00een limba englez\u0103.<\/p>\n<p>Jurnalul este disponibil \u00een format electronic, av\u00e2nd alocate un ISSN \u0219i un DOI, asigur\u00e2nd astfel recunoa\u0219terea \u0219i indexarea interna\u021bional\u0103. Obiectivul principal al Journal of Research and Innovation for Sustainable Society const\u0103 \u00een promovarea studiilor interdisciplinare ce \u00eembin\u0103 domenii precum ingineria, afacerile \u0219i \u0219tiin\u021bele sociale, facilit\u00e2nd astfel schimbul de idei \u0219i inova\u021bii ce contribuie la o societate sustenabil\u0103.<\/p>\n<p>Autorii care public\u0103 \u00een JRISS \u00ee\u0219i asum\u0103 responsabilitatea pentru autenticitatea manuscriselor transmise \u0219i ofer\u0103 jurnalului dreptul exclusiv de publicare. Activitatea editorial\u0103 este atent coordonat\u0103 de Consiliul Editorial, sub conducerea redactorului-\u0219ef, prof. univ. dr. ing. \u0218tefan Ghimisi, garant\u00e2nd astfel respectarea standardelor de calitate \u0219i etic\u0103 \u00een publicarea \u0219tiin\u021bific\u0103.<\/p>\t\t\t\t\t\t\t\t<\/div>\n\t\t\t\t<\/div>\n\t\t<div class=\"elementor-element elementor-element-c5699f8 e-grid e-con-full e-con e-child\" data-id=\"c5699f8\" data-element_type=\"container\">\n\t\t\t\t<div class=\"elementor-element elementor-element-a140136 elementor-widget elementor-widget-image\" data-id=\"a140136\" data-element_type=\"widget\" data-widget_type=\"image.default\">\n\t\t\t\t<div class=\"elementor-widget-container\">\n\t\t\t\t\t\t\t\t\t\t\t\t\t\t\t<img fetchpriority=\"high\" decoding=\"async\" width=\"531\" height=\"761\" src=\"https:\/\/4ader.ro\/wp-content\/uploads\/2024\/12\/Screenshot-2024-12-04-093920.png\" class=\"attachment-large size-large wp-image-2144\" alt=\"\" srcset=\"https:\/\/4ader.ro\/wp-content\/uploads\/2024\/12\/Screenshot-2024-12-04-093920.png 531w, https:\/\/4ader.ro\/wp-content\/uploads\/2024\/12\/Screenshot-2024-12-04-093920-209x300.png 209w, https:\/\/4ader.ro\/wp-content\/uploads\/2024\/12\/Screenshot-2024-12-04-093920-200x287.png 200w\" sizes=\"(max-width: 531px) 100vw, 531px\" \/>\t\t\t\t\t\t\t\t\t\t\t\t\t\t\t<\/div>\n\t\t\t\t<\/div>\n\t\t\t\t<div class=\"elementor-element elementor-element-bf924e5 elementor-widget elementor-widget-text-editor\" data-id=\"bf924e5\" data-element_type=\"widget\" data-widget_type=\"text-editor.default\">\n\t\t\t\t<div class=\"elementor-widget-container\">\n\t\t\t\t\t\t\t\t\t<h2>Articole din Vol. 5, 1\/2023:<\/h2>\n<p>1. Alina Trifu, Oana Chivu, Daniel Onu\u021b Badea, Claudia Borda, Dan Ni\u021boi, Cornelia Luchian, Daniel Onu\u021b Badea, Ioana C\u0103t\u0103lina Enache: *Emissions of Noxes in the Case of Welding in Shielding Gases &#8211; A Systematic Literature Review* <br \/>2. Andrei Tudor, Andrei C\u0103lin, Nicolae Stoica, Kussay Subhi: *The Stick-Slip Phenomenon Occurring Between Human Skin and Other Surfaces* <br \/>3. Andrei C\u0103lin, Andrei Tudor, Marilena Stoica, Petric\u0103 Turtoi: *Theoretical Approach of Studying Human Fingers Modelled as Inflated Membranes and Experimental Validation of Study* <br \/>4. Ioana-Ancu\u021ba Halmaciu, Ioana Ionel: *Could Renewable Sources Achieve an Energy Independence?* <br \/>5. Eduard Smidu, Oana Roxana Chivu, Doru Costin Darabont, Marilena Gheorghe, Dan Ni\u021boi, Constantin Radu, Silviu Dumitrescu, Ioana C\u0103t\u0103lina Enache: *Considerations on Prevention and Protections Measures Against Occupational Risks* <br \/>6. Marta Maria-Monica, Dan Ni\u021boi, Raluca Ioana Teleanu, Daniel Mihai Teleanu, Oana Roxana Chivu, \u0218tefan Milicescu: *FEM Modeling of a Tooth Behavior Depending on Mineralization State* <br \/>7. Laiza Musesengwa, Alocate Zvikaramba: *Business Continuity Framework in a COVID-19 Pandemic. A Case of the Zimbabwe Health Insurance Industry* <br \/>8. Alina-Maria Papa: *Digital Technologies and Sustainability \u2013 Identified Synergies, Challenges and Anticipated Impact on the Transportation Business Segment* <br \/>9. Tatenda Gutu, Tafadzwa Zimucha, Tawanda Prosper Mushayavanhu: *An Analysis on the Impact of Digital Marketing Strategies in Enhancing Market Performance &#8211; A Case of Medical Aid Companies in Zimbabwe* <br \/>10. Andrei Ghimi\u0219i: *Roma People and Their Road to Cultural Identity* <br \/>11. Minkey Molemane, Emmanuel Innocents Edoun, EM Faku: *Assessment of Transformational and Autocratic Leadership on Employee Engagement in the South African Education Sector* <br \/>12. Kudzayi Ziki, More Chinakidzwa: *Competitive Survival and Business Model Adaptability During COVID-19 &#8211; A Case of the Microfinance Sector in Zimbabwe* <br \/>13. Velmah Letani Sakala, Charles Chitumba, Thabani Dundu: *Impact of COVID-19 on Sustainable Entrepreneurship in Zimbabwe &#8211; Case Study of Green SMEs* <br \/>14. Nyasha Adlety Nyamadzawo, Charles Chitumba, Witness Tigere Ukama: *Business Model Innovations (BMI) by Small and Medium Enterprises (SMEs) During COVID-19 Pandemic &#8211; Case of Harare, Zimbabwe* <br \/>15. C\u00eer\u021b\u00een\u0103 D.: *Antioxidant Capacities of Propolis &#8211; Therapeutic Effects and Possible Applications* <br \/>16. Mehmet Emirhan Kula, \u0130kram Yusuf Yarba\u015fi: *Relationship Between Internet Usage, E-Skills, Personal Data Protection and Demographics Variables with Preference of E-Commerce* <br \/>17. Thabani Dundu, Dingilizwe Nkomo, Velmah Letani Sakala: *Social Financing and the Sustainability of Social Enterprises in Zimbabwe*<\/p>\n<p>\u00a0<\/p>\t\t\t\t\t\t\t\t<\/div>\n\t\t\t\t<\/div>\n\t\t\t\t<\/div>\n\t\t\t\t<div class=\"elementor-element elementor-element-dc59bf3 elementor-widget elementor-widget-spacer\" data-id=\"dc59bf3\" data-element_type=\"widget\" data-widget_type=\"spacer.default\">\n\t\t\t\t<div class=\"elementor-widget-container\">\n\t\t\t\t\t\t\t<div class=\"elementor-spacer\">\n\t\t\t<div class=\"elementor-spacer-inner\"><\/div>\n\t\t<\/div>\n\t\t\t\t\t\t<\/div>\n\t\t\t\t<\/div>\n\t\t\t\t<\/div>\n\t\t\t\t<\/div>\n\t\t","protected":false},"excerpt":{"rendered":"<p>Apari\u021bia Volumului 5, Num\u0103rul 1\/2023 a revistei de cercetare \u0219tiin\u021bific\u0103 Journal of Research and Innovation for Sustainable Society \u00cen martie 2023, sub egida Editurii Thoth, ADER a publicat volumul 5, num\u0103rul 1\/2023 al revistei de cercetare \u0219tiin\u021bific\u0103 Journal of Research and Innovation for Sustainable Society (JRISS), pe care \u00eel pute\u021bi vizualiza acces\u00e2nd linkul. JRISS este&#8230;<\/p>\n","protected":false},"author":2,"featured_media":0,"parent":0,"menu_order":0,"comment_status":"closed","ping_status":"closed","template":"","meta":{"_kad_post_transparent":"","_kad_post_title":"hide","_kad_post_layout":"fullwidth","_kad_post_sidebar_id":"","_kad_post_content_style":"unboxed","_kad_post_vertical_padding":"hide","_kad_post_feature":"hide","_kad_post_feature_position":"","_kad_post_header":false,"_kad_post_footer":false,"_kad_post_classname":"","footnotes":""},"class_list":["post-2138","page","type-page","status-publish","hentry"],"rttpg_featured_image_url":null,"rttpg_author":{"display_name":"Calina Denis","author_link":"https:\/\/4ader.ro\/index.php\/author\/denis_1\/"},"rttpg_comment":0,"rttpg_category":null,"rttpg_excerpt":"Apari\u021bia Volumului 5, Num\u0103rul 1\/2023 a revistei de cercetare \u0219tiin\u021bific\u0103 Journal of Research and Innovation for Sustainable Society \u00cen martie 2023, sub egida Editurii Thoth, ADER a publicat volumul 5, num\u0103rul 1\/2023 al revistei de cercetare \u0219tiin\u021bific\u0103 Journal of Research and Innovation for Sustainable Society (JRISS), pe care \u00eel pute\u021bi vizualiza acces\u00e2nd linkul. JRISS este...","_links":{"self":[{"href":"https:\/\/4ader.ro\/index.php\/wp-json\/wp\/v2\/pages\/2138","targetHints":{"allow":["GET"]}}],"collection":[{"href":"https:\/\/4ader.ro\/index.php\/wp-json\/wp\/v2\/pages"}],"about":[{"href":"https:\/\/4ader.ro\/index.php\/wp-json\/wp\/v2\/types\/page"}],"author":[{"embeddable":true,"href":"https:\/\/4ader.ro\/index.php\/wp-json\/wp\/v2\/users\/2"}],"replies":[{"embeddable":true,"href":"https:\/\/4ader.ro\/index.php\/wp-json\/wp\/v2\/comments?post=2138"}],"version-history":[{"count":10,"href":"https:\/\/4ader.ro\/index.php\/wp-json\/wp\/v2\/pages\/2138\/revisions"}],"predecessor-version":[{"id":2151,"href":"https:\/\/4ader.ro\/index.php\/wp-json\/wp\/v2\/pages\/2138\/revisions\/2151"}],"wp:attachment":[{"href":"https:\/\/4ader.ro\/index.php\/wp-json\/wp\/v2\/media?parent=2138"}],"curies":[{"name":"wp","href":"https:\/\/api.w.org\/{rel}","templated":true}]}}