{"id":1958,"date":"2024-10-21T09:55:57","date_gmt":"2024-10-21T06:55:57","guid":{"rendered":"https:\/\/4ader.ro\/?page_id=1958"},"modified":"2024-10-29T09:19:39","modified_gmt":"2024-10-29T07:19:39","slug":"proiecte-2022","status":"publish","type":"page","link":"https:\/\/4ader.ro\/index.php\/proiecte-2022\/","title":{"rendered":"Proiecte 2022"},"content":{"rendered":"\t\t<div data-elementor-type=\"wp-page\" data-elementor-id=\"1958\" class=\"elementor elementor-1958\">\n\t\t\t\t<div class=\"elementor-element elementor-element-c85c370 e-con-full e-flex e-con e-parent\" data-id=\"c85c370\" data-element_type=\"container\">\n\t\t\t\t<div class=\"elementor-element elementor-element-484aa3d elementor-widget__width-initial elementor-widget elementor-widget-heading\" data-id=\"484aa3d\" data-element_type=\"widget\" data-widget_type=\"heading.default\">\n\t\t\t\t<div class=\"elementor-widget-container\">\n\t\t\t\t\t<h2 class=\"elementor-heading-title elementor-size-default\">Proiecte 2022:<\/h2>\t\t\t\t<\/div>\n\t\t\t\t<\/div>\n\t\t\t\t<\/div>\n\t\t<div class=\"elementor-element elementor-element-9dc3e5d e-con-full e-flex e-con e-parent\" data-id=\"9dc3e5d\" data-element_type=\"container\">\n\t\t\t\t<div class=\"elementor-element elementor-element-582a79d elementor-widget__width-initial elementor-widget elementor-widget-text-editor\" data-id=\"582a79d\" data-element_type=\"widget\" data-widget_type=\"text-editor.default\">\n\t\t\t\t<div class=\"elementor-widget-container\">\n\t\t\t\t\t\t\t\t\t<ul><li><strong><a href=\"https:\/\/4ader.ro\/index.php\/lansare-de-carte-19-februarie-2022-2\/\" target=\"_blank\" rel=\"noopener\">Lansare de carte<\/a><\/strong><\/li><li><strong><a href=\"https:\/\/4ader.ro\/index.php\/recital-extraordinar-de-pian-19-februarie-2022-2\/\" target=\"_blank\" rel=\"noopener\">Recital pian<\/a><\/strong><\/li><li><strong><a href=\"https:\/\/4ader.ro\/index.php\/concurs-tematic-drag-de-tine\/\" target=\"_blank\" rel=\"noopener\">Concurs tematic \u201eDrag de tine!\u201d<\/a><\/strong><\/li><li><strong><a href=\"https:\/\/4ader.ro\/index.php\/aparitia-nr-1-2022-jriss\/\" target=\"_blank\" rel=\"noopener\">Apari\u021bie nr. 1\/2022 din Journal of Research and Innovation for Sustainable Society<\/a><\/strong><\/li><li><strong><a href=\"https:\/\/4ader.ro\/index.php\/seminarul-national-de-organe-de-masini-snom-editia-40\/\" target=\"_blank\" rel=\"noopener\">Seminarul National de Organe de Masini, edi\u021bia 40<\/a><\/strong><\/li><li><strong><a href=\"https:\/\/4ader.ro\/index.php\/turneul-stradivarius-2022-paganini-magic\/\" target=\"_blank\" rel=\"noopener\">Turneul Stradivarius \u2013 partener<\/a><\/strong><\/li><li><strong><a href=\"https:\/\/4ader.ro\/index.php\/lansare-de-carte-bunicul-meu-regele-mihai\/\" target=\"_blank\" rel=\"noopener\">Lansare de carte<\/a><\/strong><\/li><li><strong><a href=\"https:\/\/4ader.ro\/index.php\/din-dragoste-pentru-brancusi-ii\/\" target=\"_blank\" rel=\"noopener\">Implementare proiect Din dragoste pentru Br\u00e2ncu\u0219i<\/a><\/strong><\/li><li><strong><a href=\"https:\/\/4ader.ro\/index.php\/superman-e-printre-noi\/\" target=\"_blank\" rel=\"noopener\">Implementare proiect Superman e printre noi!<\/a><\/strong><\/li><li><a href=\"https:\/\/4ader.ro\/index.php\/aparitia-nr-2-2022-jriss\/\" target=\"_blank\" rel=\"noopener\"><strong>Apari\u021bie nr. 2\/2022 Journal of Research and Innovation for <\/strong><strong>Sustainable Society<\/strong><\/a><\/li><li><strong><a href=\"https:\/\/4ader.ro\/index.php\/pact-pentru-sanatatea-mediului-din-gorj-2\/\" target=\"_blank\" rel=\"noopener\">Implementare proiect Pact pentru s\u0103n\u0103tatea mediului din Gorj<\/a><\/strong><\/li><li><a href=\"https:\/\/4ader.ro\/index.php\/targu-jiu-schimba-pet-ul-cu-biletul-partener-ader\/\" target=\"_blank\" rel=\"noopener\"><strong>T\u00e2rgu Jiu &#8211; Schimb\u0103 PET-ul cu biletul \u2013 partener ADER<\/strong><\/a><\/li><li><a href=\"https:\/\/4ader.ro\/index.php\/adera-la-o-conduita-preventiva-in-lumea-virtuala-1\/\" target=\"_blank\" rel=\"noopener\"><strong>Implementare proiect Ader\u0103 la o conduit\u0103 preventiv\u0103 \u00een lumea <\/strong><strong>virtual\u0103<\/strong><\/a><\/li><li><a href=\"https:\/\/4ader.ro\/index.php\/voluntar-in-targu-jiu-1\/\" target=\"_blank\" rel=\"noopener\"><strong>Implementare proiect Voluntar \u00een T\u00e2rgu-Jiu<\/strong><\/a><\/li><li><a href=\"https:\/\/4ader.ro\/index.php\/daruieste-pentru-viitor\/\" target=\"_blank\" rel=\"noopener\"><strong>D\u0103ruie\u0219te pentru viitor \u2013 partener<\/strong><\/a><\/li><\/ul>\t\t\t\t\t\t\t\t<\/div>\n\t\t\t\t<\/div>\n\t\t\t\t<\/div>\n\t\t\t\t<\/div>\n\t\t","protected":false},"excerpt":{"rendered":"<p>Proiecte 2022: Lansare de carte Recital pian Concurs tematic \u201eDrag de tine!\u201d Apari\u021bie nr. 1\/2022 din Journal of Research and Innovation for Sustainable Society Seminarul National de Organe de Masini, edi\u021bia 40 Turneul Stradivarius \u2013 partener Lansare de carte Implementare proiect Din dragoste pentru Br\u00e2ncu\u0219i Implementare proiect Superman e printre noi! Apari\u021bie nr. 2\/2022 Journal&#8230;<\/p>\n","protected":false},"author":2,"featured_media":0,"parent":0,"menu_order":0,"comment_status":"closed","ping_status":"closed","template":"","meta":{"_kad_post_transparent":"","_kad_post_title":"hide","_kad_post_layout":"fullwidth","_kad_post_sidebar_id":"","_kad_post_content_style":"boxed","_kad_post_vertical_padding":"hide","_kad_post_feature":"hide","_kad_post_feature_position":"","_kad_post_header":false,"_kad_post_footer":false,"_kad_post_classname":"","footnotes":""},"class_list":["post-1958","page","type-page","status-publish","hentry"],"rttpg_featured_image_url":null,"rttpg_author":{"display_name":"Calina Denis","author_link":"https:\/\/4ader.ro\/index.php\/author\/denis_1\/"},"rttpg_comment":0,"rttpg_category":null,"rttpg_excerpt":"Proiecte 2022: Lansare de carte Recital pian Concurs tematic \u201eDrag de tine!\u201d Apari\u021bie nr. 1\/2022 din Journal of Research and Innovation for Sustainable Society Seminarul National de Organe de Masini, edi\u021bia 40 Turneul Stradivarius \u2013 partener Lansare de carte Implementare proiect Din dragoste pentru Br\u00e2ncu\u0219i Implementare proiect Superman e printre noi! Apari\u021bie nr. 2\/2022 Journal...","_links":{"self":[{"href":"https:\/\/4ader.ro\/index.php\/wp-json\/wp\/v2\/pages\/1958","targetHints":{"allow":["GET"]}}],"collection":[{"href":"https:\/\/4ader.ro\/index.php\/wp-json\/wp\/v2\/pages"}],"about":[{"href":"https:\/\/4ader.ro\/index.php\/wp-json\/wp\/v2\/types\/page"}],"author":[{"embeddable":true,"href":"https:\/\/4ader.ro\/index.php\/wp-json\/wp\/v2\/users\/2"}],"replies":[{"embeddable":true,"href":"https:\/\/4ader.ro\/index.php\/wp-json\/wp\/v2\/comments?post=1958"}],"version-history":[{"count":10,"href":"https:\/\/4ader.ro\/index.php\/wp-json\/wp\/v2\/pages\/1958\/revisions"}],"predecessor-version":[{"id":2080,"href":"https:\/\/4ader.ro\/index.php\/wp-json\/wp\/v2\/pages\/1958\/revisions\/2080"}],"wp:attachment":[{"href":"https:\/\/4ader.ro\/index.php\/wp-json\/wp\/v2\/media?parent=1958"}],"curies":[{"name":"wp","href":"https:\/\/api.w.org\/{rel}","templated":true}]}}