{"id":1957,"date":"2024-10-21T09:56:25","date_gmt":"2024-10-21T06:56:25","guid":{"rendered":"https:\/\/4ader.ro\/?page_id=1957"},"modified":"2024-10-21T11:44:45","modified_gmt":"2024-10-21T08:44:45","slug":"proiecte-2021","status":"publish","type":"page","link":"https:\/\/4ader.ro\/index.php\/proiecte-2021\/","title":{"rendered":"Proiecte 2021"},"content":{"rendered":"\t\t<div data-elementor-type=\"wp-page\" data-elementor-id=\"1957\" class=\"elementor elementor-1957\">\n\t\t\t\t<div class=\"elementor-element elementor-element-c85c370 e-con-full e-flex e-con e-parent\" data-id=\"c85c370\" data-element_type=\"container\">\n\t\t\t\t<div class=\"elementor-element elementor-element-484aa3d elementor-widget__width-initial elementor-widget elementor-widget-heading\" data-id=\"484aa3d\" data-element_type=\"widget\" data-widget_type=\"heading.default\">\n\t\t\t\t<div class=\"elementor-widget-container\">\n\t\t\t\t\t<h2 class=\"elementor-heading-title elementor-size-default\">Proiecte 2021:<\/h2>\t\t\t\t<\/div>\n\t\t\t\t<\/div>\n\t\t\t\t<\/div>\n\t\t<div class=\"elementor-element elementor-element-9dc3e5d e-con-full e-flex e-con e-parent\" data-id=\"9dc3e5d\" data-element_type=\"container\">\n\t\t\t\t<div class=\"elementor-element elementor-element-582a79d elementor-widget__width-initial elementor-widget elementor-widget-text-editor\" data-id=\"582a79d\" data-element_type=\"widget\" data-widget_type=\"text-editor.default\">\n\t\t\t\t<div class=\"elementor-widget-container\">\n\t\t\t\t\t\t\t\t\t<ul><li>Pasivitatea nu opre\u0219te bullying-ul!<\/li><li>200 de ani de la Revolu\u021bia lui Tudor Vladimirescu<\/li><li>ADER\u0103 la voluntariat!<\/li><li>\u0218anse egale tuturor!<\/li><li>O carte \u00een plus!<\/li><li>Apari\u021bie Volumul 3, nr. 1\/2021 Journal of Research and<br \/>Innovation for Sustainable Society<\/li><li>Festivalul Lavandinne 2021, Editia II<\/li><li>Spectacol de teatru in scop caritabil &#8211; Totul despre femei<\/li><li>Turneul Stradivarius-Od\u0103 Bucuriei<\/li><li>D\u0103ruie\u0219te pentru Viitor!<\/li><li>Expozitie: &#8220;Sabia Revolu\u021biei&#8221;<\/li><li>Ziua european\u0103 a limbilor<\/li><li>Ziua Educa\u021biei privit\u0103 prin ochii unui elev<\/li><li>200 de c\u0103r\u021bi pentru 200 de ani de istorie<\/li><li>Apari\u021bie Volumul 3, nr. 2\/2021 Journal of Research and<br \/>Innovation for Sustainable Society<\/li><li>Partener proiect \u201cTargu Jiu &#8211; Capitala Tineretului 2023\u201d<\/li><li>Respect Eroilor\u201989<br \/>ADER\u0103 la un stil de via\u021b\u0103 s\u0103n\u0103tos!<\/li><\/ul>\t\t\t\t\t\t\t\t<\/div>\n\t\t\t\t<\/div>\n\t\t\t\t<\/div>\n\t\t\t\t<\/div>\n\t\t","protected":false},"excerpt":{"rendered":"<p>Proiecte 2021: Pasivitatea nu opre\u0219te bullying-ul! 200 de ani de la Revolu\u021bia lui Tudor Vladimirescu ADER\u0103 la voluntariat! \u0218anse egale tuturor! O carte \u00een plus! Apari\u021bie Volumul 3, nr. 1\/2021 Journal of Research andInnovation for Sustainable Society Festivalul Lavandinne 2021, Editia II Spectacol de teatru in scop caritabil &#8211; Totul despre femei Turneul Stradivarius-Od\u0103 Bucuriei&#8230;<\/p>\n","protected":false},"author":2,"featured_media":0,"parent":0,"menu_order":0,"comment_status":"closed","ping_status":"closed","template":"","meta":{"_kad_post_transparent":"","_kad_post_title":"hide","_kad_post_layout":"fullwidth","_kad_post_sidebar_id":"","_kad_post_content_style":"boxed","_kad_post_vertical_padding":"hide","_kad_post_feature":"hide","_kad_post_feature_position":"","_kad_post_header":false,"_kad_post_footer":false,"_kad_post_classname":"","footnotes":""},"class_list":["post-1957","page","type-page","status-publish","hentry"],"rttpg_featured_image_url":null,"rttpg_author":{"display_name":"Calina Denis","author_link":"https:\/\/4ader.ro\/index.php\/author\/denis_1\/"},"rttpg_comment":0,"rttpg_category":null,"rttpg_excerpt":"Proiecte 2021: Pasivitatea nu opre\u0219te bullying-ul! 200 de ani de la Revolu\u021bia lui Tudor Vladimirescu ADER\u0103 la voluntariat! \u0218anse egale tuturor! O carte \u00een plus! Apari\u021bie Volumul 3, nr. 1\/2021 Journal of Research andInnovation for Sustainable Society Festivalul Lavandinne 2021, Editia II Spectacol de teatru in scop caritabil &#8211; Totul despre femei Turneul Stradivarius-Od\u0103 Bucuriei...","_links":{"self":[{"href":"https:\/\/4ader.ro\/index.php\/wp-json\/wp\/v2\/pages\/1957","targetHints":{"allow":["GET"]}}],"collection":[{"href":"https:\/\/4ader.ro\/index.php\/wp-json\/wp\/v2\/pages"}],"about":[{"href":"https:\/\/4ader.ro\/index.php\/wp-json\/wp\/v2\/types\/page"}],"author":[{"embeddable":true,"href":"https:\/\/4ader.ro\/index.php\/wp-json\/wp\/v2\/users\/2"}],"replies":[{"embeddable":true,"href":"https:\/\/4ader.ro\/index.php\/wp-json\/wp\/v2\/comments?post=1957"}],"version-history":[{"count":10,"href":"https:\/\/4ader.ro\/index.php\/wp-json\/wp\/v2\/pages\/1957\/revisions"}],"predecessor-version":[{"id":1995,"href":"https:\/\/4ader.ro\/index.php\/wp-json\/wp\/v2\/pages\/1957\/revisions\/1995"}],"wp:attachment":[{"href":"https:\/\/4ader.ro\/index.php\/wp-json\/wp\/v2\/media?parent=1957"}],"curies":[{"name":"wp","href":"https:\/\/api.w.org\/{rel}","templated":true}]}}