{"id":1956,"date":"2024-10-21T09:57:02","date_gmt":"2024-10-21T06:57:02","guid":{"rendered":"https:\/\/4ader.ro\/?page_id=1956"},"modified":"2024-10-22T09:43:32","modified_gmt":"2024-10-22T06:43:32","slug":"proiecte-2020","status":"publish","type":"page","link":"https:\/\/4ader.ro\/index.php\/proiecte-2020\/","title":{"rendered":"Proiecte 2020"},"content":{"rendered":"\t\t<div data-elementor-type=\"wp-page\" data-elementor-id=\"1956\" class=\"elementor elementor-1956\">\n\t\t\t\t<div class=\"elementor-element elementor-element-c85c370 e-con-full e-flex e-con e-parent\" data-id=\"c85c370\" data-element_type=\"container\">\n\t\t\t\t<div class=\"elementor-element elementor-element-484aa3d elementor-widget elementor-widget-heading\" data-id=\"484aa3d\" data-element_type=\"widget\" data-widget_type=\"heading.default\">\n\t\t\t\t<div class=\"elementor-widget-container\">\n\t\t\t\t\t<h2 class=\"elementor-heading-title elementor-size-default\">Proiecte 2020:<\/h2>\t\t\t\t<\/div>\n\t\t\t\t<\/div>\n\t\t\t\t<\/div>\n\t\t<div class=\"elementor-element elementor-element-9dc3e5d e-con-full e-flex e-con e-parent\" data-id=\"9dc3e5d\" data-element_type=\"container\">\n\t\t\t\t<div class=\"elementor-element elementor-element-582a79d elementor-widget__width-initial elementor-widget elementor-widget-text-editor\" data-id=\"582a79d\" data-element_type=\"widget\" data-widget_type=\"text-editor.default\">\n\t\t\t\t<div class=\"elementor-widget-container\">\n\t\t\t\t\t\t\t\t\t<p>Lansare de carte<\/p><p>Studiu sociologic<\/p><p>Salv\u0103m \u00cengerii Albi<\/p><p>TEDx T\u00e2rgu Jiu \u2013 partener ADER<\/p><p>Achizi\u021bionare aparat genetic \u2013 partener ADER<\/p><p>Apari\u021bie nr. 1\/2020 Journal of Research and Innovation for Sustainable Society<\/p><p>Implementare proiect Al\u0103turi de bunici!<\/p><p>Festivalul Lavandei, Editia I<\/p><p>Implementare proiect Din dragoste pentru Br\u00e2ncu\u0219i!<\/p><p>Campanie: EU IES LA VOT -alegerile locale, 27 septembrie 2020<\/p><p>Dreptate pentru p\u0103duri<\/p><p>Apari\u021bie nr. 2\/2020 Journal of Research and Innovation for Sustainable Society<\/p><p>Actiune promovare Voluntariat-5 decembrie Ziua Internationala a<br \/>voluntariatului<\/p><p>Campanie: EU IES LA VOT &#8211; alegerile parlamentare, 6 decembrie 2020<\/p><p>D\u0103ruie\u0219te pentru viitor \u2013 partener ADER<\/p><p>ADER e \u201cSecret Santa\u201d pentru tine<\/p><p>Cel mai frumos brad de Cr\u0103ciun<\/p>\t\t\t\t\t\t\t\t<\/div>\n\t\t\t\t<\/div>\n\t\t\t\t<\/div>\n\t\t\t\t<\/div>\n\t\t","protected":false},"excerpt":{"rendered":"<p>Proiecte 2020: Lansare de carte Studiu sociologic Salv\u0103m \u00cengerii Albi TEDx T\u00e2rgu Jiu \u2013 partener ADER Achizi\u021bionare aparat genetic \u2013 partener ADER Apari\u021bie nr. 1\/2020 Journal of Research and Innovation for Sustainable Society Implementare proiect Al\u0103turi de bunici! Festivalul Lavandei, Editia I Implementare proiect Din dragoste pentru Br\u00e2ncu\u0219i! Campanie: EU IES LA VOT -alegerile locale,&#8230;<\/p>\n","protected":false},"author":2,"featured_media":0,"parent":0,"menu_order":0,"comment_status":"closed","ping_status":"closed","template":"","meta":{"_kad_post_transparent":"","_kad_post_title":"hide","_kad_post_layout":"fullwidth","_kad_post_sidebar_id":"","_kad_post_content_style":"boxed","_kad_post_vertical_padding":"hide","_kad_post_feature":"hide","_kad_post_feature_position":"","_kad_post_header":false,"_kad_post_footer":false,"_kad_post_classname":"","footnotes":""},"class_list":["post-1956","page","type-page","status-publish","hentry"],"rttpg_featured_image_url":null,"rttpg_author":{"display_name":"Calina Denis","author_link":"https:\/\/4ader.ro\/index.php\/author\/denis_1\/"},"rttpg_comment":0,"rttpg_category":null,"rttpg_excerpt":"Proiecte 2020: Lansare de carte Studiu sociologic Salv\u0103m \u00cengerii Albi TEDx T\u00e2rgu Jiu \u2013 partener ADER Achizi\u021bionare aparat genetic \u2013 partener ADER Apari\u021bie nr. 1\/2020 Journal of Research and Innovation for Sustainable Society Implementare proiect Al\u0103turi de bunici! Festivalul Lavandei, Editia I Implementare proiect Din dragoste pentru Br\u00e2ncu\u0219i! Campanie: EU IES LA VOT -alegerile locale,...","_links":{"self":[{"href":"https:\/\/4ader.ro\/index.php\/wp-json\/wp\/v2\/pages\/1956","targetHints":{"allow":["GET"]}}],"collection":[{"href":"https:\/\/4ader.ro\/index.php\/wp-json\/wp\/v2\/pages"}],"about":[{"href":"https:\/\/4ader.ro\/index.php\/wp-json\/wp\/v2\/types\/page"}],"author":[{"embeddable":true,"href":"https:\/\/4ader.ro\/index.php\/wp-json\/wp\/v2\/users\/2"}],"replies":[{"embeddable":true,"href":"https:\/\/4ader.ro\/index.php\/wp-json\/wp\/v2\/comments?post=1956"}],"version-history":[{"count":13,"href":"https:\/\/4ader.ro\/index.php\/wp-json\/wp\/v2\/pages\/1956\/revisions"}],"predecessor-version":[{"id":2053,"href":"https:\/\/4ader.ro\/index.php\/wp-json\/wp\/v2\/pages\/1956\/revisions\/2053"}],"wp:attachment":[{"href":"https:\/\/4ader.ro\/index.php\/wp-json\/wp\/v2\/media?parent=1956"}],"curies":[{"name":"wp","href":"https:\/\/api.w.org\/{rel}","templated":true}]}}