{"id":1879,"date":"2024-10-18T10:23:06","date_gmt":"2024-10-18T07:23:06","guid":{"rendered":"https:\/\/4ader.ro\/?page_id=1879"},"modified":"2024-10-18T10:26:01","modified_gmt":"2024-10-18T07:26:01","slug":"voluntar-in-targu-jiu-1","status":"publish","type":"page","link":"https:\/\/4ader.ro\/index.php\/voluntar-in-targu-jiu-1\/","title":{"rendered":"VOLUNTAR \u00ceN T\u00c2RGU-JIU (1)"},"content":{"rendered":"\t\t<div data-elementor-type=\"wp-page\" data-elementor-id=\"1879\" class=\"elementor elementor-1879\">\n\t\t\t\t<div class=\"elementor-element elementor-element-6b7413c e-flex e-con-boxed e-con e-parent\" data-id=\"6b7413c\" data-element_type=\"container\" data-settings=\"{&quot;background_background&quot;:&quot;classic&quot;}\">\n\t\t\t\t\t<div class=\"e-con-inner\">\n\t\t\t\t<div class=\"elementor-element elementor-element-df78692 elementor-widget elementor-widget-heading\" data-id=\"df78692\" data-element_type=\"widget\" data-widget_type=\"heading.default\">\n\t\t\t\t<div class=\"elementor-widget-container\">\n\t\t\t\t\t<h2 class=\"elementor-heading-title elementor-size-default\">VOLUNTAR \u00ceN T\u00c2RGU-JIU (1) - Septembrie \u2013 Decembrie 2022<\/h2>\t\t\t\t<\/div>\n\t\t\t\t<\/div>\n\t\t\t\t<div class=\"elementor-element elementor-element-fac28ec elementor-widget elementor-widget-text-editor\" data-id=\"fac28ec\" data-element_type=\"widget\" data-widget_type=\"text-editor.default\">\n\t\t\t\t<div class=\"elementor-widget-container\">\n\t\t\t\t\t\t\t\t\t<p>Asocia\u021bia pentru Democra\u021bie Educa\u021bie Respect a organizat \u00een perioada Septembrie \u2013 Decembrie 2022 proiectul \u201cVOLUNTAR \u00ceN T\u00c2RGU-JIU\u201d. Proiectul a fost realizat cu sprijinul UAT Municipiul T\u00e2rgu Jiu \u0219i al Consiliului Local T\u00e2rgu Jiu. Con\u021binutul acestui proiect nu reflect\u0103 neap\u0103rat pozi\u021bia UAT Municipiul T\u00e2rgu Jiu \u0219i nu implic\u0103 nicio responsabilitate din partea acesteia.<\/p><p><br \/>Scopul proiectului a fost promovarea voluntariatului \u00een municipiul T\u00e2rgu-Jiu \u00een r\u00e2ndul tinerilor cu v\u00e2rste cuprinse<br \/>\u00eentre 14\u201335 ani prin metode non-formale. <br \/><br \/><\/p><p>Principalele obiective urm\u0103rite prin implementarea proiectului au fost: cre\u0219terea gradului de con\u0219tientizare a tinerilor cu privire la valoarea voluntariatului pentru comunitatea local\u0103; cre\u015fterea calit\u0103\u0163ii experien\u0163ei de voluntariat \u015fi asigurarea caracterului inclusiv al voluntariatului, pe fondul schimb\u0103rilor demografice \u015fi al orient\u0103rilor valorice ale popula\u0163iei; cre\u015fterea gradului de promovare a voluntariatului \u00een r\u00e2ndul comunit\u0103\u021bii locale.<\/p><p><br \/>Beneficiarii direc\u021bi ai proiectului au fost peste 220 tineri (14 \u2013 35 ani) din Municipiul T\u00e2rgu-Jiu.<\/p><p><br \/>Activit\u0103\u021bile destinate grupului \u021bint\u0103 au fost urm\u0103toarele:<br \/>1. Seminar interactiv \u201eVoluntar \u00een T\u00e2rgu-Jiu\u201d \u2013 la care au participat 223 elevi afilia\u021bi la 3 licee din T\u00e2rgu Jiu, astfel:<br \/>3.1.1. Luni, 07 noiembrie 2022 &#8211; Colegiul Economic &#8220;Virgil Madgearu&#8221; T\u00e2rgu-Jiu<br \/>3.1.2. Miercuri, 09 noiembrie 2022 &#8211; Colegiul Na\u021bional \u201eSpiru Haret\u201d T\u00e2rgu-Jiu<br \/>3.1.3. Luni, 14 noiembrie 2022 &#8211; Liceul de Arte &#8220;Constantin Br\u0103iloiu&#8221; T\u00e2rgu-Jiu<\/p><p><br \/>Mentorul seminarului a fost chiar pre\u0219edintele ADER, \u0218tefan Sorinel Ghimi\u0219i care i-a ajutat pe tineri s\u0103<br \/>g\u0103seasc\u0103 cele mai bune r\u0103spunsuri la \u00eentreb\u0103ri ca: De ce s\u0103 fiu voluntar? Cum pot fi voluntar? Care sunt calit\u0103\u021bile \u0219i<br \/>responsabilit\u0103\u021bile unui voluntar?. Aceste seminare au avut ca obiectiv dezvoltarea atitudinii necesare implic\u0103rii active<br \/>\u00een schimbarea si dezvoltarea comunit\u0103\u021bii locale.<\/p>\t\t\t\t\t\t\t\t<\/div>\n\t\t\t\t<\/div>\n\t\t\t\t<div class=\"elementor-element elementor-element-3f20f7a elementor-widget elementor-widget-image-gallery\" data-id=\"3f20f7a\" data-element_type=\"widget\" data-widget_type=\"image-gallery.default\">\n\t\t\t\t<div class=\"elementor-widget-container\">\n\t\t\t\t\t\t\t<div class=\"elementor-image-gallery\">\n\t\t\t<div id='gallery-1' class='gallery galleryid-1879 gallery-columns-3 gallery-size-thumbnail'><figure class='gallery-item'>\n\t\t\t<div class='gallery-icon portrait'>\n\t\t\t\t<a data-elementor-open-lightbox=\"yes\" data-elementor-lightbox-slideshow=\"3f20f7a\" data-elementor-lightbox-title=\"42\" data-e-action-hash=\"#elementor-action%3Aaction%3Dlightbox%26settings%3DeyJpZCI6MTg4MSwidXJsIjoiaHR0cHM6XC9cLzRhZGVyLnJvXC93cC1jb250ZW50XC91cGxvYWRzXC8yMDI0XC8xMFwvNDIuanBnIiwic2xpZGVzaG93IjoiM2YyMGY3YSJ9\" href='https:\/\/4ader.ro\/wp-content\/uploads\/2024\/10\/42.jpg'><img decoding=\"async\" width=\"150\" height=\"150\" src=\"https:\/\/4ader.ro\/wp-content\/uploads\/2024\/10\/42-150x150.jpg\" class=\"attachment-thumbnail size-thumbnail\" alt=\"\" \/><\/a>\n\t\t\t<\/div><\/figure><figure class='gallery-item'>\n\t\t\t<div class='gallery-icon landscape'>\n\t\t\t\t<a data-elementor-open-lightbox=\"yes\" data-elementor-lightbox-slideshow=\"3f20f7a\" data-elementor-lightbox-title=\"43\" data-e-action-hash=\"#elementor-action%3Aaction%3Dlightbox%26settings%3DeyJpZCI6MTg4MiwidXJsIjoiaHR0cHM6XC9cLzRhZGVyLnJvXC93cC1jb250ZW50XC91cGxvYWRzXC8yMDI0XC8xMFwvNDMuanBnIiwic2xpZGVzaG93IjoiM2YyMGY3YSJ9\" href='https:\/\/4ader.ro\/wp-content\/uploads\/2024\/10\/43.jpg'><img decoding=\"async\" width=\"150\" height=\"150\" src=\"https:\/\/4ader.ro\/wp-content\/uploads\/2024\/10\/43-150x150.jpg\" class=\"attachment-thumbnail size-thumbnail\" alt=\"\" \/><\/a>\n\t\t\t<\/div><\/figure><figure class='gallery-item'>\n\t\t\t<div class='gallery-icon landscape'>\n\t\t\t\t<a data-elementor-open-lightbox=\"yes\" data-elementor-lightbox-slideshow=\"3f20f7a\" data-elementor-lightbox-title=\"44\" data-e-action-hash=\"#elementor-action%3Aaction%3Dlightbox%26settings%3DeyJpZCI6MTg4MywidXJsIjoiaHR0cHM6XC9cLzRhZGVyLnJvXC93cC1jb250ZW50XC91cGxvYWRzXC8yMDI0XC8xMFwvNDQuanBnIiwic2xpZGVzaG93IjoiM2YyMGY3YSJ9\" href='https:\/\/4ader.ro\/wp-content\/uploads\/2024\/10\/44.jpg'><img decoding=\"async\" width=\"150\" height=\"150\" src=\"https:\/\/4ader.ro\/wp-content\/uploads\/2024\/10\/44-150x150.jpg\" class=\"attachment-thumbnail size-thumbnail\" alt=\"\" \/><\/a>\n\t\t\t<\/div><\/figure>\n\t\t<\/div>\n\t\t<\/div>\n\t\t\t\t\t\t<\/div>\n\t\t\t\t<\/div>\n\t\t\t\t<div class=\"elementor-element elementor-element-0ea7bce elementor-widget elementor-widget-spacer\" data-id=\"0ea7bce\" data-element_type=\"widget\" data-widget_type=\"spacer.default\">\n\t\t\t\t<div class=\"elementor-widget-container\">\n\t\t\t\t\t\t\t<div class=\"elementor-spacer\">\n\t\t\t<div class=\"elementor-spacer-inner\"><\/div>\n\t\t<\/div>\n\t\t\t\t\t\t<\/div>\n\t\t\t\t<\/div>\n\t\t\t\t\t<\/div>\n\t\t\t\t<\/div>\n\t\t\t\t<\/div>\n\t\t","protected":false},"excerpt":{"rendered":"<p>VOLUNTAR \u00ceN T\u00c2RGU-JIU (1) &#8211; Septembrie \u2013 Decembrie 2022 Asocia\u021bia pentru Democra\u021bie Educa\u021bie Respect a organizat \u00een perioada Septembrie \u2013 Decembrie 2022 proiectul \u201cVOLUNTAR \u00ceN T\u00c2RGU-JIU\u201d. Proiectul a fost realizat cu sprijinul UAT Municipiul T\u00e2rgu Jiu \u0219i al Consiliului Local T\u00e2rgu Jiu. Con\u021binutul acestui proiect nu reflect\u0103 neap\u0103rat pozi\u021bia UAT Municipiul T\u00e2rgu Jiu \u0219i nu&#8230;<\/p>\n","protected":false},"author":2,"featured_media":0,"parent":0,"menu_order":0,"comment_status":"closed","ping_status":"closed","template":"","meta":{"_kad_post_transparent":"","_kad_post_title":"hide","_kad_post_layout":"fullwidth","_kad_post_sidebar_id":"","_kad_post_content_style":"unboxed","_kad_post_vertical_padding":"hide","_kad_post_feature":"hide","_kad_post_feature_position":"","_kad_post_header":false,"_kad_post_footer":false,"_kad_post_classname":"","footnotes":""},"class_list":["post-1879","page","type-page","status-publish","hentry"],"rttpg_featured_image_url":null,"rttpg_author":{"display_name":"Calina Denis","author_link":"https:\/\/4ader.ro\/index.php\/author\/denis_1\/"},"rttpg_comment":0,"rttpg_category":null,"rttpg_excerpt":"VOLUNTAR \u00ceN T\u00c2RGU-JIU (1) &#8211; Septembrie \u2013 Decembrie 2022 Asocia\u021bia pentru Democra\u021bie Educa\u021bie Respect a organizat \u00een perioada Septembrie \u2013 Decembrie 2022 proiectul \u201cVOLUNTAR \u00ceN T\u00c2RGU-JIU\u201d. Proiectul a fost realizat cu sprijinul UAT Municipiul T\u00e2rgu Jiu \u0219i al Consiliului Local T\u00e2rgu Jiu. Con\u021binutul acestui proiect nu reflect\u0103 neap\u0103rat pozi\u021bia UAT Municipiul T\u00e2rgu Jiu \u0219i nu...","_links":{"self":[{"href":"https:\/\/4ader.ro\/index.php\/wp-json\/wp\/v2\/pages\/1879","targetHints":{"allow":["GET"]}}],"collection":[{"href":"https:\/\/4ader.ro\/index.php\/wp-json\/wp\/v2\/pages"}],"about":[{"href":"https:\/\/4ader.ro\/index.php\/wp-json\/wp\/v2\/types\/page"}],"author":[{"embeddable":true,"href":"https:\/\/4ader.ro\/index.php\/wp-json\/wp\/v2\/users\/2"}],"replies":[{"embeddable":true,"href":"https:\/\/4ader.ro\/index.php\/wp-json\/wp\/v2\/comments?post=1879"}],"version-history":[{"count":4,"href":"https:\/\/4ader.ro\/index.php\/wp-json\/wp\/v2\/pages\/1879\/revisions"}],"predecessor-version":[{"id":1886,"href":"https:\/\/4ader.ro\/index.php\/wp-json\/wp\/v2\/pages\/1879\/revisions\/1886"}],"wp:attachment":[{"href":"https:\/\/4ader.ro\/index.php\/wp-json\/wp\/v2\/media?parent=1879"}],"curies":[{"name":"wp","href":"https:\/\/api.w.org\/{rel}","templated":true}]}}