{"id":1810,"date":"2024-10-18T09:38:46","date_gmt":"2024-10-18T06:38:46","guid":{"rendered":"https:\/\/4ader.ro\/?page_id=1810"},"modified":"2024-10-18T09:43:50","modified_gmt":"2024-10-18T06:43:50","slug":"superman-e-printre-noi","status":"publish","type":"page","link":"https:\/\/4ader.ro\/index.php\/superman-e-printre-noi\/","title":{"rendered":"Superman e printre noi!"},"content":{"rendered":"\t\t<div data-elementor-type=\"wp-page\" data-elementor-id=\"1810\" class=\"elementor elementor-1810\">\n\t\t\t\t<div class=\"elementor-element elementor-element-6b7413c e-con-full e-flex e-con e-parent\" data-id=\"6b7413c\" data-element_type=\"container\" data-settings=\"{&quot;background_background&quot;:&quot;classic&quot;}\">\n\t\t\t\t<div class=\"elementor-element elementor-element-df78692 elementor-widget elementor-widget-heading\" data-id=\"df78692\" data-element_type=\"widget\" data-widget_type=\"heading.default\">\n\t\t\t\t<div class=\"elementor-widget-container\">\n\t\t\t\t\t<h2 class=\"elementor-heading-title elementor-size-default\">Superman e printre noi! 01 iunie \u2013 30 octombrie 2022<\/h2>\t\t\t\t<\/div>\n\t\t\t\t<\/div>\n\t\t\t\t<div class=\"elementor-element elementor-element-fac28ec elementor-widget elementor-widget-text-editor\" data-id=\"fac28ec\" data-element_type=\"widget\" data-widget_type=\"text-editor.default\">\n\t\t\t\t<div class=\"elementor-widget-container\">\n\t\t\t\t\t\t\t\t\t<p>Asocia\u021bia pentru Democra\u021bie Educa\u021bie Respect a organizat \u00een perioada 01.07 &#8211; 30.10.2022 proiectul \u201cSuperman e printre noi!\u201d finan\u0163at prin programul Start ONG, lansat de Kaufland Rom\u00e2nia \u015fi implementat de Asocia\u0163ia Act for Tomorrow.<\/p><p>Scopul proiectului a fost de a capacita tinerii \u00een a se implica \u00een prevenirea \u0219i combaterea fenomenelor de alienare, bullying \u0219i manipulare.<\/p><p>Principalele obiective urm\u0103rite prin implementarea proiectului au fost: cre\u0219terea gradului de con\u0219tientizare a efectelor nocive ale bullying-ului; prevenirea \u0219i combaterea bullying-ului.<\/p><p>Beneficiarii direc\u021bi ai proiectului au fost peste 430 elevi \u0219i 20 cadre didactice de la \u0219coli din jude\u021bul Gorj.<\/p><p>\u00cen perioada 01 iunie \u2013 30 octombrie 2022, au avut loc urm\u0103toarele activit\u0103\u021bi destinate grupului \u021bint\u0103: &#8211; Seminarul interactiv \u201cEroul dintre noi!\u201d \u00een cadrul c\u0103ruia voluntari, elevi la Liceul de Arte din T\u00e2rgu-Jiu au jucat o scenet\u0103 de teatru care a exemplificat aspecte de bullying \u0219i a eviden\u021biat impactul negativ asupra individului \u0219i comunit\u0103\u021bii din care face parte. De asemenea, elevii au primi mape personalizate con\u021bin\u00e2nd pliante informative, pixuri \u0219i diverse produse alimentare.<\/p><p>Cele 11 seminare interactive au fost desf\u0103\u0219urate \u00een s\u0103lile de clas\u0103 ale urm\u0103toarelor \u0219coli din Gorj: \u0218coala Gimnazial\u0103 Dr\u0103gute\u0219ti, Liceul de Arte Constantin Br\u0103iloiu din T\u00e2rgu-Jiu, Colegiul Na\u021bional Spiru Haret din T\u00e2rgu-Jiu, \u0218coala Gimnazial\u0103 Alexandru \u0218tefulescu din T\u00e2rgu-Jiu, \u0218coala Gimnazial\u0103 Constantin S\u0103voiu din T\u00e2rgu Jiu, \u0218coala Gimnazial\u0103 din T\u00e2rgu C\u0103rbune\u0219ti. Liceul Tehnologic din Tismana, Liceul Constantin Br\u00e2ncusi din Pe\u0219tisani.<\/p><p>Elaborarea \u0219i distribuirea filmului educa\u021bional \u201eSuperman e printre noi!\u201d \u00een cadrul seminarelor interactive, \u00een mediul online \u0219i pe televiziunile locale.<\/p>\t\t\t\t\t\t\t\t<\/div>\n\t\t\t\t<\/div>\n\t\t\t\t<div class=\"elementor-element elementor-element-3f20f7a elementor-widget elementor-widget-image-gallery\" data-id=\"3f20f7a\" data-element_type=\"widget\" data-widget_type=\"image-gallery.default\">\n\t\t\t\t<div class=\"elementor-widget-container\">\n\t\t\t\t\t\t\t<div class=\"elementor-image-gallery\">\n\t\t\t<div id='gallery-1' class='gallery galleryid-1810 gallery-columns-4 gallery-size-thumbnail'><figure class='gallery-item'>\n\t\t\t<div class='gallery-icon landscape'>\n\t\t\t\t<a data-elementor-open-lightbox=\"yes\" data-elementor-lightbox-slideshow=\"3f20f7a\" data-elementor-lightbox-title=\"26\" data-e-action-hash=\"#elementor-action%3Aaction%3Dlightbox%26settings%3DeyJpZCI6MTgxMywidXJsIjoiaHR0cHM6XC9cLzRhZGVyLnJvXC93cC1jb250ZW50XC91cGxvYWRzXC8yMDI0XC8xMFwvMjYuanBnIiwic2xpZGVzaG93IjoiM2YyMGY3YSJ9\" href='https:\/\/4ader.ro\/wp-content\/uploads\/2024\/10\/26.jpg'><img decoding=\"async\" width=\"150\" height=\"150\" src=\"https:\/\/4ader.ro\/wp-content\/uploads\/2024\/10\/26-150x150.jpg\" class=\"attachment-thumbnail size-thumbnail\" alt=\"\" \/><\/a>\n\t\t\t<\/div><\/figure><figure class='gallery-item'>\n\t\t\t<div class='gallery-icon landscape'>\n\t\t\t\t<a data-elementor-open-lightbox=\"yes\" data-elementor-lightbox-slideshow=\"3f20f7a\" data-elementor-lightbox-title=\"27\" data-e-action-hash=\"#elementor-action%3Aaction%3Dlightbox%26settings%3DeyJpZCI6MTgxNCwidXJsIjoiaHR0cHM6XC9cLzRhZGVyLnJvXC93cC1jb250ZW50XC91cGxvYWRzXC8yMDI0XC8xMFwvMjcuanBnIiwic2xpZGVzaG93IjoiM2YyMGY3YSJ9\" href='https:\/\/4ader.ro\/wp-content\/uploads\/2024\/10\/27.jpg'><img decoding=\"async\" width=\"150\" height=\"150\" src=\"https:\/\/4ader.ro\/wp-content\/uploads\/2024\/10\/27-150x150.jpg\" class=\"attachment-thumbnail size-thumbnail\" alt=\"\" \/><\/a>\n\t\t\t<\/div><\/figure><figure class='gallery-item'>\n\t\t\t<div class='gallery-icon landscape'>\n\t\t\t\t<a data-elementor-open-lightbox=\"yes\" data-elementor-lightbox-slideshow=\"3f20f7a\" data-elementor-lightbox-title=\"28\" data-e-action-hash=\"#elementor-action%3Aaction%3Dlightbox%26settings%3DeyJpZCI6MTgxNSwidXJsIjoiaHR0cHM6XC9cLzRhZGVyLnJvXC93cC1jb250ZW50XC91cGxvYWRzXC8yMDI0XC8xMFwvMjguanBnIiwic2xpZGVzaG93IjoiM2YyMGY3YSJ9\" href='https:\/\/4ader.ro\/wp-content\/uploads\/2024\/10\/28.jpg'><img decoding=\"async\" width=\"150\" height=\"150\" src=\"https:\/\/4ader.ro\/wp-content\/uploads\/2024\/10\/28-150x150.jpg\" class=\"attachment-thumbnail size-thumbnail\" alt=\"\" \/><\/a>\n\t\t\t<\/div><\/figure><figure class='gallery-item'>\n\t\t\t<div class='gallery-icon landscape'>\n\t\t\t\t<a data-elementor-open-lightbox=\"yes\" data-elementor-lightbox-slideshow=\"3f20f7a\" data-elementor-lightbox-title=\"29\" data-e-action-hash=\"#elementor-action%3Aaction%3Dlightbox%26settings%3DeyJpZCI6MTgxNiwidXJsIjoiaHR0cHM6XC9cLzRhZGVyLnJvXC93cC1jb250ZW50XC91cGxvYWRzXC8yMDI0XC8xMFwvMjkuanBnIiwic2xpZGVzaG93IjoiM2YyMGY3YSJ9\" href='https:\/\/4ader.ro\/wp-content\/uploads\/2024\/10\/29.jpg'><img loading=\"lazy\" decoding=\"async\" width=\"150\" height=\"150\" src=\"https:\/\/4ader.ro\/wp-content\/uploads\/2024\/10\/29-150x150.jpg\" class=\"attachment-thumbnail size-thumbnail\" alt=\"\" \/><\/a>\n\t\t\t<\/div><\/figure>\n\t\t<\/div>\n\t\t<\/div>\n\t\t\t\t\t\t<\/div>\n\t\t\t\t<\/div>\n\t\t\t\t<div class=\"elementor-element elementor-element-0ea7bce elementor-widget elementor-widget-spacer\" data-id=\"0ea7bce\" data-element_type=\"widget\" data-widget_type=\"spacer.default\">\n\t\t\t\t<div class=\"elementor-widget-container\">\n\t\t\t\t\t\t\t<div class=\"elementor-spacer\">\n\t\t\t<div class=\"elementor-spacer-inner\"><\/div>\n\t\t<\/div>\n\t\t\t\t\t\t<\/div>\n\t\t\t\t<\/div>\n\t\t\t\t<\/div>\n\t\t\t\t<\/div>\n\t\t","protected":false},"excerpt":{"rendered":"<p>Superman e printre noi! 01 iunie \u2013 30 octombrie 2022 Asocia\u021bia pentru Democra\u021bie Educa\u021bie Respect a organizat \u00een perioada 01.07 &#8211; 30.10.2022 proiectul \u201cSuperman e printre noi!\u201d finan\u0163at prin programul Start ONG, lansat de Kaufland Rom\u00e2nia \u015fi implementat de Asocia\u0163ia Act for Tomorrow. Scopul proiectului a fost de a capacita tinerii \u00een a se implica&#8230;<\/p>\n","protected":false},"author":2,"featured_media":0,"parent":0,"menu_order":0,"comment_status":"closed","ping_status":"closed","template":"","meta":{"_kad_post_transparent":"","_kad_post_title":"hide","_kad_post_layout":"fullwidth","_kad_post_sidebar_id":"","_kad_post_content_style":"unboxed","_kad_post_vertical_padding":"hide","_kad_post_feature":"hide","_kad_post_feature_position":"","_kad_post_header":false,"_kad_post_footer":false,"_kad_post_classname":"","footnotes":""},"class_list":["post-1810","page","type-page","status-publish","hentry"],"rttpg_featured_image_url":null,"rttpg_author":{"display_name":"Calina Denis","author_link":"https:\/\/4ader.ro\/index.php\/author\/denis_1\/"},"rttpg_comment":0,"rttpg_category":null,"rttpg_excerpt":"Superman e printre noi! 01 iunie \u2013 30 octombrie 2022 Asocia\u021bia pentru Democra\u021bie Educa\u021bie Respect a organizat \u00een perioada 01.07 &#8211; 30.10.2022 proiectul \u201cSuperman e printre noi!\u201d finan\u0163at prin programul Start ONG, lansat de Kaufland Rom\u00e2nia \u015fi implementat de Asocia\u0163ia Act for Tomorrow. Scopul proiectului a fost de a capacita tinerii \u00een a se implica...","_links":{"self":[{"href":"https:\/\/4ader.ro\/index.php\/wp-json\/wp\/v2\/pages\/1810","targetHints":{"allow":["GET"]}}],"collection":[{"href":"https:\/\/4ader.ro\/index.php\/wp-json\/wp\/v2\/pages"}],"about":[{"href":"https:\/\/4ader.ro\/index.php\/wp-json\/wp\/v2\/types\/page"}],"author":[{"embeddable":true,"href":"https:\/\/4ader.ro\/index.php\/wp-json\/wp\/v2\/users\/2"}],"replies":[{"embeddable":true,"href":"https:\/\/4ader.ro\/index.php\/wp-json\/wp\/v2\/comments?post=1810"}],"version-history":[{"count":4,"href":"https:\/\/4ader.ro\/index.php\/wp-json\/wp\/v2\/pages\/1810\/revisions"}],"predecessor-version":[{"id":1819,"href":"https:\/\/4ader.ro\/index.php\/wp-json\/wp\/v2\/pages\/1810\/revisions\/1819"}],"wp:attachment":[{"href":"https:\/\/4ader.ro\/index.php\/wp-json\/wp\/v2\/media?parent=1810"}],"curies":[{"name":"wp","href":"https:\/\/api.w.org\/{rel}","templated":true}]}}