{"id":1801,"date":"2024-10-18T09:34:12","date_gmt":"2024-10-18T06:34:12","guid":{"rendered":"https:\/\/4ader.ro\/?page_id=1801"},"modified":"2024-10-18T09:36:43","modified_gmt":"2024-10-18T06:36:43","slug":"din-dragoste-pentru-brancusi-ii","status":"publish","type":"page","link":"https:\/\/4ader.ro\/index.php\/din-dragoste-pentru-brancusi-ii\/","title":{"rendered":"Din Dragoste pentru Br\u00e2ncu\u0219i II"},"content":{"rendered":"\t\t<div data-elementor-type=\"wp-page\" data-elementor-id=\"1801\" class=\"elementor elementor-1801\">\n\t\t\t\t<div class=\"elementor-element elementor-element-6b7413c e-con-full e-flex e-con e-parent\" data-id=\"6b7413c\" data-element_type=\"container\" data-settings=\"{&quot;background_background&quot;:&quot;classic&quot;}\">\n\t\t\t\t<div class=\"elementor-element elementor-element-df78692 elementor-widget elementor-widget-heading\" data-id=\"df78692\" data-element_type=\"widget\" data-widget_type=\"heading.default\">\n\t\t\t\t<div class=\"elementor-widget-container\">\n\t\t\t\t\t<h2 class=\"elementor-heading-title elementor-size-default\">Din Dragoste pentru Br\u00e2ncu\u0219i II - iulie - octombrie 2022<\/h2>\t\t\t\t<\/div>\n\t\t\t\t<\/div>\n\t\t\t\t<div class=\"elementor-element elementor-element-fac28ec elementor-widget elementor-widget-text-editor\" data-id=\"fac28ec\" data-element_type=\"widget\" data-widget_type=\"text-editor.default\">\n\t\t\t\t<div class=\"elementor-widget-container\">\n\t\t\t\t\t\t\t\t\t<p>Asociatia pentru Democratie Educatie Respect (ADER) a implementat \u00een perioda iulie &#8211; octombrie 2022 proiectul Din dragoste pentru Br\u00e2ncu\u0219i II<\/p><p>Proiectul Din dragoste pentru Br\u00e2ncu\u0219i II a fost finantat prin programul Start ONG, iar scopul acestuia: cunoasterea de c\u0103tre copiii din Gorj a mo\u0219tenirii l\u0103sat\u0103 de marele sculptor Constantin<br \/>Br\u00e2ncu\u0219i. S-au organizat ateliere de pictur\u0103 \u0219i lectii interactive l\u00e2ng\u0103 principalele opere br\u00e2ncu\u0219iene din T\u00e2rgu Jiu, peste 200 de copii beneficiind de acestea.<\/p><p>Start ONG este un program lansat de Kaufand Rom\u00e2nia si implementat de Asociatia Act for<br \/>Tomorrow<\/p>\t\t\t\t\t\t\t\t<\/div>\n\t\t\t\t<\/div>\n\t\t\t\t<div class=\"elementor-element elementor-element-3f20f7a elementor-widget elementor-widget-image-gallery\" data-id=\"3f20f7a\" data-element_type=\"widget\" data-widget_type=\"image-gallery.default\">\n\t\t\t\t<div class=\"elementor-widget-container\">\n\t\t\t\t\t\t\t<div class=\"elementor-image-gallery\">\n\t\t\t<div id='gallery-1' class='gallery galleryid-1801 gallery-columns-4 gallery-size-thumbnail'><figure class='gallery-item'>\n\t\t\t<div class='gallery-icon portrait'>\n\t\t\t\t<a data-elementor-open-lightbox=\"yes\" data-elementor-lightbox-slideshow=\"3f20f7a\" data-elementor-lightbox-title=\"22\" data-e-action-hash=\"#elementor-action%3Aaction%3Dlightbox%26settings%3DeyJpZCI6MTgwMywidXJsIjoiaHR0cHM6XC9cLzRhZGVyLnJvXC93cC1jb250ZW50XC91cGxvYWRzXC8yMDI0XC8xMFwvMjIuanBnIiwic2xpZGVzaG93IjoiM2YyMGY3YSJ9\" href='https:\/\/4ader.ro\/wp-content\/uploads\/2024\/10\/22.jpg'><img decoding=\"async\" width=\"150\" height=\"150\" src=\"https:\/\/4ader.ro\/wp-content\/uploads\/2024\/10\/22-150x150.jpg\" class=\"attachment-thumbnail size-thumbnail\" alt=\"\" \/><\/a>\n\t\t\t<\/div><\/figure><figure class='gallery-item'>\n\t\t\t<div class='gallery-icon landscape'>\n\t\t\t\t<a data-elementor-open-lightbox=\"yes\" data-elementor-lightbox-slideshow=\"3f20f7a\" data-elementor-lightbox-title=\"23\" data-e-action-hash=\"#elementor-action%3Aaction%3Dlightbox%26settings%3DeyJpZCI6MTgwNCwidXJsIjoiaHR0cHM6XC9cLzRhZGVyLnJvXC93cC1jb250ZW50XC91cGxvYWRzXC8yMDI0XC8xMFwvMjMuanBnIiwic2xpZGVzaG93IjoiM2YyMGY3YSJ9\" href='https:\/\/4ader.ro\/wp-content\/uploads\/2024\/10\/23.jpg'><img decoding=\"async\" width=\"150\" height=\"150\" src=\"https:\/\/4ader.ro\/wp-content\/uploads\/2024\/10\/23-150x150.jpg\" class=\"attachment-thumbnail size-thumbnail\" alt=\"\" \/><\/a>\n\t\t\t<\/div><\/figure><figure class='gallery-item'>\n\t\t\t<div class='gallery-icon portrait'>\n\t\t\t\t<a data-elementor-open-lightbox=\"yes\" data-elementor-lightbox-slideshow=\"3f20f7a\" data-elementor-lightbox-title=\"24\" data-e-action-hash=\"#elementor-action%3Aaction%3Dlightbox%26settings%3DeyJpZCI6MTgwNSwidXJsIjoiaHR0cHM6XC9cLzRhZGVyLnJvXC93cC1jb250ZW50XC91cGxvYWRzXC8yMDI0XC8xMFwvMjQuanBnIiwic2xpZGVzaG93IjoiM2YyMGY3YSJ9\" href='https:\/\/4ader.ro\/wp-content\/uploads\/2024\/10\/24.jpg'><img decoding=\"async\" width=\"150\" height=\"150\" src=\"https:\/\/4ader.ro\/wp-content\/uploads\/2024\/10\/24-150x150.jpg\" class=\"attachment-thumbnail size-thumbnail\" alt=\"\" \/><\/a>\n\t\t\t<\/div><\/figure><figure class='gallery-item'>\n\t\t\t<div class='gallery-icon portrait'>\n\t\t\t\t<a data-elementor-open-lightbox=\"yes\" data-elementor-lightbox-slideshow=\"3f20f7a\" data-elementor-lightbox-title=\"25\" data-e-action-hash=\"#elementor-action%3Aaction%3Dlightbox%26settings%3DeyJpZCI6MTgwNiwidXJsIjoiaHR0cHM6XC9cLzRhZGVyLnJvXC93cC1jb250ZW50XC91cGxvYWRzXC8yMDI0XC8xMFwvMjUuanBnIiwic2xpZGVzaG93IjoiM2YyMGY3YSJ9\" href='https:\/\/4ader.ro\/wp-content\/uploads\/2024\/10\/25.jpg'><img loading=\"lazy\" decoding=\"async\" width=\"150\" height=\"150\" src=\"https:\/\/4ader.ro\/wp-content\/uploads\/2024\/10\/25-150x150.jpg\" class=\"attachment-thumbnail size-thumbnail\" alt=\"\" \/><\/a>\n\t\t\t<\/div><\/figure>\n\t\t<\/div>\n\t\t<\/div>\n\t\t\t\t\t\t<\/div>\n\t\t\t\t<\/div>\n\t\t\t\t<div class=\"elementor-element elementor-element-0ea7bce elementor-widget elementor-widget-spacer\" data-id=\"0ea7bce\" data-element_type=\"widget\" data-widget_type=\"spacer.default\">\n\t\t\t\t<div class=\"elementor-widget-container\">\n\t\t\t\t\t\t\t<div class=\"elementor-spacer\">\n\t\t\t<div class=\"elementor-spacer-inner\"><\/div>\n\t\t<\/div>\n\t\t\t\t\t\t<\/div>\n\t\t\t\t<\/div>\n\t\t\t\t<\/div>\n\t\t\t\t<\/div>\n\t\t","protected":false},"excerpt":{"rendered":"<p>Din Dragoste pentru Br\u00e2ncu\u0219i II &#8211; iulie &#8211; octombrie 2022 Asociatia pentru Democratie Educatie Respect (ADER) a implementat \u00een perioda iulie &#8211; octombrie 2022 proiectul Din dragoste pentru Br\u00e2ncu\u0219i II Proiectul Din dragoste pentru Br\u00e2ncu\u0219i II a fost finantat prin programul Start ONG, iar scopul acestuia: cunoasterea de c\u0103tre copiii din Gorj a mo\u0219tenirii l\u0103sat\u0103&#8230;<\/p>\n","protected":false},"author":2,"featured_media":0,"parent":0,"menu_order":0,"comment_status":"closed","ping_status":"closed","template":"","meta":{"_kad_post_transparent":"","_kad_post_title":"hide","_kad_post_layout":"fullwidth","_kad_post_sidebar_id":"","_kad_post_content_style":"unboxed","_kad_post_vertical_padding":"hide","_kad_post_feature":"hide","_kad_post_feature_position":"","_kad_post_header":false,"_kad_post_footer":false,"_kad_post_classname":"","footnotes":""},"class_list":["post-1801","page","type-page","status-publish","hentry"],"rttpg_featured_image_url":null,"rttpg_author":{"display_name":"Calina Denis","author_link":"https:\/\/4ader.ro\/index.php\/author\/denis_1\/"},"rttpg_comment":0,"rttpg_category":null,"rttpg_excerpt":"Din Dragoste pentru Br\u00e2ncu\u0219i II &#8211; iulie &#8211; octombrie 2022 Asociatia pentru Democratie Educatie Respect (ADER) a implementat \u00een perioda iulie &#8211; octombrie 2022 proiectul Din dragoste pentru Br\u00e2ncu\u0219i II Proiectul Din dragoste pentru Br\u00e2ncu\u0219i II a fost finantat prin programul Start ONG, iar scopul acestuia: cunoasterea de c\u0103tre copiii din Gorj a mo\u0219tenirii l\u0103sat\u0103...","_links":{"self":[{"href":"https:\/\/4ader.ro\/index.php\/wp-json\/wp\/v2\/pages\/1801","targetHints":{"allow":["GET"]}}],"collection":[{"href":"https:\/\/4ader.ro\/index.php\/wp-json\/wp\/v2\/pages"}],"about":[{"href":"https:\/\/4ader.ro\/index.php\/wp-json\/wp\/v2\/types\/page"}],"author":[{"embeddable":true,"href":"https:\/\/4ader.ro\/index.php\/wp-json\/wp\/v2\/users\/2"}],"replies":[{"embeddable":true,"href":"https:\/\/4ader.ro\/index.php\/wp-json\/wp\/v2\/comments?post=1801"}],"version-history":[{"count":4,"href":"https:\/\/4ader.ro\/index.php\/wp-json\/wp\/v2\/pages\/1801\/revisions"}],"predecessor-version":[{"id":1809,"href":"https:\/\/4ader.ro\/index.php\/wp-json\/wp\/v2\/pages\/1801\/revisions\/1809"}],"wp:attachment":[{"href":"https:\/\/4ader.ro\/index.php\/wp-json\/wp\/v2\/media?parent=1801"}],"curies":[{"name":"wp","href":"https:\/\/api.w.org\/{rel}","templated":true}]}}