{"id":180,"date":"2024-05-15T15:14:33","date_gmt":"2024-05-15T12:14:33","guid":{"rendered":"https:\/\/4ader.ro\/?page_id=180"},"modified":"2024-09-23T11:36:33","modified_gmt":"2024-09-23T08:36:33","slug":"infractorii-te-pot-cunoaste","status":"publish","type":"page","link":"https:\/\/4ader.ro\/index.php\/infractorii-te-pot-cunoaste\/","title":{"rendered":"Infractorii te pot cunoaste mai bine decat crezi"},"content":{"rendered":"\t\t<div data-elementor-type=\"wp-page\" data-elementor-id=\"180\" class=\"elementor elementor-180\">\n\t\t\t\t<div class=\"elementor-element elementor-element-6b7413c e-con-full e-flex e-con e-parent\" data-id=\"6b7413c\" data-element_type=\"container\" data-settings=\"{&quot;background_background&quot;:&quot;classic&quot;}\">\n\t\t\t\t<div class=\"elementor-element elementor-element-df78692 elementor-widget elementor-widget-heading\" data-id=\"df78692\" data-element_type=\"widget\" data-widget_type=\"heading.default\">\n\t\t\t\t<div class=\"elementor-widget-container\">\n\t\t\t\t\t<h2 class=\"elementor-heading-title elementor-size-default\">\"INFRACTORII TE POT CUNOA\u015eTE MAI BINE DEC\u00c2T CREZI\"<\/h2>\t\t\t\t<\/div>\n\t\t\t\t<\/div>\n\t\t\t\t<div class=\"elementor-element elementor-element-fac28ec elementor-widget elementor-widget-text-editor\" data-id=\"fac28ec\" data-element_type=\"widget\" data-widget_type=\"text-editor.default\">\n\t\t\t\t<div class=\"elementor-widget-container\">\n\t\t\t\t\t\t\t\t\t<p>ADER a participat la proiectul &#8220;&#8221;Infractorii te pot cunoa\u015fte mai bine dec\u00e2t crezi&#8221;&#8221; \u00eempreun\u0103 cu Biroul de Analiz\u0103 \u015fi Prevenire a Criminalit\u0103\u0163ii din Inspectoratul de Poli\u0163ie Gorj.<\/p>\t\t\t\t\t\t\t\t<\/div>\n\t\t\t\t<\/div>\n\t\t\t\t<div class=\"elementor-element elementor-element-9d36918 elementor-widget elementor-widget-spacer\" data-id=\"9d36918\" data-element_type=\"widget\" data-widget_type=\"spacer.default\">\n\t\t\t\t<div class=\"elementor-widget-container\">\n\t\t\t\t\t\t\t<div class=\"elementor-spacer\">\n\t\t\t<div class=\"elementor-spacer-inner\"><\/div>\n\t\t<\/div>\n\t\t\t\t\t\t<\/div>\n\t\t\t\t<\/div>\n\t\t\t\t<\/div>\n\t\t\t\t<\/div>\n\t\t","protected":false},"excerpt":{"rendered":"<p>&#8220;INFRACTORII TE POT CUNOA\u015eTE MAI BINE DEC\u00c2T CREZI&#8221; ADER a participat la proiectul &#8220;&#8221;Infractorii te pot cunoa\u015fte mai bine dec\u00e2t crezi&#8221;&#8221; \u00eempreun\u0103 cu Biroul de Analiz\u0103 \u015fi Prevenire a Criminalit\u0103\u0163ii din Inspectoratul de Poli\u0163ie Gorj.<\/p>\n","protected":false},"author":2,"featured_media":0,"parent":0,"menu_order":0,"comment_status":"closed","ping_status":"closed","template":"","meta":{"_kad_post_transparent":"","_kad_post_title":"hide","_kad_post_layout":"fullwidth","_kad_post_sidebar_id":"","_kad_post_content_style":"unboxed","_kad_post_vertical_padding":"hide","_kad_post_feature":"hide","_kad_post_feature_position":"","_kad_post_header":false,"_kad_post_footer":false,"_kad_post_classname":"","footnotes":""},"class_list":["post-180","page","type-page","status-publish","hentry"],"rttpg_featured_image_url":null,"rttpg_author":{"display_name":"Calina Denis","author_link":"https:\/\/4ader.ro\/index.php\/author\/denis_1\/"},"rttpg_comment":0,"rttpg_category":null,"rttpg_excerpt":"&#8220;INFRACTORII TE POT CUNOA\u015eTE MAI BINE DEC\u00c2T CREZI&#8221; ADER a participat la proiectul &#8220;&#8221;Infractorii te pot cunoa\u015fte mai bine dec\u00e2t crezi&#8221;&#8221; \u00eempreun\u0103 cu Biroul de Analiz\u0103 \u015fi Prevenire a Criminalit\u0103\u0163ii din Inspectoratul de Poli\u0163ie Gorj.","_links":{"self":[{"href":"https:\/\/4ader.ro\/index.php\/wp-json\/wp\/v2\/pages\/180","targetHints":{"allow":["GET"]}}],"collection":[{"href":"https:\/\/4ader.ro\/index.php\/wp-json\/wp\/v2\/pages"}],"about":[{"href":"https:\/\/4ader.ro\/index.php\/wp-json\/wp\/v2\/types\/page"}],"author":[{"embeddable":true,"href":"https:\/\/4ader.ro\/index.php\/wp-json\/wp\/v2\/users\/2"}],"replies":[{"embeddable":true,"href":"https:\/\/4ader.ro\/index.php\/wp-json\/wp\/v2\/comments?post=180"}],"version-history":[{"count":27,"href":"https:\/\/4ader.ro\/index.php\/wp-json\/wp\/v2\/pages\/180\/revisions"}],"predecessor-version":[{"id":1464,"href":"https:\/\/4ader.ro\/index.php\/wp-json\/wp\/v2\/pages\/180\/revisions\/1464"}],"wp:attachment":[{"href":"https:\/\/4ader.ro\/index.php\/wp-json\/wp\/v2\/media?parent=180"}],"curies":[{"name":"wp","href":"https:\/\/api.w.org\/{rel}","templated":true}]}}