{"id":1792,"date":"2024-10-18T09:18:48","date_gmt":"2024-10-18T06:18:48","guid":{"rendered":"https:\/\/4ader.ro\/?page_id=1792"},"modified":"2024-10-18T09:32:25","modified_gmt":"2024-10-18T06:32:25","slug":"turneul-stradivarius-2022-paganini-magic","status":"publish","type":"page","link":"https:\/\/4ader.ro\/index.php\/turneul-stradivarius-2022-paganini-magic\/","title":{"rendered":"Turneul Stradivarius 2022 &#8211; PAGANINI MAGIC"},"content":{"rendered":"\t\t<div data-elementor-type=\"wp-page\" data-elementor-id=\"1792\" class=\"elementor elementor-1792\">\n\t\t\t\t<div class=\"elementor-element elementor-element-c85c370 e-flex e-con-boxed e-con e-parent\" data-id=\"c85c370\" data-element_type=\"container\">\n\t\t\t\t\t<div class=\"e-con-inner\">\n\t\t\t\t<div class=\"elementor-element elementor-element-484aa3d elementor-widget elementor-widget-heading\" data-id=\"484aa3d\" data-element_type=\"widget\" data-widget_type=\"heading.default\">\n\t\t\t\t<div class=\"elementor-widget-container\">\n\t\t\t\t\t<h2 class=\"elementor-heading-title elementor-size-default\">Turneul Stradivarius 2022 - PAGANINI MAGIC - 10 iulie 2022<\/h2>\t\t\t\t<\/div>\n\t\t\t\t<\/div>\n\t\t\t\t\t<\/div>\n\t\t\t\t<\/div>\n\t\t<div class=\"elementor-element elementor-element-9dc3e5d e-flex e-con-boxed e-con e-parent\" data-id=\"9dc3e5d\" data-element_type=\"container\">\n\t\t\t\t\t<div class=\"e-con-inner\">\n\t\t<div class=\"elementor-element elementor-element-e7005f6 e-con-full e-flex e-con e-child\" data-id=\"e7005f6\" data-element_type=\"container\">\n\t\t\t\t<div class=\"elementor-element elementor-element-5707c5c elementor-widget elementor-widget-text-editor\" data-id=\"5707c5c\" data-element_type=\"widget\" data-widget_type=\"text-editor.default\">\n\t\t\t\t<div class=\"elementor-widget-container\">\n\t\t\t\t\t\t\t\t\t<p><span style=\"text-align: var(--text-align); background-color: transparent;\">Asocia\u021bia pentru Democra\u021bie Educa\u021bie Respect \u00eempreun\u0103 cu Clubul Rotary din T\u00e2rgu Jiu a organizat \u00een 10 iulie 2022, ora 20:00, in Parcul Coloanei f\u0103r\u0103 \u0218f\u00e2r\u0219it din T\u00e2rgu Jiu &#8211; Turneul Stradivarius 2022-PAGANINI MAGIC<\/span><\/p>\n<p>Turneul Interna\u021bional Stradivarius, ajuns la edi\u021bia a XV-a, a prezentat Muzic\u0103, Atitudine, Valori si, mai presus de orice, apropierea \u0219i deschiderea fa\u021b\u0103 de publicul tradi\u021bional, dar \u0219i cel mai t\u00e2n\u0103r \u0219i neexperimentat.<\/p>\n<p>De 15 ani, Turneul Interna\u021bional Stradivarius \u00eenseam\u0103 o serie de experien\u021be frumoase, o colec\u021bie unic\u0103 de muzic\u0103, de \u00eent\u00e2lniri memorabile cu tinerii \u0219i pove\u0219tile lor care ne<br \/>conecteaz\u0103 la viitor.<\/p>\n<p>Edi\u021bia a XV-a- 2022- a Turneului Stradivarius propune publicului, prin campania de interes public, s\u0103 se implice \u0219i s\u0103 ac\u021bioneze \u00een sprijinul tinerilor arti\u0219ti ucrainieni afecta\u021bi de r\u0103zboi. Pacea \u0219i Libertatea nu sunt gratis \u00een Ucraina.<\/p>\n<p>Imaginea r\u0103zboiului \u00eenf\u0103\u0163i\u015f\u00e2nd femei \u015fi copii pl\u00e2ng\u00e2nd \u00een sta\u0163iile de metrou din Kiev, care sau ad\u0103postit acolo pentru a se feri de bombele ruse\u015fti sau mame \u0219i copii refugia\u021bi \u00een lumea larg\u0103, \u00eenseamn\u0103 sacrificiul suprem pentru valorile democra\u021biei \u0219i libert\u0103\u021bii.<\/p>\n<p>Concert de Vioar\u0103 \u0219i Chitar\u0103 Clasic\u0103:<br \/>ALEXANDRU TOMESCU \u2013 VIOARA<br \/>STRADIVARIUS ELDER-VOICU<br \/>DRAGO\u0218 ILIE &#8211; CHITAR\u0102 CLASIC\u0102<br \/>Repertoriu: SONATE PAGANINI PENTRU<br \/>VIOAR\u0102 &amp; CHITAR\u0102 \u2013 75 min<\/p>\t\t\t\t\t\t\t\t<\/div>\n\t\t\t\t<\/div>\n\t\t\t\t<div class=\"elementor-element elementor-element-70281e7 elementor-widget elementor-widget-spacer\" data-id=\"70281e7\" data-element_type=\"widget\" data-widget_type=\"spacer.default\">\n\t\t\t\t<div class=\"elementor-widget-container\">\n\t\t\t\t\t\t\t<div class=\"elementor-spacer\">\n\t\t\t<div class=\"elementor-spacer-inner\"><\/div>\n\t\t<\/div>\n\t\t\t\t\t\t<\/div>\n\t\t\t\t<\/div>\n\t\t\t\t<\/div>\n\t\t<div class=\"elementor-element elementor-element-f438891 e-con-full e-flex e-con e-child\" data-id=\"f438891\" data-element_type=\"container\">\n\t\t\t\t<div class=\"elementor-element elementor-element-011cda6 elementor-widget elementor-widget-image\" data-id=\"011cda6\" data-element_type=\"widget\" data-widget_type=\"image.default\">\n\t\t\t\t<div class=\"elementor-widget-container\">\n\t\t\t\t\t\t\t\t\t\t\t\t\t\t\t<img fetchpriority=\"high\" decoding=\"async\" width=\"500\" height=\"699\" src=\"https:\/\/4ader.ro\/wp-content\/uploads\/2024\/10\/20.jpg\" class=\"attachment-large size-large wp-image-1796\" alt=\"\" srcset=\"https:\/\/4ader.ro\/wp-content\/uploads\/2024\/10\/20.jpg 500w, https:\/\/4ader.ro\/wp-content\/uploads\/2024\/10\/20-215x300.jpg 215w, https:\/\/4ader.ro\/wp-content\/uploads\/2024\/10\/20-200x280.jpg 200w\" sizes=\"(max-width: 500px) 100vw, 500px\" \/>\t\t\t\t\t\t\t\t\t\t\t\t\t\t\t<\/div>\n\t\t\t\t<\/div>\n\t\t\t\t<div class=\"elementor-element elementor-element-c1cc633 elementor-widget elementor-widget-image\" data-id=\"c1cc633\" data-element_type=\"widget\" data-widget_type=\"image.default\">\n\t\t\t\t<div class=\"elementor-widget-container\">\n\t\t\t\t\t\t\t\t\t\t\t\t\t\t\t<img decoding=\"async\" width=\"197\" height=\"132\" src=\"https:\/\/4ader.ro\/wp-content\/uploads\/2024\/10\/21.jpg\" class=\"attachment-large size-large wp-image-1797\" alt=\"\" \/>\t\t\t\t\t\t\t\t\t\t\t\t\t\t\t<\/div>\n\t\t\t\t<\/div>\n\t\t\t\t<\/div>\n\t\t\t\t\t<\/div>\n\t\t\t\t<\/div>\n\t\t\t\t<\/div>\n\t\t","protected":false},"excerpt":{"rendered":"<p>Turneul Stradivarius 2022 &#8211; PAGANINI MAGIC &#8211; 10 iulie 2022 Asocia\u021bia pentru Democra\u021bie Educa\u021bie Respect \u00eempreun\u0103 cu Clubul Rotary din T\u00e2rgu Jiu a organizat \u00een 10 iulie 2022, ora 20:00, in Parcul Coloanei f\u0103r\u0103 \u0218f\u00e2r\u0219it din T\u00e2rgu Jiu &#8211; Turneul Stradivarius 2022-PAGANINI MAGIC Turneul Interna\u021bional Stradivarius, ajuns la edi\u021bia a XV-a, a prezentat Muzic\u0103, Atitudine,&#8230;<\/p>\n","protected":false},"author":2,"featured_media":0,"parent":0,"menu_order":0,"comment_status":"closed","ping_status":"closed","template":"","meta":{"_kad_post_transparent":"","_kad_post_title":"hide","_kad_post_layout":"fullwidth","_kad_post_sidebar_id":"","_kad_post_content_style":"unboxed","_kad_post_vertical_padding":"hide","_kad_post_feature":"hide","_kad_post_feature_position":"","_kad_post_header":false,"_kad_post_footer":false,"_kad_post_classname":"","footnotes":""},"class_list":["post-1792","page","type-page","status-publish","hentry"],"rttpg_featured_image_url":null,"rttpg_author":{"display_name":"Calina Denis","author_link":"https:\/\/4ader.ro\/index.php\/author\/denis_1\/"},"rttpg_comment":0,"rttpg_category":null,"rttpg_excerpt":"Turneul Stradivarius 2022 &#8211; PAGANINI MAGIC &#8211; 10 iulie 2022 Asocia\u021bia pentru Democra\u021bie Educa\u021bie Respect \u00eempreun\u0103 cu Clubul Rotary din T\u00e2rgu Jiu a organizat \u00een 10 iulie 2022, ora 20:00, in Parcul Coloanei f\u0103r\u0103 \u0218f\u00e2r\u0219it din T\u00e2rgu Jiu &#8211; Turneul Stradivarius 2022-PAGANINI MAGIC Turneul Interna\u021bional Stradivarius, ajuns la edi\u021bia a XV-a, a prezentat Muzic\u0103, Atitudine,...","_links":{"self":[{"href":"https:\/\/4ader.ro\/index.php\/wp-json\/wp\/v2\/pages\/1792","targetHints":{"allow":["GET"]}}],"collection":[{"href":"https:\/\/4ader.ro\/index.php\/wp-json\/wp\/v2\/pages"}],"about":[{"href":"https:\/\/4ader.ro\/index.php\/wp-json\/wp\/v2\/types\/page"}],"author":[{"embeddable":true,"href":"https:\/\/4ader.ro\/index.php\/wp-json\/wp\/v2\/users\/2"}],"replies":[{"embeddable":true,"href":"https:\/\/4ader.ro\/index.php\/wp-json\/wp\/v2\/comments?post=1792"}],"version-history":[{"count":5,"href":"https:\/\/4ader.ro\/index.php\/wp-json\/wp\/v2\/pages\/1792\/revisions"}],"predecessor-version":[{"id":1800,"href":"https:\/\/4ader.ro\/index.php\/wp-json\/wp\/v2\/pages\/1792\/revisions\/1800"}],"wp:attachment":[{"href":"https:\/\/4ader.ro\/index.php\/wp-json\/wp\/v2\/media?parent=1792"}],"curies":[{"name":"wp","href":"https:\/\/api.w.org\/{rel}","templated":true}]}}