{"id":1784,"date":"2024-10-18T09:10:34","date_gmt":"2024-10-18T06:10:34","guid":{"rendered":"https:\/\/4ader.ro\/?page_id=1784"},"modified":"2024-10-18T09:16:16","modified_gmt":"2024-10-18T06:16:16","slug":"lansare-de-carte-bunicul-meu-regele-mihai","status":"publish","type":"page","link":"https:\/\/4ader.ro\/index.php\/lansare-de-carte-bunicul-meu-regele-mihai\/","title":{"rendered":"Lansare de carte: Bunicul meu REGELE MIHAI"},"content":{"rendered":"\t\t<div data-elementor-type=\"wp-page\" data-elementor-id=\"1784\" class=\"elementor elementor-1784\">\n\t\t\t\t<div class=\"elementor-element elementor-element-c85c370 e-flex e-con-boxed e-con e-parent\" data-id=\"c85c370\" data-element_type=\"container\">\n\t\t\t\t\t<div class=\"e-con-inner\">\n\t\t\t\t<div class=\"elementor-element elementor-element-484aa3d elementor-widget elementor-widget-heading\" data-id=\"484aa3d\" data-element_type=\"widget\" data-widget_type=\"heading.default\">\n\t\t\t\t<div class=\"elementor-widget-container\">\n\t\t\t\t\t<h2 class=\"elementor-heading-title elementor-size-default\">Lansare de carte: Bunicul meu REGELE MIHAI \nAutor: Principele Nicolae al Rom\u00e2niei - 10 iulie 2022<\/h2>\t\t\t\t<\/div>\n\t\t\t\t<\/div>\n\t\t\t\t\t<\/div>\n\t\t\t\t<\/div>\n\t\t<div class=\"elementor-element elementor-element-9dc3e5d e-flex e-con-boxed e-con e-parent\" data-id=\"9dc3e5d\" data-element_type=\"container\">\n\t\t\t\t\t<div class=\"e-con-inner\">\n\t\t<div class=\"elementor-element elementor-element-e7005f6 e-con-full e-flex e-con e-child\" data-id=\"e7005f6\" data-element_type=\"container\">\n\t\t\t\t<div class=\"elementor-element elementor-element-5707c5c elementor-widget elementor-widget-text-editor\" data-id=\"5707c5c\" data-element_type=\"widget\" data-widget_type=\"text-editor.default\">\n\t\t\t\t<div class=\"elementor-widget-container\">\n\t\t\t\t\t\t\t\t\t<p>Asocia\u021bia pentru Democra\u021bie Educa\u021bie Respect a organizat \u00eempreun\u0103 cu Universitatea Constantin Br\u00e2ncu\u0219i din T\u00e2rgu Jiu, Teatrul Elvira Godeanu din T\u00e2rgu Jiu \u0219i Casa Danielescu, duminica 10 iulie 2022, ora 17:00, la Teatrul Elvira Godeanu din T\u00e2rgu Jiu lansarea volumului: Bunicul meu REGELE MIHAI, \u00een prezen\u021ba Alte\u021bei sale Regale PRINCIPELE NICOLAE AL ROM\u00c2NIEI.<\/p><div><div>Pornind de la un album primit de nepotul Regelui Mihai drept dar de nunt\u0103 \u0219i con\u021bin\u00e2nd fotografii inedite, \u201eBunicul meu Regele Mihai\u201d cuprinde 232 de fotografii<\/div><div>alese din 17 arhive \u0219i invit\u0103 cititorul \u00eentr-o c\u0103l\u0103torie dea lungul celor mai importante etape din via\u021ba Majest\u0103\u021bii Sale \u2013 copil\u0103ria, adolescen\u021ba, perioada domniei, ulterior cea a exilului \u0219i, \u00een fine, cele dou\u0103 vizite \u00een Rom\u00e2nia postdecembrist\u0103.<\/div><div>\u00a0<\/div><div>Ineditul acestui album \u021bine de ipostazele \u00een care apare fotografiat Regele Mihai, cele mai multe neoficiale, mai degrab\u0103, ipostaze ale vie\u021bii private. Albumul \u00eel prezint\u0103<\/div><div>pe Rege prin prisma fotografiilor de familie, selectate de nepotul s\u0103u, Nicolae al Rom\u00e2niei.\u00a0<\/div><div>\u00a0<\/div><div><strong>\u201eVe\u021bi \u00eent\u00e2lni \u00een aceste pagini o perspectiv\u0103 inedit\u0103, de care doar noi, familia, ne-am bucurat p\u00e2n\u0103 acum.\u00a0 Mihai, \u00abpapa\u00bb sau \u00abapapa\u00bb cum \u00eel numeam noi, familia, \u0219tia mereu cum s\u0103 ne aduc\u0103 un z\u00e2mbet pe buze, reu\u0219ind totodat\u0103 s\u0103 ne \u00eenve\u021be ce \u00eenseamn\u0103 disciplina, respectul, responsabilitatea. Sunt lec\u021bii a c\u0103ror valoare o simt acum\u201d<\/strong>, ne incit\u0103 Nicolae al Rom\u00e2niei.<\/div><\/div>\t\t\t\t\t\t\t\t<\/div>\n\t\t\t\t<\/div>\n\t\t\t\t<div class=\"elementor-element elementor-element-70281e7 elementor-widget elementor-widget-spacer\" data-id=\"70281e7\" data-element_type=\"widget\" data-widget_type=\"spacer.default\">\n\t\t\t\t<div class=\"elementor-widget-container\">\n\t\t\t\t\t\t\t<div class=\"elementor-spacer\">\n\t\t\t<div class=\"elementor-spacer-inner\"><\/div>\n\t\t<\/div>\n\t\t\t\t\t\t<\/div>\n\t\t\t\t<\/div>\n\t\t\t\t<\/div>\n\t\t<div class=\"elementor-element elementor-element-f438891 e-con-full e-flex e-con e-child\" data-id=\"f438891\" data-element_type=\"container\">\n\t\t\t\t<div class=\"elementor-element elementor-element-011cda6 elementor-widget elementor-widget-image\" data-id=\"011cda6\" data-element_type=\"widget\" data-widget_type=\"image.default\">\n\t\t\t\t<div class=\"elementor-widget-container\">\n\t\t\t\t\t\t\t\t\t\t\t\t\t\t\t<img fetchpriority=\"high\" decoding=\"async\" width=\"486\" height=\"487\" src=\"https:\/\/4ader.ro\/wp-content\/uploads\/2024\/10\/18.jpg\" class=\"attachment-large size-large wp-image-1787\" alt=\"\" srcset=\"https:\/\/4ader.ro\/wp-content\/uploads\/2024\/10\/18.jpg 486w, https:\/\/4ader.ro\/wp-content\/uploads\/2024\/10\/18-300x300.jpg 300w, https:\/\/4ader.ro\/wp-content\/uploads\/2024\/10\/18-150x150.jpg 150w, https:\/\/4ader.ro\/wp-content\/uploads\/2024\/10\/18-200x200.jpg 200w\" sizes=\"(max-width: 486px) 100vw, 486px\" \/>\t\t\t\t\t\t\t\t\t\t\t\t\t\t\t<\/div>\n\t\t\t\t<\/div>\n\t\t\t\t<div class=\"elementor-element elementor-element-c1cc633 elementor-widget elementor-widget-image\" data-id=\"c1cc633\" data-element_type=\"widget\" data-widget_type=\"image.default\">\n\t\t\t\t<div class=\"elementor-widget-container\">\n\t\t\t\t\t\t\t\t\t\t\t\t\t\t\t<img decoding=\"async\" width=\"460\" height=\"582\" src=\"https:\/\/4ader.ro\/wp-content\/uploads\/2024\/10\/19.jpg\" class=\"attachment-large size-large wp-image-1788\" alt=\"\" srcset=\"https:\/\/4ader.ro\/wp-content\/uploads\/2024\/10\/19.jpg 460w, https:\/\/4ader.ro\/wp-content\/uploads\/2024\/10\/19-237x300.jpg 237w, https:\/\/4ader.ro\/wp-content\/uploads\/2024\/10\/19-200x253.jpg 200w\" sizes=\"(max-width: 460px) 100vw, 460px\" \/>\t\t\t\t\t\t\t\t\t\t\t\t\t\t\t<\/div>\n\t\t\t\t<\/div>\n\t\t\t\t<\/div>\n\t\t\t\t\t<\/div>\n\t\t\t\t<\/div>\n\t\t\t\t<\/div>\n\t\t","protected":false},"excerpt":{"rendered":"<p>Lansare de carte: Bunicul meu REGELE MIHAI Autor: Principele Nicolae al Rom\u00e2niei &#8211; 10 iulie 2022 Asocia\u021bia pentru Democra\u021bie Educa\u021bie Respect a organizat \u00eempreun\u0103 cu Universitatea Constantin Br\u00e2ncu\u0219i din T\u00e2rgu Jiu, Teatrul Elvira Godeanu din T\u00e2rgu Jiu \u0219i Casa Danielescu, duminica 10 iulie 2022, ora 17:00, la Teatrul Elvira Godeanu din T\u00e2rgu Jiu lansarea volumului:&#8230;<\/p>\n","protected":false},"author":2,"featured_media":0,"parent":0,"menu_order":0,"comment_status":"closed","ping_status":"closed","template":"","meta":{"_kad_post_transparent":"","_kad_post_title":"hide","_kad_post_layout":"fullwidth","_kad_post_sidebar_id":"","_kad_post_content_style":"unboxed","_kad_post_vertical_padding":"hide","_kad_post_feature":"hide","_kad_post_feature_position":"","_kad_post_header":false,"_kad_post_footer":false,"_kad_post_classname":"","footnotes":""},"class_list":["post-1784","page","type-page","status-publish","hentry"],"rttpg_featured_image_url":null,"rttpg_author":{"display_name":"Calina Denis","author_link":"https:\/\/4ader.ro\/index.php\/author\/denis_1\/"},"rttpg_comment":0,"rttpg_category":null,"rttpg_excerpt":"Lansare de carte: Bunicul meu REGELE MIHAI Autor: Principele Nicolae al Rom\u00e2niei &#8211; 10 iulie 2022 Asocia\u021bia pentru Democra\u021bie Educa\u021bie Respect a organizat \u00eempreun\u0103 cu Universitatea Constantin Br\u00e2ncu\u0219i din T\u00e2rgu Jiu, Teatrul Elvira Godeanu din T\u00e2rgu Jiu \u0219i Casa Danielescu, duminica 10 iulie 2022, ora 17:00, la Teatrul Elvira Godeanu din T\u00e2rgu Jiu lansarea volumului:...","_links":{"self":[{"href":"https:\/\/4ader.ro\/index.php\/wp-json\/wp\/v2\/pages\/1784","targetHints":{"allow":["GET"]}}],"collection":[{"href":"https:\/\/4ader.ro\/index.php\/wp-json\/wp\/v2\/pages"}],"about":[{"href":"https:\/\/4ader.ro\/index.php\/wp-json\/wp\/v2\/types\/page"}],"author":[{"embeddable":true,"href":"https:\/\/4ader.ro\/index.php\/wp-json\/wp\/v2\/users\/2"}],"replies":[{"embeddable":true,"href":"https:\/\/4ader.ro\/index.php\/wp-json\/wp\/v2\/comments?post=1784"}],"version-history":[{"count":4,"href":"https:\/\/4ader.ro\/index.php\/wp-json\/wp\/v2\/pages\/1784\/revisions"}],"predecessor-version":[{"id":1791,"href":"https:\/\/4ader.ro\/index.php\/wp-json\/wp\/v2\/pages\/1784\/revisions\/1791"}],"wp:attachment":[{"href":"https:\/\/4ader.ro\/index.php\/wp-json\/wp\/v2\/media?parent=1784"}],"curies":[{"name":"wp","href":"https:\/\/api.w.org\/{rel}","templated":true}]}}