{"id":1769,"date":"2024-10-18T08:47:15","date_gmt":"2024-10-18T05:47:15","guid":{"rendered":"https:\/\/4ader.ro\/?page_id=1769"},"modified":"2024-10-18T08:59:33","modified_gmt":"2024-10-18T05:59:33","slug":"aparitia-nr-1-2022-jriss","status":"publish","type":"page","link":"https:\/\/4ader.ro\/index.php\/aparitia-nr-1-2022-jriss\/","title":{"rendered":"Apari\u021bia nr. 1\/2022 JRISS"},"content":{"rendered":"\t\t<div data-elementor-type=\"wp-page\" data-elementor-id=\"1769\" class=\"elementor elementor-1769\">\n\t\t\t\t<div class=\"elementor-element elementor-element-c85c370 e-flex e-con-boxed e-con e-parent\" data-id=\"c85c370\" data-element_type=\"container\">\n\t\t\t\t\t<div class=\"e-con-inner\">\n\t\t\t\t<div class=\"elementor-element elementor-element-484aa3d elementor-widget elementor-widget-heading\" data-id=\"484aa3d\" data-element_type=\"widget\" data-widget_type=\"heading.default\">\n\t\t\t\t<div class=\"elementor-widget-container\">\n\t\t\t\t\t<h2 class=\"elementor-heading-title elementor-size-default\">Apari\u021bia nr. 1\/2022 a revistei de cercetare \u0219tiin\u021bific\u0103 Journal of Research and Innovation for Sustainable Society <\/h2>\t\t\t\t<\/div>\n\t\t\t\t<\/div>\n\t\t\t\t\t<\/div>\n\t\t\t\t<\/div>\n\t\t<div class=\"elementor-element elementor-element-9dc3e5d e-flex e-con-boxed e-con e-parent\" data-id=\"9dc3e5d\" data-element_type=\"container\">\n\t\t\t\t\t<div class=\"e-con-inner\">\n\t\t<div class=\"elementor-element elementor-element-e7005f6 e-con-full e-flex e-con e-child\" data-id=\"e7005f6\" data-element_type=\"container\">\n\t\t\t\t<div class=\"elementor-element elementor-element-5707c5c elementor-widget elementor-widget-text-editor\" data-id=\"5707c5c\" data-element_type=\"widget\" data-widget_type=\"text-editor.default\">\n\t\t\t\t<div class=\"elementor-widget-container\">\n\t\t\t\t\t\t\t\t\t<p>\u00cen martie 2022, sub egida Editurii Thoth, ADER a publicat num\u0103rul 1\/2022 al revistei de cercetare \u0219tiin\u021bific\u0103 Journal of Research and Innovation for Sustainable Society (JRISS), , pe care \u00eel pute\u021bi vizualiza acces\u00e2nd linkul: http:\/\/jriss.4ader.ro\/?page=curent<\/p><p>JRISS este un jurnal semestrial (apari\u021bii \u00een martie \u0219i noiembrie), jurnal cu acces deschis, cu evaluare<br \/>efectuat\u0103 de referen\u021bi externi, publicat de Editura THOT, Rom\u00e2nia.<\/p><p>Obiectivul principal al JRISS este promovarea studiilor interdisciplinare \u00een inginerie, afaceri \u0219i \u0219tiin\u021be<br \/>sociale. Jurnalul public\u0103 \u00een englez\u0103 \u0219i aplic\u0103 regula evalu\u0103rii peer-review. Jurnalul apare electronic cu ISSN \u0219i DOI.<\/p><p>Autorii \u00ee\u0219i asum\u0103 responsabilitatea pentru autenticitatea manuscriselor publicate \u0219i acord\u0103 jurnalului dreptul exclusiv de publicare.<\/p><p>Activitatea editorial\u0103 este coordonat\u0103 de Consiliul editorial, care este condus de redactorul-\u0219ef, prof.univ. dr. ing. Ghimisi \u0218tefan.<\/p>\t\t\t\t\t\t\t\t<\/div>\n\t\t\t\t<\/div>\n\t\t\t\t<div class=\"elementor-element elementor-element-70281e7 elementor-widget elementor-widget-spacer\" data-id=\"70281e7\" data-element_type=\"widget\" data-widget_type=\"spacer.default\">\n\t\t\t\t<div class=\"elementor-widget-container\">\n\t\t\t\t\t\t\t<div class=\"elementor-spacer\">\n\t\t\t<div class=\"elementor-spacer-inner\"><\/div>\n\t\t<\/div>\n\t\t\t\t\t\t<\/div>\n\t\t\t\t<\/div>\n\t\t\t\t<\/div>\n\t\t<div class=\"elementor-element elementor-element-f438891 e-con-full e-flex e-con e-child\" data-id=\"f438891\" data-element_type=\"container\">\n\t\t\t\t<div class=\"elementor-element elementor-element-011cda6 elementor-widget elementor-widget-image\" data-id=\"011cda6\" data-element_type=\"widget\" data-widget_type=\"image.default\">\n\t\t\t\t<div class=\"elementor-widget-container\">\n\t\t\t\t\t\t\t\t\t\t\t\t\t\t\t<img fetchpriority=\"high\" decoding=\"async\" width=\"358\" height=\"517\" src=\"https:\/\/4ader.ro\/wp-content\/uploads\/2024\/10\/15.jpg\" class=\"attachment-large size-large wp-image-1772\" alt=\"\" srcset=\"https:\/\/4ader.ro\/wp-content\/uploads\/2024\/10\/15.jpg 358w, https:\/\/4ader.ro\/wp-content\/uploads\/2024\/10\/15-208x300.jpg 208w, https:\/\/4ader.ro\/wp-content\/uploads\/2024\/10\/15-200x289.jpg 200w\" sizes=\"(max-width: 358px) 100vw, 358px\" \/>\t\t\t\t\t\t\t\t\t\t\t\t\t\t\t<\/div>\n\t\t\t\t<\/div>\n\t\t\t\t<\/div>\n\t\t\t\t\t<\/div>\n\t\t\t\t<\/div>\n\t\t\t\t<\/div>\n\t\t","protected":false},"excerpt":{"rendered":"<p>Apari\u021bia nr. 1\/2022 a revistei de cercetare \u0219tiin\u021bific\u0103 Journal of Research and Innovation for Sustainable Society \u00cen martie 2022, sub egida Editurii Thoth, ADER a publicat num\u0103rul 1\/2022 al revistei de cercetare \u0219tiin\u021bific\u0103 Journal of Research and Innovation for Sustainable Society (JRISS), , pe care \u00eel pute\u021bi vizualiza acces\u00e2nd linkul: http:\/\/jriss.4ader.ro\/?page=curent JRISS este un jurnal&#8230;<\/p>\n","protected":false},"author":2,"featured_media":0,"parent":0,"menu_order":0,"comment_status":"closed","ping_status":"closed","template":"","meta":{"_kad_post_transparent":"","_kad_post_title":"hide","_kad_post_layout":"fullwidth","_kad_post_sidebar_id":"","_kad_post_content_style":"unboxed","_kad_post_vertical_padding":"hide","_kad_post_feature":"hide","_kad_post_feature_position":"","_kad_post_header":false,"_kad_post_footer":false,"_kad_post_classname":"","footnotes":""},"class_list":["post-1769","page","type-page","status-publish","hentry"],"rttpg_featured_image_url":null,"rttpg_author":{"display_name":"Calina Denis","author_link":"https:\/\/4ader.ro\/index.php\/author\/denis_1\/"},"rttpg_comment":0,"rttpg_category":null,"rttpg_excerpt":"Apari\u021bia nr. 1\/2022 a revistei de cercetare \u0219tiin\u021bific\u0103 Journal of Research and Innovation for Sustainable Society \u00cen martie 2022, sub egida Editurii Thoth, ADER a publicat num\u0103rul 1\/2022 al revistei de cercetare \u0219tiin\u021bific\u0103 Journal of Research and Innovation for Sustainable Society (JRISS), , pe care \u00eel pute\u021bi vizualiza acces\u00e2nd linkul: http:\/\/jriss.4ader.ro\/?page=curent JRISS este un jurnal...","_links":{"self":[{"href":"https:\/\/4ader.ro\/index.php\/wp-json\/wp\/v2\/pages\/1769","targetHints":{"allow":["GET"]}}],"collection":[{"href":"https:\/\/4ader.ro\/index.php\/wp-json\/wp\/v2\/pages"}],"about":[{"href":"https:\/\/4ader.ro\/index.php\/wp-json\/wp\/v2\/types\/page"}],"author":[{"embeddable":true,"href":"https:\/\/4ader.ro\/index.php\/wp-json\/wp\/v2\/users\/2"}],"replies":[{"embeddable":true,"href":"https:\/\/4ader.ro\/index.php\/wp-json\/wp\/v2\/comments?post=1769"}],"version-history":[{"count":4,"href":"https:\/\/4ader.ro\/index.php\/wp-json\/wp\/v2\/pages\/1769\/revisions"}],"predecessor-version":[{"id":1775,"href":"https:\/\/4ader.ro\/index.php\/wp-json\/wp\/v2\/pages\/1769\/revisions\/1775"}],"wp:attachment":[{"href":"https:\/\/4ader.ro\/index.php\/wp-json\/wp\/v2\/media?parent=1769"}],"curies":[{"name":"wp","href":"https:\/\/api.w.org\/{rel}","templated":true}]}}