{"id":1713,"date":"2024-10-08T10:01:29","date_gmt":"2024-10-08T07:01:29","guid":{"rendered":"https:\/\/4ader.ro\/?page_id=1713"},"modified":"2024-10-08T16:18:33","modified_gmt":"2024-10-08T13:18:33","slug":"lansare-de-carte-19-februarie-2022-2","status":"publish","type":"page","link":"https:\/\/4ader.ro\/index.php\/lansare-de-carte-19-februarie-2022-2\/","title":{"rendered":"Lansare de carte-19 februarie 2022"},"content":{"rendered":"\t\t<div data-elementor-type=\"wp-page\" data-elementor-id=\"1713\" class=\"elementor elementor-1713\">\n\t\t\t\t<div class=\"elementor-element elementor-element-d7e308a e-con-full e-flex e-con e-parent\" data-id=\"d7e308a\" data-element_type=\"container\">\n\t\t<div class=\"elementor-element elementor-element-b5a6e1a e-con-full e-flex e-con e-child\" data-id=\"b5a6e1a\" data-element_type=\"container\">\n\t\t\t\t<div class=\"elementor-element elementor-element-ad209b4 elementor-widget elementor-widget-text-editor\" data-id=\"ad209b4\" data-element_type=\"widget\" data-widget_type=\"text-editor.default\">\n\t\t\t\t<div class=\"elementor-widget-container\">\n\t\t\t\t\t\t\t\t\t<p class=\"MsoNormal\">ADER a organizat S\u00e2mb\u0103t\u0103, 19.02.2022 ora 18,00, la Teatrul Elvira Godeanu, lansarea a dou\u0103 volume ale artistei Georgiana Brandt.<\/p><p class=\"MsoNormal\">Prin Editura Thoth au fost lansate dou\u0103 volume ale autoarei Georgiana Brandt:<\/p><p class=\"MsoNormal\">Pictura materist\u0103. Istoric si Pictura materist\u0103. Dezvoltari, Deschideri<\/p><p class=\"MsoNormal\">Lucr\u0103rile au fost prezentate de prof.dr. Elena Roat\u0103, Colegiul National Tudor Vladimirescu din T\u00e2rgu Jiu.<\/p><p class=\"MsoNormal\">Georgiana Brandt abordeaz\u0103 pictura materist\u0103 ce, dincolo de spectaculozitatea identitar\u0103 acut vizibil\u0103 \u00een perioada picturii moderne din a doua jum\u0103tate a secolului XX, a devenit, at\u00e2t \u00een cadrul ei identitar, c\u00e2t \u015fi \u00een extensiile \u015fi declin\u0103rile ei un firesc ce nu mai exalt\u0103 sau irit\u0103.<\/p><p>\u00a0<\/p><p class=\"MsoNormal\">Acest gen de pictur\u0103, care \u015fi-a adus un aport important la libertatea \u015fi eliberarea artei \u015fi a artistului actual este \u015fi un gen de pictur\u0103 pe care ca \u015fi artist Georgiana Brandt \u00eel practic\u0103 cu exuberan\u0163\u0103, bucurie \u015fi pasiune<\/p>\t\t\t\t\t\t\t\t<\/div>\n\t\t\t\t<\/div>\n\t\t\t\t<\/div>\n\t\t<div class=\"elementor-element elementor-element-b6f553a e-con-full e-flex e-con e-child\" data-id=\"b6f553a\" data-element_type=\"container\">\n\t\t\t\t<div class=\"elementor-element elementor-element-57c70f0 elementor-widget elementor-widget-image\" data-id=\"57c70f0\" data-element_type=\"widget\" data-widget_type=\"image.default\">\n\t\t\t\t<div class=\"elementor-widget-container\">\n\t\t\t\t\t\t\t\t\t\t\t\t\t\t\t<img fetchpriority=\"high\" decoding=\"async\" width=\"392\" height=\"584\" src=\"https:\/\/4ader.ro\/wp-content\/uploads\/2024\/10\/7.jpg\" class=\"attachment-large size-large wp-image-1715\" alt=\"\" srcset=\"https:\/\/4ader.ro\/wp-content\/uploads\/2024\/10\/7.jpg 392w, https:\/\/4ader.ro\/wp-content\/uploads\/2024\/10\/7-201x300.jpg 201w, https:\/\/4ader.ro\/wp-content\/uploads\/2024\/10\/7-200x298.jpg 200w\" sizes=\"(max-width: 392px) 100vw, 392px\" \/>\t\t\t\t\t\t\t\t\t\t\t\t\t\t\t<\/div>\n\t\t\t\t<\/div>\n\t\t\t\t<\/div>\n\t\t<div class=\"elementor-element elementor-element-b7415d6 e-con-full e-flex e-con e-child\" data-id=\"b7415d6\" data-element_type=\"container\">\n\t\t\t\t<div class=\"elementor-element elementor-element-55d8739 elementor-widget elementor-widget-image-gallery\" data-id=\"55d8739\" data-element_type=\"widget\" data-widget_type=\"image-gallery.default\">\n\t\t\t\t<div class=\"elementor-widget-container\">\n\t\t\t\t\t\t\t<div class=\"elementor-image-gallery\">\n\t\t\t<div id='gallery-1' class='gallery galleryid-1713 gallery-columns-3 gallery-size-thumbnail'><figure class='gallery-item'>\n\t\t\t<div class='gallery-icon portrait'>\n\t\t\t\t<a data-elementor-open-lightbox=\"yes\" data-elementor-lightbox-slideshow=\"55d8739\" data-elementor-lightbox-title=\"8\" data-e-action-hash=\"#elementor-action%3Aaction%3Dlightbox%26settings%3DeyJpZCI6MTcxNiwidXJsIjoiaHR0cHM6XC9cLzRhZGVyLnJvXC93cC1jb250ZW50XC91cGxvYWRzXC8yMDI0XC8xMFwvOC5qcGciLCJzbGlkZXNob3ciOiI1NWQ4NzM5In0%3D\" href='https:\/\/4ader.ro\/wp-content\/uploads\/2024\/10\/8.jpg'><img decoding=\"async\" width=\"150\" height=\"150\" src=\"https:\/\/4ader.ro\/wp-content\/uploads\/2024\/10\/8-150x150.jpg\" class=\"attachment-thumbnail size-thumbnail\" alt=\"\" \/><\/a>\n\t\t\t<\/div><\/figure><figure class='gallery-item'>\n\t\t\t<div class='gallery-icon landscape'>\n\t\t\t\t<a data-elementor-open-lightbox=\"yes\" data-elementor-lightbox-slideshow=\"55d8739\" data-elementor-lightbox-title=\"10\" data-e-action-hash=\"#elementor-action%3Aaction%3Dlightbox%26settings%3DeyJpZCI6MTcxOSwidXJsIjoiaHR0cHM6XC9cLzRhZGVyLnJvXC93cC1jb250ZW50XC91cGxvYWRzXC8yMDI0XC8xMFwvMTAuanBnIiwic2xpZGVzaG93IjoiNTVkODczOSJ9\" href='https:\/\/4ader.ro\/wp-content\/uploads\/2024\/10\/10.jpg'><img decoding=\"async\" width=\"150\" height=\"150\" src=\"https:\/\/4ader.ro\/wp-content\/uploads\/2024\/10\/10-150x150.jpg\" class=\"attachment-thumbnail size-thumbnail\" alt=\"\" \/><\/a>\n\t\t\t<\/div><\/figure><figure class='gallery-item'>\n\t\t\t<div class='gallery-icon landscape'>\n\t\t\t\t<a data-elementor-open-lightbox=\"yes\" data-elementor-lightbox-slideshow=\"55d8739\" data-elementor-lightbox-title=\"9\" data-e-action-hash=\"#elementor-action%3Aaction%3Dlightbox%26settings%3DeyJpZCI6MTcxNywidXJsIjoiaHR0cHM6XC9cLzRhZGVyLnJvXC93cC1jb250ZW50XC91cGxvYWRzXC8yMDI0XC8xMFwvOS5qcGciLCJzbGlkZXNob3ciOiI1NWQ4NzM5In0%3D\" href='https:\/\/4ader.ro\/wp-content\/uploads\/2024\/10\/9.jpg'><img loading=\"lazy\" decoding=\"async\" width=\"150\" height=\"150\" src=\"https:\/\/4ader.ro\/wp-content\/uploads\/2024\/10\/9-150x150.jpg\" class=\"attachment-thumbnail size-thumbnail\" alt=\"\" \/><\/a>\n\t\t\t<\/div><\/figure>\n\t\t<\/div>\n\t\t<\/div>\n\t\t\t\t\t\t<\/div>\n\t\t\t\t<\/div>\n\t\t\t\t<\/div>\n\t\t\t\t<\/div>\n\t\t\t\t<\/div>\n\t\t","protected":false},"excerpt":{"rendered":"<p>ADER a organizat S\u00e2mb\u0103t\u0103, 19.02.2022 ora 18,00, la Teatrul Elvira Godeanu, lansarea a dou\u0103 volume ale artistei Georgiana Brandt. Prin Editura Thoth au fost lansate dou\u0103 volume ale autoarei Georgiana Brandt: Pictura materist\u0103. Istoric si Pictura materist\u0103. Dezvoltari, Deschideri Lucr\u0103rile au fost prezentate de prof.dr. Elena Roat\u0103, Colegiul National Tudor Vladimirescu din T\u00e2rgu Jiu. Georgiana&#8230;<\/p>\n","protected":false},"author":2,"featured_media":0,"parent":0,"menu_order":0,"comment_status":"closed","ping_status":"closed","template":"","meta":{"_kad_post_transparent":"","_kad_post_title":"hide","_kad_post_layout":"fullwidth","_kad_post_sidebar_id":"","_kad_post_content_style":"unboxed","_kad_post_vertical_padding":"hide","_kad_post_feature":"hide","_kad_post_feature_position":"","_kad_post_header":false,"_kad_post_footer":false,"_kad_post_classname":"","footnotes":""},"class_list":["post-1713","page","type-page","status-publish","hentry"],"rttpg_featured_image_url":null,"rttpg_author":{"display_name":"Calina Denis","author_link":"https:\/\/4ader.ro\/index.php\/author\/denis_1\/"},"rttpg_comment":0,"rttpg_category":null,"rttpg_excerpt":"ADER a organizat S\u00e2mb\u0103t\u0103, 19.02.2022 ora 18,00, la Teatrul Elvira Godeanu, lansarea a dou\u0103 volume ale artistei Georgiana Brandt. Prin Editura Thoth au fost lansate dou\u0103 volume ale autoarei Georgiana Brandt: Pictura materist\u0103. Istoric si Pictura materist\u0103. Dezvoltari, Deschideri Lucr\u0103rile au fost prezentate de prof.dr. Elena Roat\u0103, Colegiul National Tudor Vladimirescu din T\u00e2rgu Jiu. Georgiana...","_links":{"self":[{"href":"https:\/\/4ader.ro\/index.php\/wp-json\/wp\/v2\/pages\/1713","targetHints":{"allow":["GET"]}}],"collection":[{"href":"https:\/\/4ader.ro\/index.php\/wp-json\/wp\/v2\/pages"}],"about":[{"href":"https:\/\/4ader.ro\/index.php\/wp-json\/wp\/v2\/types\/page"}],"author":[{"embeddable":true,"href":"https:\/\/4ader.ro\/index.php\/wp-json\/wp\/v2\/users\/2"}],"replies":[{"embeddable":true,"href":"https:\/\/4ader.ro\/index.php\/wp-json\/wp\/v2\/comments?post=1713"}],"version-history":[{"count":16,"href":"https:\/\/4ader.ro\/index.php\/wp-json\/wp\/v2\/pages\/1713\/revisions"}],"predecessor-version":[{"id":1744,"href":"https:\/\/4ader.ro\/index.php\/wp-json\/wp\/v2\/pages\/1713\/revisions\/1744"}],"wp:attachment":[{"href":"https:\/\/4ader.ro\/index.php\/wp-json\/wp\/v2\/media?parent=1713"}],"curies":[{"name":"wp","href":"https:\/\/api.w.org\/{rel}","templated":true}]}}