{"id":1547,"date":"2024-09-25T13:32:32","date_gmt":"2024-09-25T10:32:32","guid":{"rendered":"https:\/\/4ader.ro\/?page_id=1547"},"modified":"2024-09-25T13:58:03","modified_gmt":"2024-09-25T10:58:03","slug":"relearn-your-legacy","status":"publish","type":"page","link":"https:\/\/4ader.ro\/index.php\/relearn-your-legacy\/","title":{"rendered":"Relearn your legacy"},"content":{"rendered":"\t\t<div data-elementor-type=\"wp-page\" data-elementor-id=\"1547\" class=\"elementor elementor-1547\">\n\t\t\t\t<div class=\"elementor-element elementor-element-6b7413c e-con-full e-flex e-con e-parent\" data-id=\"6b7413c\" data-element_type=\"container\" data-settings=\"{&quot;background_background&quot;:&quot;classic&quot;}\">\n\t\t\t\t<div class=\"elementor-element elementor-element-df78692 elementor-widget elementor-widget-heading\" data-id=\"df78692\" data-element_type=\"widget\" data-widget_type=\"heading.default\">\n\t\t\t\t<div class=\"elementor-widget-container\">\n\t\t\t\t\t<h2 class=\"elementor-heading-title elementor-size-default\">Relearn your legacy<\/h2>\t\t\t\t<\/div>\n\t\t\t\t<\/div>\n\t\t\t\t<div class=\"elementor-element elementor-element-5ce37fa elementor-widget elementor-widget-text-editor\" data-id=\"5ce37fa\" data-element_type=\"widget\" data-widget_type=\"text-editor.default\">\n\t\t\t\t<div class=\"elementor-widget-container\">\n\t\t\t\t\t\t\t\t\t<p>Eveniment organizat de ADER-Asociatia pentru Democratie Educatie Respect \u00eempreuna cu CLAY 4 ALL \u0219i \u0218ez\u0103toarea Targu Jiu, in cadrul programului T\u00e2rgu Jiu &#8211; Capitala Tineretului din Rom\u00e2nia 2023<\/p><p><a href=\"https:\/\/www.facebook.com\/plugins\/post.php?href=https%3A%2F%2Fwww.facebook.com%2FADERTarguJiu%2Fposts%2Fpfbid0qoHTgSyxL4zpeKgEP5zrztAeoGTW6HTYjVdxNnfMEq9CQHBBQb7EaBWJiQQhFsfQl\" target=\"_blank\" rel=\"noopener\"><strong>link facebook<\/strong><\/a><\/p>\t\t\t\t\t\t\t\t<\/div>\n\t\t\t\t<\/div>\n\t\t\t\t<div class=\"elementor-element elementor-element-dc59bf3 elementor-widget elementor-widget-spacer\" data-id=\"dc59bf3\" data-element_type=\"widget\" data-widget_type=\"spacer.default\">\n\t\t\t\t<div class=\"elementor-widget-container\">\n\t\t\t\t\t\t\t<div class=\"elementor-spacer\">\n\t\t\t<div class=\"elementor-spacer-inner\"><\/div>\n\t\t<\/div>\n\t\t\t\t\t\t<\/div>\n\t\t\t\t<\/div>\n\t\t\t\t<\/div>\n\t\t\t\t<\/div>\n\t\t","protected":false},"excerpt":{"rendered":"<p>Relearn your legacy Eveniment organizat de ADER-Asociatia pentru Democratie Educatie Respect \u00eempreuna cu CLAY 4 ALL \u0219i \u0218ez\u0103toarea Targu Jiu, in cadrul programului T\u00e2rgu Jiu &#8211; Capitala Tineretului din Rom\u00e2nia 2023 link facebook<\/p>\n","protected":false},"author":2,"featured_media":0,"parent":0,"menu_order":0,"comment_status":"closed","ping_status":"closed","template":"","meta":{"_kad_post_transparent":"","_kad_post_title":"hide","_kad_post_layout":"fullwidth","_kad_post_sidebar_id":"","_kad_post_content_style":"unboxed","_kad_post_vertical_padding":"hide","_kad_post_feature":"hide","_kad_post_feature_position":"","_kad_post_header":false,"_kad_post_footer":false,"_kad_post_classname":"","footnotes":""},"class_list":["post-1547","page","type-page","status-publish","hentry"],"rttpg_featured_image_url":null,"rttpg_author":{"display_name":"Calina Denis","author_link":"https:\/\/4ader.ro\/index.php\/author\/denis_1\/"},"rttpg_comment":0,"rttpg_category":null,"rttpg_excerpt":"Relearn your legacy Eveniment organizat de ADER-Asociatia pentru Democratie Educatie Respect \u00eempreuna cu CLAY 4 ALL \u0219i \u0218ez\u0103toarea Targu Jiu, in cadrul programului T\u00e2rgu Jiu &#8211; Capitala Tineretului din Rom\u00e2nia 2023 link facebook","_links":{"self":[{"href":"https:\/\/4ader.ro\/index.php\/wp-json\/wp\/v2\/pages\/1547","targetHints":{"allow":["GET"]}}],"collection":[{"href":"https:\/\/4ader.ro\/index.php\/wp-json\/wp\/v2\/pages"}],"about":[{"href":"https:\/\/4ader.ro\/index.php\/wp-json\/wp\/v2\/types\/page"}],"author":[{"embeddable":true,"href":"https:\/\/4ader.ro\/index.php\/wp-json\/wp\/v2\/users\/2"}],"replies":[{"embeddable":true,"href":"https:\/\/4ader.ro\/index.php\/wp-json\/wp\/v2\/comments?post=1547"}],"version-history":[{"count":4,"href":"https:\/\/4ader.ro\/index.php\/wp-json\/wp\/v2\/pages\/1547\/revisions"}],"predecessor-version":[{"id":1591,"href":"https:\/\/4ader.ro\/index.php\/wp-json\/wp\/v2\/pages\/1547\/revisions\/1591"}],"wp:attachment":[{"href":"https:\/\/4ader.ro\/index.php\/wp-json\/wp\/v2\/media?parent=1547"}],"curies":[{"name":"wp","href":"https:\/\/api.w.org\/{rel}","templated":true}]}}