{"id":139,"date":"2024-05-15T11:05:34","date_gmt":"2024-05-15T08:05:34","guid":{"rendered":"https:\/\/4ader.ro\/?page_id=139"},"modified":"2024-09-23T11:12:28","modified_gmt":"2024-09-23T08:12:28","slug":"alaturi-de-bunici","status":"publish","type":"page","link":"https:\/\/4ader.ro\/index.php\/alaturi-de-bunici\/","title":{"rendered":"Al\u0103turi de bunici"},"content":{"rendered":"\t\t<div data-elementor-type=\"wp-page\" data-elementor-id=\"139\" class=\"elementor elementor-139\">\n\t\t\t\t<div class=\"elementor-element elementor-element-6b7413c e-con-full e-flex e-con e-parent\" data-id=\"6b7413c\" data-element_type=\"container\" data-settings=\"{&quot;background_background&quot;:&quot;classic&quot;}\">\n\t\t\t\t<div class=\"elementor-element elementor-element-df78692 elementor-widget elementor-widget-heading\" data-id=\"df78692\" data-element_type=\"widget\" data-widget_type=\"heading.default\">\n\t\t\t\t<div class=\"elementor-widget-container\">\n\t\t\t\t\t<h2 class=\"elementor-heading-title elementor-size-default\">AL\u0102TURI DE BUNICI\n<\/h2>\t\t\t\t<\/div>\n\t\t\t\t<\/div>\n\t\t\t\t<div class=\"elementor-element elementor-element-fac28ec elementor-widget elementor-widget-text-editor\" data-id=\"fac28ec\" data-element_type=\"widget\" data-widget_type=\"text-editor.default\">\n\t\t\t\t<div class=\"elementor-widget-container\">\n\t\t\t\t\t\t\t\t\t<p>Proiectul \u201cAl\u0103turi de bunici!\u201d, finan\u021bat \u00een cadrul apelului de finan\u021bare rapid\u0103 \u00een lupta cu COVID-19 din luna aprilie, al programului Start ONG, lansat de\u00a0<a href=\"https:\/\/www.facebook.com\/kaufland.romania\/?__tn__=KH-R&amp;eid=ARDrJK_e-cf35hSCj46FW79D7HVZYJTNEbeofaSALo0AJwzMq6Wedk2HLJGPUGsWRMRE0XOA11wTOu7I&amp;fref=mentions&amp;__xts__%5B0%5D=68.ARDXAFO1sSO3e2VCl9pk2IW72-IL9Rniq5ushWI16Q4Jim6r1aKP7Vs5b6_dkJ810tncfGh-Am6mbFyzfOExH1gBx7Fy_l1ApyEIo33QwvHLkCsDwP6_MOXH1Fjqe4dsu6BR2057b0uoUOuYj_XgnYXYXdx84PRy2e9ZizMCzbeqHYugiiyL5AQ14HgravqB5-jJbXzQsjnFJiLlEsf_N6ZCWD965I4X0bPkapiKYESE_lVnzZsUWpuWf5iJjj0mTPkj4B25wyhMj9VPZ_7HadLlZ1ZVSR0UKnf7n2A3HsmYNnjq9JF9RA8bHwnAucOAm6MYIVhjGKxl6rf4eFdvKCj2ad2DxhbkbYtMUsPe1J-XzwVbL1o1gGS-UApl2FCCSp1GmMzvwt8FxoFspvB4ikdjsiODfMA8-_NQnEckj6cU3yR9t0zdXu0BLPZB6g58GNedtCnaeODv926x2XNfN77ZiYw82D3MdJi8uWL2U9KvPEFYtioCiw\" target=\"_blank\" rel=\"noopener\" data-saferedirecturl=\"https:\/\/www.google.com\/url?q=https:\/\/www.facebook.com\/kaufland.romania\/?__tn__%3DKH-R%26eid%3DARDrJK_e-cf35hSCj46FW79D7HVZYJTNEbeofaSALo0AJwzMq6Wedk2HLJGPUGsWRMRE0XOA11wTOu7I%26fref%3Dmentions%26__xts__%255B0%255D%3D68.ARDXAFO1sSO3e2VCl9pk2IW72-IL9Rniq5ushWI16Q4Jim6r1aKP7Vs5b6_dkJ810tncfGh-Am6mbFyzfOExH1gBx7Fy_l1ApyEIo33QwvHLkCsDwP6_MOXH1Fjqe4dsu6BR2057b0uoUOuYj_XgnYXYXdx84PRy2e9ZizMCzbeqHYugiiyL5AQ14HgravqB5-jJbXzQsjnFJiLlEsf_N6ZCWD965I4X0bPkapiKYESE_lVnzZsUWpuWf5iJjj0mTPkj4B25wyhMj9VPZ_7HadLlZ1ZVSR0UKnf7n2A3HsmYNnjq9JF9RA8bHwnAucOAm6MYIVhjGKxl6rf4eFdvKCj2ad2DxhbkbYtMUsPe1J-XzwVbL1o1gGS-UApl2FCCSp1GmMzvwt8FxoFspvB4ikdjsiODfMA8-_NQnEckj6cU3yR9t0zdXu0BLPZB6g58GNedtCnaeODv926x2XNfN77ZiYw82D3MdJi8uWL2U9KvPEFYtioCiw&amp;source=gmail&amp;ust=1587635796162000&amp;usg=AFQjCNEctzifA7gBf0a3O31QR5QMixmotA\">Kaufland Romania<\/a>\u00a0\u0219i implementat de Asocia\u021bia\u00a0<a href=\"https:\/\/www.facebook.com\/ActforTomorrow\/?__tn__=KH-R&amp;eid=ARCpxT00dQ4ZDLRxs7slDQWMAs7WxfQHv8GASmYeltQxUze2-qZMLpt3617QAiyN7sRGhyBYrvOHCJCH&amp;fref=mentions&amp;__xts__%5B0%5D=68.ARDXAFO1sSO3e2VCl9pk2IW72-IL9Rniq5ushWI16Q4Jim6r1aKP7Vs5b6_dkJ810tncfGh-Am6mbFyzfOExH1gBx7Fy_l1ApyEIo33QwvHLkCsDwP6_MOXH1Fjqe4dsu6BR2057b0uoUOuYj_XgnYXYXdx84PRy2e9ZizMCzbeqHYugiiyL5AQ14HgravqB5-jJbXzQsjnFJiLlEsf_N6ZCWD965I4X0bPkapiKYESE_lVnzZsUWpuWf5iJjj0mTPkj4B25wyhMj9VPZ_7HadLlZ1ZVSR0UKnf7n2A3HsmYNnjq9JF9RA8bHwnAucOAm6MYIVhjGKxl6rf4eFdvKCj2ad2DxhbkbYtMUsPe1J-XzwVbL1o1gGS-UApl2FCCSp1GmMzvwt8FxoFspvB4ikdjsiODfMA8-_NQnEckj6cU3yR9t0zdXu0BLPZB6g58GNedtCnaeODv926x2XNfN77ZiYw82D3MdJi8uWL2U9KvPEFYtioCiw\" target=\"_blank\" rel=\"noopener\" data-saferedirecturl=\"https:\/\/www.google.com\/url?q=https:\/\/www.facebook.com\/ActforTomorrow\/?__tn__%3DKH-R%26eid%3DARCpxT00dQ4ZDLRxs7slDQWMAs7WxfQHv8GASmYeltQxUze2-qZMLpt3617QAiyN7sRGhyBYrvOHCJCH%26fref%3Dmentions%26__xts__%255B0%255D%3D68.ARDXAFO1sSO3e2VCl9pk2IW72-IL9Rniq5ushWI16Q4Jim6r1aKP7Vs5b6_dkJ810tncfGh-Am6mbFyzfOExH1gBx7Fy_l1ApyEIo33QwvHLkCsDwP6_MOXH1Fjqe4dsu6BR2057b0uoUOuYj_XgnYXYXdx84PRy2e9ZizMCzbeqHYugiiyL5AQ14HgravqB5-jJbXzQsjnFJiLlEsf_N6ZCWD965I4X0bPkapiKYESE_lVnzZsUWpuWf5iJjj0mTPkj4B25wyhMj9VPZ_7HadLlZ1ZVSR0UKnf7n2A3HsmYNnjq9JF9RA8bHwnAucOAm6MYIVhjGKxl6rf4eFdvKCj2ad2DxhbkbYtMUsPe1J-XzwVbL1o1gGS-UApl2FCCSp1GmMzvwt8FxoFspvB4ikdjsiODfMA8-_NQnEckj6cU3yR9t0zdXu0BLPZB6g58GNedtCnaeODv926x2XNfN77ZiYw82D3MdJi8uWL2U9KvPEFYtioCiw&amp;source=gmail&amp;ust=1587635796162000&amp;usg=AFQjCNGD0l2txGFHTpa0pRtPXa-V_N0aYg\">Act for Tomorrow<\/a>, se deruleaza\u00a0intre\u00a014 aprilie si\u00a014 mai 2020 oferind sprijin pentru 90 de persoane fara\u00a0sustinatori<\/p><p>Astfel, cu ocazia s\u0103rb\u0103torilor pascale, pentru a veni \u00een\u00a0spriinul\u00a0seniorilor de peste 65 ani f\u0103r\u0103 sus\u021bin\u0103tori sau alt\u0103 form\u0103 de ajutor,\u00a0<a href=\"https:\/\/4ader.ro\/\" target=\"_blank\" rel=\"noopener\" data-saferedirecturl=\"https:\/\/www.google.com\/url?q=https:\/\/www.facebook.com\/ADERTarguJiu\/?__tn__%3DKH-R%26eid%3DARBqkHd2QqlaAYtgARAZoNja2H7ljJ4qylGpo9dnezGUnJOEiIZf7VZVOnFxK61V8mJpYsxiFo0LWCQL%26fref%3Dmentions%26__xts__%255B0%255D%3D68.ARDXAFO1sSO3e2VCl9pk2IW72-IL9Rniq5ushWI16Q4Jim6r1aKP7Vs5b6_dkJ810tncfGh-Am6mbFyzfOExH1gBx7Fy_l1ApyEIo33QwvHLkCsDwP6_MOXH1Fjqe4dsu6BR2057b0uoUOuYj_XgnYXYXdx84PRy2e9ZizMCzbeqHYugiiyL5AQ14HgravqB5-jJbXzQsjnFJiLlEsf_N6ZCWD965I4X0bPkapiKYESE_lVnzZsUWpuWf5iJjj0mTPkj4B25wyhMj9VPZ_7HadLlZ1ZVSR0UKnf7n2A3HsmYNnjq9JF9RA8bHwnAucOAm6MYIVhjGKxl6rf4eFdvKCj2ad2DxhbkbYtMUsPe1J-XzwVbL1o1gGS-UApl2FCCSp1GmMzvwt8FxoFspvB4ikdjsiODfMA8-_NQnEckj6cU3yR9t0zdXu0BLPZB6g58GNedtCnaeODv926x2XNfN77ZiYw82D3MdJi8uWL2U9KvPEFYtioCiw&amp;source=gmail&amp;ust=1587635796163000&amp;usg=AFQjCNHSC2OclO18KdGnuGBgJDbbh6f83w\">ADER-Asociatia pentru Democratie Educatie Respect<\/a>\u00a0a distribuit acestora pachete cu produse alimentare\u00a0 precum \u0219i informa\u021bii despre m\u0103suri de prevenire a infect\u0103rii cu COVID-19.<\/p><p>La inceputul\u00a0lunii mai vor fi impartite\u00a0pachete cu articole pentru igiena\u00a0pentru cele 90 de persoane din Dragutesti si\u00a0Targu\u00a0Carbunesti<\/p><p><a href=\"https:\/\/4ader.ro\/wp-content\/uploads\/2024\/09\/flayer.pdf\" target=\"_blank\" rel=\"noopener\">Pliant informare preventie COVID 19<\/a><\/p>\t\t\t\t\t\t\t\t<\/div>\n\t\t\t\t<\/div>\n\t\t\t\t<div class=\"elementor-element elementor-element-e20f86e elementor-widget elementor-widget-heading\" data-id=\"e20f86e\" data-element_type=\"widget\" data-widget_type=\"heading.default\">\n\t\t\t\t<div class=\"elementor-widget-container\">\n\t\t\t\t\t<h2 class=\"elementor-heading-title elementor-size-default\">Ac\u021biune Dr\u0103gu\u021be\u0219ti-15 aprilie 2020<\/h2>\t\t\t\t<\/div>\n\t\t\t\t<\/div>\n\t\t\t\t<div class=\"elementor-element elementor-element-8310c7d elementor-widget elementor-widget-image\" data-id=\"8310c7d\" data-element_type=\"widget\" data-widget_type=\"image.default\">\n\t\t\t\t<div class=\"elementor-widget-container\">\n\t\t\t\t\t\t\t\t\t\t\t\t\t\t\t<img fetchpriority=\"high\" decoding=\"async\" width=\"314\" height=\"209\" src=\"https:\/\/4ader.ro\/wp-content\/uploads\/2024\/09\/IMG_7628.jpeg\" class=\"attachment-large size-large wp-image-857\" alt=\"\" srcset=\"https:\/\/4ader.ro\/wp-content\/uploads\/2024\/09\/IMG_7628.jpeg 314w, https:\/\/4ader.ro\/wp-content\/uploads\/2024\/09\/IMG_7628-300x200.jpeg 300w, https:\/\/4ader.ro\/wp-content\/uploads\/2024\/09\/IMG_7628-200x133.jpeg 200w\" sizes=\"(max-width: 314px) 100vw, 314px\" \/>\t\t\t\t\t\t\t\t\t\t\t\t\t\t\t<\/div>\n\t\t\t\t<\/div>\n\t\t\t\t<div class=\"elementor-element elementor-element-161644f elementor-widget elementor-widget-image\" data-id=\"161644f\" data-element_type=\"widget\" data-widget_type=\"image.default\">\n\t\t\t\t<div class=\"elementor-widget-container\">\n\t\t\t\t\t\t\t\t\t\t\t\t\t\t\t<img decoding=\"async\" width=\"314\" height=\"209\" src=\"https:\/\/4ader.ro\/wp-content\/uploads\/2024\/09\/IMG_7677.jpeg\" class=\"attachment-large size-large wp-image-858\" alt=\"\" srcset=\"https:\/\/4ader.ro\/wp-content\/uploads\/2024\/09\/IMG_7677.jpeg 314w, https:\/\/4ader.ro\/wp-content\/uploads\/2024\/09\/IMG_7677-300x200.jpeg 300w, https:\/\/4ader.ro\/wp-content\/uploads\/2024\/09\/IMG_7677-200x133.jpeg 200w\" sizes=\"(max-width: 314px) 100vw, 314px\" \/>\t\t\t\t\t\t\t\t\t\t\t\t\t\t\t<\/div>\n\t\t\t\t<\/div>\n\t\t\t\t<div class=\"elementor-element elementor-element-4fb14ea elementor-widget elementor-widget-image\" data-id=\"4fb14ea\" data-element_type=\"widget\" data-widget_type=\"image.default\">\n\t\t\t\t<div class=\"elementor-widget-container\">\n\t\t\t\t\t\t\t\t\t\t\t\t\t\t\t<img decoding=\"async\" width=\"300\" height=\"200\" src=\"https:\/\/4ader.ro\/wp-content\/uploads\/2024\/09\/IMG_7829_1.jpeg\" class=\"attachment-large size-large wp-image-859\" alt=\"\" srcset=\"https:\/\/4ader.ro\/wp-content\/uploads\/2024\/09\/IMG_7829_1.jpeg 300w, https:\/\/4ader.ro\/wp-content\/uploads\/2024\/09\/IMG_7829_1-200x133.jpeg 200w\" sizes=\"(max-width: 300px) 100vw, 300px\" \/>\t\t\t\t\t\t\t\t\t\t\t\t\t\t\t<\/div>\n\t\t\t\t<\/div>\n\t\t\t\t<div class=\"elementor-element elementor-element-53d9644 elementor-widget elementor-widget-heading\" data-id=\"53d9644\" data-element_type=\"widget\" data-widget_type=\"heading.default\">\n\t\t\t\t<div class=\"elementor-widget-container\">\n\t\t\t\t\t<h2 class=\"elementor-heading-title elementor-size-default\">Ac\u021biune T\u00eergu C\u0103rbune\u0219ti-16 aprilie 2020\n<\/h2>\t\t\t\t<\/div>\n\t\t\t\t<\/div>\n\t\t\t\t<div class=\"elementor-element elementor-element-0556744 elementor-widget elementor-widget-image\" data-id=\"0556744\" data-element_type=\"widget\" data-widget_type=\"image.default\">\n\t\t\t\t<div class=\"elementor-widget-container\">\n\t\t\t\t\t\t\t\t\t\t\t\t\t\t\t<img loading=\"lazy\" decoding=\"async\" width=\"314\" height=\"209\" src=\"https:\/\/4ader.ro\/wp-content\/uploads\/2024\/09\/MG_8002.jpeg\" class=\"attachment-large size-large wp-image-863\" alt=\"\" srcset=\"https:\/\/4ader.ro\/wp-content\/uploads\/2024\/09\/MG_8002.jpeg 314w, https:\/\/4ader.ro\/wp-content\/uploads\/2024\/09\/MG_8002-300x200.jpeg 300w, https:\/\/4ader.ro\/wp-content\/uploads\/2024\/09\/MG_8002-200x133.jpeg 200w\" sizes=\"(max-width: 314px) 100vw, 314px\" \/>\t\t\t\t\t\t\t\t\t\t\t\t\t\t\t<\/div>\n\t\t\t\t<\/div>\n\t\t\t\t<div class=\"elementor-element elementor-element-9071e33 elementor-widget elementor-widget-image\" data-id=\"9071e33\" data-element_type=\"widget\" data-widget_type=\"image.default\">\n\t\t\t\t<div class=\"elementor-widget-container\">\n\t\t\t\t\t\t\t\t\t\t\t\t\t\t\t<img loading=\"lazy\" decoding=\"async\" width=\"314\" height=\"209\" src=\"https:\/\/4ader.ro\/wp-content\/uploads\/2024\/09\/MG_7927.jpeg\" class=\"attachment-large size-large wp-image-862\" alt=\"\" srcset=\"https:\/\/4ader.ro\/wp-content\/uploads\/2024\/09\/MG_7927.jpeg 314w, https:\/\/4ader.ro\/wp-content\/uploads\/2024\/09\/MG_7927-300x200.jpeg 300w, https:\/\/4ader.ro\/wp-content\/uploads\/2024\/09\/MG_7927-200x133.jpeg 200w\" sizes=\"(max-width: 314px) 100vw, 314px\" \/>\t\t\t\t\t\t\t\t\t\t\t\t\t\t\t<\/div>\n\t\t\t\t<\/div>\n\t\t\t\t<div class=\"elementor-element elementor-element-f156517 elementor-widget elementor-widget-image\" data-id=\"f156517\" data-element_type=\"widget\" data-widget_type=\"image.default\">\n\t\t\t\t<div class=\"elementor-widget-container\">\n\t\t\t\t\t\t\t\t\t\t\t\t\t\t\t<img loading=\"lazy\" decoding=\"async\" width=\"314\" height=\"209\" src=\"https:\/\/4ader.ro\/wp-content\/uploads\/2024\/09\/MG_7889.jpeg\" class=\"attachment-large size-large wp-image-861\" alt=\"\" srcset=\"https:\/\/4ader.ro\/wp-content\/uploads\/2024\/09\/MG_7889.jpeg 314w, https:\/\/4ader.ro\/wp-content\/uploads\/2024\/09\/MG_7889-300x200.jpeg 300w, https:\/\/4ader.ro\/wp-content\/uploads\/2024\/09\/MG_7889-200x133.jpeg 200w\" sizes=\"(max-width: 314px) 100vw, 314px\" \/>\t\t\t\t\t\t\t\t\t\t\t\t\t\t\t<\/div>\n\t\t\t\t<\/div>\n\t\t\t\t<div class=\"elementor-element elementor-element-4bdf170 elementor-widget elementor-widget-spacer\" data-id=\"4bdf170\" data-element_type=\"widget\" data-widget_type=\"spacer.default\">\n\t\t\t\t<div class=\"elementor-widget-container\">\n\t\t\t\t\t\t\t<div class=\"elementor-spacer\">\n\t\t\t<div class=\"elementor-spacer-inner\"><\/div>\n\t\t<\/div>\n\t\t\t\t\t\t<\/div>\n\t\t\t\t<\/div>\n\t\t\t\t<\/div>\n\t\t\t\t<\/div>\n\t\t","protected":false},"excerpt":{"rendered":"<p>AL\u0102TURI DE BUNICI Proiectul \u201cAl\u0103turi de bunici!\u201d, finan\u021bat \u00een cadrul apelului de finan\u021bare rapid\u0103 \u00een lupta cu COVID-19 din luna aprilie, al programului Start ONG, lansat de\u00a0Kaufland Romania\u00a0\u0219i implementat de Asocia\u021bia\u00a0Act for Tomorrow, se deruleaza\u00a0intre\u00a014 aprilie si\u00a014 mai 2020 oferind sprijin pentru 90 de persoane fara\u00a0sustinatori Astfel, cu ocazia s\u0103rb\u0103torilor pascale, pentru a veni \u00een\u00a0spriinul\u00a0seniorilor&#8230;<\/p>\n","protected":false},"author":2,"featured_media":0,"parent":0,"menu_order":0,"comment_status":"closed","ping_status":"closed","template":"","meta":{"_kad_post_transparent":"","_kad_post_title":"hide","_kad_post_layout":"fullwidth","_kad_post_sidebar_id":"","_kad_post_content_style":"unboxed","_kad_post_vertical_padding":"hide","_kad_post_feature":"hide","_kad_post_feature_position":"","_kad_post_header":false,"_kad_post_footer":false,"_kad_post_classname":"","footnotes":""},"class_list":["post-139","page","type-page","status-publish","hentry"],"rttpg_featured_image_url":null,"rttpg_author":{"display_name":"Calina Denis","author_link":"https:\/\/4ader.ro\/index.php\/author\/denis_1\/"},"rttpg_comment":0,"rttpg_category":null,"rttpg_excerpt":"AL\u0102TURI DE BUNICI Proiectul \u201cAl\u0103turi de bunici!\u201d, finan\u021bat \u00een cadrul apelului de finan\u021bare rapid\u0103 \u00een lupta cu COVID-19 din luna aprilie, al programului Start ONG, lansat de\u00a0Kaufland Romania\u00a0\u0219i implementat de Asocia\u021bia\u00a0Act for Tomorrow, se deruleaza\u00a0intre\u00a014 aprilie si\u00a014 mai 2020 oferind sprijin pentru 90 de persoane fara\u00a0sustinatori Astfel, cu ocazia s\u0103rb\u0103torilor pascale, pentru a veni \u00een\u00a0spriinul\u00a0seniorilor...","_links":{"self":[{"href":"https:\/\/4ader.ro\/index.php\/wp-json\/wp\/v2\/pages\/139","targetHints":{"allow":["GET"]}}],"collection":[{"href":"https:\/\/4ader.ro\/index.php\/wp-json\/wp\/v2\/pages"}],"about":[{"href":"https:\/\/4ader.ro\/index.php\/wp-json\/wp\/v2\/types\/page"}],"author":[{"embeddable":true,"href":"https:\/\/4ader.ro\/index.php\/wp-json\/wp\/v2\/users\/2"}],"replies":[{"embeddable":true,"href":"https:\/\/4ader.ro\/index.php\/wp-json\/wp\/v2\/comments?post=139"}],"version-history":[{"count":37,"href":"https:\/\/4ader.ro\/index.php\/wp-json\/wp\/v2\/pages\/139\/revisions"}],"predecessor-version":[{"id":1409,"href":"https:\/\/4ader.ro\/index.php\/wp-json\/wp\/v2\/pages\/139\/revisions\/1409"}],"wp:attachment":[{"href":"https:\/\/4ader.ro\/index.php\/wp-json\/wp\/v2\/media?parent=139"}],"curies":[{"name":"wp","href":"https:\/\/api.w.org\/{rel}","templated":true}]}}