{"id":1342,"date":"2024-09-19T10:49:27","date_gmt":"2024-09-19T07:49:27","guid":{"rendered":"https:\/\/4ader.ro\/?page_id=1342"},"modified":"2024-09-19T10:50:44","modified_gmt":"2024-09-19T07:50:44","slug":"principalele-activitati","status":"publish","type":"page","link":"https:\/\/4ader.ro\/index.php\/principalele-activitati\/","title":{"rendered":"Principalele activit\u0103\u021bi"},"content":{"rendered":"\t\t<div data-elementor-type=\"wp-page\" data-elementor-id=\"1342\" class=\"elementor elementor-1342\">\n\t\t\t\t<div class=\"elementor-element elementor-element-85f51e9 e-con-full e-flex e-con e-parent\" data-id=\"85f51e9\" data-element_type=\"container\" data-settings=\"{&quot;background_background&quot;:&quot;classic&quot;}\">\n\t\t<div class=\"elementor-element elementor-element-087c648 e-con-full e-flex e-con e-child\" data-id=\"087c648\" data-element_type=\"container\">\n\t\t\t\t<div class=\"elementor-element elementor-element-9733063 elementor-widget elementor-widget-heading\" data-id=\"9733063\" data-element_type=\"widget\" data-widget_type=\"heading.default\">\n\t\t\t\t<div class=\"elementor-widget-container\">\n\t\t\t\t\t<h2 class=\"elementor-heading-title elementor-size-default\">Principalele activit\u0103\u021bi cuprinse \u00een proiect<\/h2>\t\t\t\t<\/div>\n\t\t\t\t<\/div>\n\t\t\t\t<\/div>\n\t\t<div class=\"elementor-element elementor-element-2403cf7 e-con-full e-flex e-con e-child\" data-id=\"2403cf7\" data-element_type=\"container\">\n\t\t\t\t<div class=\"elementor-element elementor-element-2bb5453 elementor-widget elementor-widget-text-editor\" data-id=\"2bb5453\" data-element_type=\"widget\" data-widget_type=\"text-editor.default\">\n\t\t\t\t<div class=\"elementor-widget-container\">\n\t\t\t\t\t\t\t\t\t<p><strong>Seminar interactiv offline\u00a0<em>\u201eMarea Unire de la 1 decembrie 1918\u201d<\/em><\/strong><\/p><p><strong><em>\u00a0<\/em><\/strong><\/p><p><strong>\u00a0\u00a0\u00a0\u00a0\u00a0\u00a0\u00a0\u00a0\u00a0\u00a0\u00a0 Seminarul interactiv offline<\/strong>\u00a0<em>\u201eMarea Unire de la 1 decembrie 1918\u201d se va desf\u0103\u0219ura \u00een s\u0103lile liceelor partenere ADER, iar procesul educativ va avea la baz\u0103 metoda non-formal\u0103 Philips 6-6, astfel:<\/em><\/p><ol><li>prezentarea temei de c\u0103tre mentori (al\u0103turi de profesori de istorie), dup\u0103 care tinerii vor urm\u0103ri un scurt documentar despre Marea Unire;<\/li><li>dup\u0103 urm\u0103rirea documentarului,\u00a0 mentorii vor cere \u00a0constituirea unor grupe de \u015fase persoane;<\/li><li>discu\u0163ia \u00een grupuri pe marginea temei (timp de 6 minute);<\/li><li>fiecare grup \u00ee\u015fi alege un conduc\u0103tor (care asigur\u0103 participarea tuturor la discu\u0163ii) \u015fi un purt\u0103tor de cuv\u00e2nt, care va prezenta ideile discutate;<\/li><li>prezentarea ideilor de c\u0103tre purt\u0103torii de cuv\u00e2nt ai fiec\u0103rei grupe;<\/li><li>sinteza rapoartelor prin rezumarea ideilor de c\u0103tre mentor sau prin dezbateri \u00eentre purt\u0103torii de cuv\u00e2nt.<\/li><\/ol><p>\u00a0\u00a0\u00a0\u00a0\u00a0\u00a0\u00a0\u00a0\u00a0\u00a0\u00a0 La sf\u00e2r\u0219itul seminarului, mentorii vor anun\u021ba\u00a0<strong>Concursul de eseuri online \u201eMAREA UNIRE PRIVIT\u0102 PRIN OCHII MEI\u201d<\/strong>, vor purta discu\u021bii cu tinerii legate de desf\u0103\u0219urarea acestuia, etc. De asemenea vor fi purtate discu\u021bii \u0219i \u00een ceea ce prive\u0219te posibilitatea c\u00e2\u0219tig\u0103rii de c\u0103tre 30 tineri a unei Excursii tematice\u00a0<strong>\u201c<\/strong><strong>ADER\u0103 la PATRIOTISM<\/strong><strong>\u201d<\/strong>\u00a0ce va avea loc \u00een decembrie 2018 la Alba Iulia.<\/p><p><em><strong>\u00a0<\/strong><\/em><\/p><p><strong>Concurs de eseuri online\u00a0<em>\u201eMAREA UNIRE PRIVIT\u0102 PRIN OCHII MEI\u201d<\/em><\/strong><\/p><p><em><strong>\u00a0<\/strong><\/em><\/p><p><strong>A.<\/strong>\u00a0<a href=\"https:\/\/web.archive.org\/web\/20230315042004\/http:\/\/www.4ader.ro\/uploads\/Internet_corporation\/ader\/Regulament%20concurs%20eseuri%20ADER.pdf\"><strong>REGULAMENTUL CONCURSULULUI DE ESEURI \u201d<\/strong><em>\u00a0MAREA UNIRE PRIVIT\u0102 PRIN OCHII MEI<\/em><strong>\u201d<\/strong><\/a><strong>\u00a0&#8211; descarca fisier PDF<\/strong><\/p><p><strong>\u00a0<\/strong><\/p><p><strong>B. Documente importante:<\/strong><\/p><p><em>Anexa 1 Formular de \u00eenscriere &#8211; descarca fisier\u00a0<a href=\"https:\/\/web.archive.org\/web\/20230315042004\/http:\/\/www.4ader.ro\/uploads\/Internet_corporation\/ader\/Anexa%201%20Formular%20de%20%C3%AEnscriere.docx\">DOC<\/a>\u00a0\/\u00a0<a href=\"https:\/\/web.archive.org\/web\/20230315042004\/http:\/\/www.4ader.ro\/uploads\/Internet_corporation\/ader\/Anexa%201%20Formular%20de%20%C3%AEnscriere.pdf\">PDF<\/a><br \/><\/em><\/p><p><em>Anexa 2 Eseu &#8211; \u015fablon &#8211; descarca fisier\u00a0<a href=\"https:\/\/web.archive.org\/web\/20230315042004\/http:\/\/www.4ader.ro\/uploads\/Internet_corporation\/ader\/Anexa%202%20Eseu.docx\">DOC<\/a>\u00a0\/\u00a0<a href=\"https:\/\/web.archive.org\/web\/20230315042004\/http:\/\/www.4ader.ro\/uploads\/Internet_corporation\/ader\/Anexa%202%20Eseu.pdf\">PDF<\/a><br \/><\/em><\/p><p><em>Anexa 3 Scrisoare de recomandare &#8211; descarca fisier\u00a0<a href=\"https:\/\/web.archive.org\/web\/20230315042004\/http:\/\/www.4ader.ro\/uploads\/Internet_corporation\/ader\/Anexa%203%20Scrisoare%20de%20recomandare.docx\">DOC<\/a>\u00a0\/\u00a0<a href=\"https:\/\/web.archive.org\/web\/20230315042004\/http:\/\/www.4ader.ro\/uploads\/Internet_corporation\/ader\/Anexa%203%20Scrisoare%20de%20recomandare.pdf\">PDF<\/a><br \/><\/em><\/p><p><em><strong>\u00a0<\/strong><\/em><\/p><p><em><strong>C. Termene<\/strong><\/em><\/p><table border=\"1\" width=\"0\" cellspacing=\"0\" cellpadding=\"0\"><tbody><tr><td valign=\"top\" width=\"127\"><p align=\"center\"><strong>01.11.2018 19.11.2018<\/strong><\/p><\/td><td valign=\"top\" width=\"444\"><p>Perioada de trimitere a eseurilor la adresa de e-mail\u00a0<a href=\"https:\/\/web.archive.org\/web\/20230315042004\/mailto:anielabalacescu@yahoo.com\">4roader@gmail.com\u00a0<\/a><\/p><\/td><\/tr><tr><td valign=\"top\" width=\"127\"><p align=\"center\"><strong>20.11.2018 25.11.2018<\/strong><\/p><\/td><td valign=\"top\" width=\"444\"><p>Desemnarea de c\u0103tre comisie a celor 30 eseuri c\u00e2\u0219tig\u0103toare.<\/p><\/td><\/tr><tr><td valign=\"top\" width=\"127\"><p align=\"center\"><strong>Decembrie 2018<\/strong><\/p><\/td><td valign=\"top\" width=\"444\"><p>Editarea \u0219i publicarea volumului de eseuri de c\u0103tre ADER.<\/p><\/td><\/tr><tr><td valign=\"top\" width=\"127\"><p align=\"center\"><strong>Decembrie 2018<\/strong><\/p><\/td><td valign=\"top\" width=\"444\"><p>Participarea celor 30 c\u00e2\u0219tig\u0103tori la excursia tematic\u0103 \u201cADER\u0103 la patriotism\u201d\u00a0 \u00een\u00a0 ora\u0219ul Alba-Iulia<\/p><\/td><\/tr><\/tbody><\/table><p>\u00a0<\/p><p>Documentele vor fi trimise la adresa: 4roader@gmail.com<\/p><p>\u00a0<\/p><p><strong><em>-Excursie tematic\u0103 \u201c<\/em><\/strong><em><strong>ADER\u0103 la PATRIOTISM<\/strong><\/em><strong><em>\u201d,\u00a0<\/em><\/strong><em><strong>Loc de desf\u0103\u0219urare:\u00a0\u00a0<\/strong><\/em><strong><em>Alba Iulia<\/em><\/strong><\/p><p>Ora\u015fului Alba Iulia i-a revenit marea \u015fi nobila misiune de a g\u0103zdui desf\u0103\u015furarea Marii Uniri de la 1 decembrie 1918, ca o recunoa\u015ftere a rolului pe care l-a avut \u00een istoria neamului.\u00a0 Municipiul Alba Iulia a fost declarat de c\u0103tre Parlamentul Rom\u00e2niei \u00een anul 1994 &#8220;CETATE SIMBOL A MARII UNIRI A ROM\u00c2NILOR&#8221;.<\/p><p>Mai multe informa\u021bii despre ora\u0219ul Alba Iulia pute\u021bi ob\u021bine acces\u00e2nd site-ul:\u00a0<a href=\"https:\/\/web.archive.org\/web\/20230315042004\/http:\/\/www.apulum.ro\/index.php\/alba\">http:\/\/www.apulum.ro\/index.php\/alba<\/a><\/p><p>\u00cen decembrie 2018, vor participa la excursia tematic\u0103 \u201c<strong>ADER\u0103 la patriotism<\/strong>\u201d desf\u0103\u0219urat\u0103 \u00een ora\u0219ul Alba-Iulia, 30 elevi , c\u00e2\u0219tig\u0103tori ai concursului de eseuri desf\u0103\u0219urat pe pagina web a asocia\u021biei.<\/p><p>Cetatea Alb\u0103 Carolina, obeliscul \u201cHorea, Clo\u0219ca \u0219i Cri\u0219an\u201d sau Muzeul Na\u021bional al Unirii &#8211; sunt doar c\u00e2teva dintre obiectivele turistice pe care le vor vizita elevii. \u00cen cadrul excursiei ace\u0219tia vor beneficia gratuit \u0219i de masa de pr\u00e2nz.<\/p>\t\t\t\t\t\t\t\t<\/div>\n\t\t\t\t<\/div>\n\t\t\t\t<div class=\"elementor-element elementor-element-80bd771 elementor-widget elementor-widget-spacer\" data-id=\"80bd771\" data-element_type=\"widget\" data-widget_type=\"spacer.default\">\n\t\t\t\t<div class=\"elementor-widget-container\">\n\t\t\t\t\t\t\t<div class=\"elementor-spacer\">\n\t\t\t<div class=\"elementor-spacer-inner\"><\/div>\n\t\t<\/div>\n\t\t\t\t\t\t<\/div>\n\t\t\t\t<\/div>\n\t\t\t\t<\/div>\n\t\t\t\t<\/div>\n\t\t\t\t<\/div>\n\t\t","protected":false},"excerpt":{"rendered":"<p>Principalele activit\u0103\u021bi cuprinse \u00een proiect Seminar interactiv offline\u00a0\u201eMarea Unire de la 1 decembrie 1918\u201d \u00a0 \u00a0\u00a0\u00a0\u00a0\u00a0\u00a0\u00a0\u00a0\u00a0\u00a0\u00a0 Seminarul interactiv offline\u00a0\u201eMarea Unire de la 1 decembrie 1918\u201d se va desf\u0103\u0219ura \u00een s\u0103lile liceelor partenere ADER, iar procesul educativ va avea la baz\u0103 metoda non-formal\u0103 Philips 6-6, astfel: prezentarea temei de c\u0103tre mentori (al\u0103turi de profesori de istorie),&#8230;<\/p>\n","protected":false},"author":2,"featured_media":0,"parent":0,"menu_order":0,"comment_status":"closed","ping_status":"closed","template":"","meta":{"_kad_post_transparent":"","_kad_post_title":"hide","_kad_post_layout":"normal","_kad_post_sidebar_id":"","_kad_post_content_style":"unboxed","_kad_post_vertical_padding":"hide","_kad_post_feature":"hide","_kad_post_feature_position":"","_kad_post_header":false,"_kad_post_footer":false,"_kad_post_classname":"","footnotes":""},"class_list":["post-1342","page","type-page","status-publish","hentry"],"rttpg_featured_image_url":null,"rttpg_author":{"display_name":"Calina Denis","author_link":"https:\/\/4ader.ro\/index.php\/author\/denis_1\/"},"rttpg_comment":0,"rttpg_category":null,"rttpg_excerpt":"Principalele activit\u0103\u021bi cuprinse \u00een proiect Seminar interactiv offline\u00a0\u201eMarea Unire de la 1 decembrie 1918\u201d \u00a0 \u00a0\u00a0\u00a0\u00a0\u00a0\u00a0\u00a0\u00a0\u00a0\u00a0\u00a0 Seminarul interactiv offline\u00a0\u201eMarea Unire de la 1 decembrie 1918\u201d se va desf\u0103\u0219ura \u00een s\u0103lile liceelor partenere ADER, iar procesul educativ va avea la baz\u0103 metoda non-formal\u0103 Philips 6-6, astfel: prezentarea temei de c\u0103tre mentori (al\u0103turi de profesori de istorie),...","_links":{"self":[{"href":"https:\/\/4ader.ro\/index.php\/wp-json\/wp\/v2\/pages\/1342","targetHints":{"allow":["GET"]}}],"collection":[{"href":"https:\/\/4ader.ro\/index.php\/wp-json\/wp\/v2\/pages"}],"about":[{"href":"https:\/\/4ader.ro\/index.php\/wp-json\/wp\/v2\/types\/page"}],"author":[{"embeddable":true,"href":"https:\/\/4ader.ro\/index.php\/wp-json\/wp\/v2\/users\/2"}],"replies":[{"embeddable":true,"href":"https:\/\/4ader.ro\/index.php\/wp-json\/wp\/v2\/comments?post=1342"}],"version-history":[{"count":4,"href":"https:\/\/4ader.ro\/index.php\/wp-json\/wp\/v2\/pages\/1342\/revisions"}],"predecessor-version":[{"id":1346,"href":"https:\/\/4ader.ro\/index.php\/wp-json\/wp\/v2\/pages\/1342\/revisions\/1346"}],"wp:attachment":[{"href":"https:\/\/4ader.ro\/index.php\/wp-json\/wp\/v2\/media?parent=1342"}],"curies":[{"name":"wp","href":"https:\/\/api.w.org\/{rel}","templated":true}]}}