{"id":1247,"date":"2024-09-18T13:39:59","date_gmt":"2024-09-18T10:39:59","guid":{"rendered":"https:\/\/4ader.ro\/?page_id=1247"},"modified":"2024-09-23T11:43:31","modified_gmt":"2024-09-23T08:43:31","slug":"despre-noi-2","status":"publish","type":"page","link":"https:\/\/4ader.ro\/index.php\/despre-noi-2\/","title":{"rendered":"Despre noi"},"content":{"rendered":"\t\t<div data-elementor-type=\"wp-page\" data-elementor-id=\"1247\" class=\"elementor elementor-1247\">\n\t\t\t\t<div class=\"elementor-element elementor-element-6b7413c e-con-full e-flex e-con e-parent\" data-id=\"6b7413c\" data-element_type=\"container\" data-settings=\"{&quot;background_background&quot;:&quot;classic&quot;}\">\n\t\t\t\t<div class=\"elementor-element elementor-element-df78692 elementor-widget elementor-widget-heading\" data-id=\"df78692\" data-element_type=\"widget\" data-widget_type=\"heading.default\">\n\t\t\t\t<div class=\"elementor-widget-container\">\n\t\t\t\t\t<h2 class=\"elementor-heading-title elementor-size-default\">Despre noi<\/h2>\t\t\t\t<\/div>\n\t\t\t\t<\/div>\n\t\t\t\t<div class=\"elementor-element elementor-element-fac28ec elementor-widget elementor-widget-text-editor\" data-id=\"fac28ec\" data-element_type=\"widget\" data-widget_type=\"text-editor.default\">\n\t\t\t\t<div class=\"elementor-widget-container\">\n\t\t\t\t\t\t\t\t\t<p>\u00cenfiin\u021bat\u0103 \u00een anul 2018, Editura Thoth \u00ee\u0219i propune s\u0103 editeze at\u00e2t carte educa\u021bional\u0103 c\u00e2t \u0219i beletristic\u0103. Ne adres\u0103m profesorilor, at\u00e2t din mediul preuniversitar c\u00e2t \u0219i din mediul universitar \u00eencerc\u00e2nd s\u0103 promov\u0103m cele mai bune lucr\u0103ri realizate.<\/p><p>Asigur\u0103m nu numai servicii de redactare si de preparare a textului primit de la autori c\u00e2t \u0219i realizarea unor coper\u021bi cu designeri \u0219i graficieni profesioni\u0219ti<\/p><p>Editura vine \u00een sprijinul autorilor printr-o corectura a textului pe care autorul \u00eel propune pentru publicare, printr-o grafica la cel mai \u00eenalt nivel a coper\u021bilor precum \u0219i prin asigurarea unei promov\u0103ri profesioniste a c\u0103r\u021bilor realizate.<\/p><p>Editura colaboreaz\u0103 cu speciali\u0219ti de renume, at\u00e2t din \u021bar\u0103 c\u00e2t \u0219i din str\u0103in\u0103tate, asigur\u00e2nd astfel posibilitatea apari\u021biei unor lucr\u0103ri de calitate.<br \/>Indexarea \u0219i promovarea c\u0103r\u021bilor ap\u0103rute \u00een baze de date interna\u021bionale constituie una din preocup\u0103rile noastre permanente.<\/p><p>Editura va sprijinii autorul \u00een organizarea uneia sau mai multor lans\u0103ri de carte.<\/p>\t\t\t\t\t\t\t\t<\/div>\n\t\t\t\t<\/div>\n\t\t\t\t<div class=\"elementor-element elementor-element-28d86d8 elementor-widget elementor-widget-spacer\" data-id=\"28d86d8\" data-element_type=\"widget\" data-widget_type=\"spacer.default\">\n\t\t\t\t<div class=\"elementor-widget-container\">\n\t\t\t\t\t\t\t<div class=\"elementor-spacer\">\n\t\t\t<div class=\"elementor-spacer-inner\"><\/div>\n\t\t<\/div>\n\t\t\t\t\t\t<\/div>\n\t\t\t\t<\/div>\n\t\t\t\t<\/div>\n\t\t\t\t<\/div>\n\t\t","protected":false},"excerpt":{"rendered":"<p>Despre noi \u00cenfiin\u021bat\u0103 \u00een anul 2018, Editura Thoth \u00ee\u0219i propune s\u0103 editeze at\u00e2t carte educa\u021bional\u0103 c\u00e2t \u0219i beletristic\u0103. Ne adres\u0103m profesorilor, at\u00e2t din mediul preuniversitar c\u00e2t \u0219i din mediul universitar \u00eencerc\u00e2nd s\u0103 promov\u0103m cele mai bune lucr\u0103ri realizate. Asigur\u0103m nu numai servicii de redactare si de preparare a textului primit de la autori c\u00e2t \u0219i&#8230;<\/p>\n","protected":false},"author":2,"featured_media":0,"parent":0,"menu_order":0,"comment_status":"closed","ping_status":"closed","template":"","meta":{"_kad_post_transparent":"","_kad_post_title":"hide","_kad_post_layout":"fullwidth","_kad_post_sidebar_id":"","_kad_post_content_style":"unboxed","_kad_post_vertical_padding":"hide","_kad_post_feature":"hide","_kad_post_feature_position":"","_kad_post_header":false,"_kad_post_footer":false,"_kad_post_classname":"","footnotes":""},"class_list":["post-1247","page","type-page","status-publish","hentry"],"rttpg_featured_image_url":null,"rttpg_author":{"display_name":"Calina Denis","author_link":"https:\/\/4ader.ro\/index.php\/author\/denis_1\/"},"rttpg_comment":0,"rttpg_category":null,"rttpg_excerpt":"Despre noi \u00cenfiin\u021bat\u0103 \u00een anul 2018, Editura Thoth \u00ee\u0219i propune s\u0103 editeze at\u00e2t carte educa\u021bional\u0103 c\u00e2t \u0219i beletristic\u0103. Ne adres\u0103m profesorilor, at\u00e2t din mediul preuniversitar c\u00e2t \u0219i din mediul universitar \u00eencerc\u00e2nd s\u0103 promov\u0103m cele mai bune lucr\u0103ri realizate. Asigur\u0103m nu numai servicii de redactare si de preparare a textului primit de la autori c\u00e2t \u0219i...","_links":{"self":[{"href":"https:\/\/4ader.ro\/index.php\/wp-json\/wp\/v2\/pages\/1247","targetHints":{"allow":["GET"]}}],"collection":[{"href":"https:\/\/4ader.ro\/index.php\/wp-json\/wp\/v2\/pages"}],"about":[{"href":"https:\/\/4ader.ro\/index.php\/wp-json\/wp\/v2\/types\/page"}],"author":[{"embeddable":true,"href":"https:\/\/4ader.ro\/index.php\/wp-json\/wp\/v2\/users\/2"}],"replies":[{"embeddable":true,"href":"https:\/\/4ader.ro\/index.php\/wp-json\/wp\/v2\/comments?post=1247"}],"version-history":[{"count":7,"href":"https:\/\/4ader.ro\/index.php\/wp-json\/wp\/v2\/pages\/1247\/revisions"}],"predecessor-version":[{"id":1475,"href":"https:\/\/4ader.ro\/index.php\/wp-json\/wp\/v2\/pages\/1247\/revisions\/1475"}],"wp:attachment":[{"href":"https:\/\/4ader.ro\/index.php\/wp-json\/wp\/v2\/media?parent=1247"}],"curies":[{"name":"wp","href":"https:\/\/api.w.org\/{rel}","templated":true}]}}