{"id":1240,"date":"2024-09-18T13:34:25","date_gmt":"2024-09-18T10:34:25","guid":{"rendered":"https:\/\/4ader.ro\/?page_id=1240"},"modified":"2024-09-23T11:41:43","modified_gmt":"2024-09-23T08:41:43","slug":"editura-thoth","status":"publish","type":"page","link":"https:\/\/4ader.ro\/index.php\/editura-thoth\/","title":{"rendered":"Editura THOTH"},"content":{"rendered":"\t\t<div data-elementor-type=\"wp-page\" data-elementor-id=\"1240\" class=\"elementor elementor-1240\">\n\t\t\t\t<div class=\"elementor-element elementor-element-6b7413c e-con-full e-flex e-con e-parent\" data-id=\"6b7413c\" data-element_type=\"container\" data-settings=\"{&quot;background_background&quot;:&quot;classic&quot;}\">\n\t\t\t\t<div class=\"elementor-element elementor-element-df78692 elementor-widget elementor-widget-heading\" data-id=\"df78692\" data-element_type=\"widget\" data-widget_type=\"heading.default\">\n\t\t\t\t<div class=\"elementor-widget-container\">\n\t\t\t\t\t<h2 class=\"elementor-heading-title elementor-size-default\">Editura THOTH<\/h2>\t\t\t\t<\/div>\n\t\t\t\t<\/div>\n\t\t\t\t<div class=\"elementor-element elementor-element-9c62ff9 elementor-widget elementor-widget-image\" data-id=\"9c62ff9\" data-element_type=\"widget\" data-widget_type=\"image.default\">\n\t\t\t\t<div class=\"elementor-widget-container\">\n\t\t\t\t\t\t\t\t\t\t\t\t\t\t\t<img fetchpriority=\"high\" decoding=\"async\" width=\"500\" height=\"350\" src=\"https:\/\/4ader.ro\/wp-content\/uploads\/2024\/09\/publica.png\" class=\"attachment-large size-large wp-image-1242\" alt=\"\" srcset=\"https:\/\/4ader.ro\/wp-content\/uploads\/2024\/09\/publica.png 500w, https:\/\/4ader.ro\/wp-content\/uploads\/2024\/09\/publica-300x210.png 300w, https:\/\/4ader.ro\/wp-content\/uploads\/2024\/09\/publica-200x140.png 200w\" sizes=\"(max-width: 500px) 100vw, 500px\" \/>\t\t\t\t\t\t\t\t\t\t\t\t\t\t\t<\/div>\n\t\t\t\t<\/div>\n\t\t\t\t<div class=\"elementor-element elementor-element-fac28ec elementor-widget elementor-widget-text-editor\" data-id=\"fac28ec\" data-element_type=\"widget\" data-widget_type=\"text-editor.default\">\n\t\t\t\t<div class=\"elementor-widget-container\">\n\t\t\t\t\t\t\t\t\t<p><strong><em>Editura Thoth\u00a0\u00ee\u0219i propune s\u0103 editeze at\u00e2t carte educa\u021bional\u0103 c\u00e2t \u0219i beletristic\u0103. Ne adres\u0103m profesorilor, at\u00e2t din mediul preuniversitar c\u00e2t \u0219i din mediul universitar \u00eencerc\u00e2nd s\u0103 promov\u0103m cele mai bune lucr\u0103ri realizate.<\/em><\/strong><\/p><div dir=\"auto\">Oferim posibilitatea public\u0103rii c\u0103r\u021bii \u00een varianta online.<\/div><div dir=\"auto\">\u00centre cartea publicat\u0103 \u00een form\u0103 clasic\u0103 \u015fi o carte \u00een format electronic ori online diferen\u0163ele sunt doar de stare.<\/div><div dir=\"auto\">Ambele primesc ISBN.<\/div><div dir=\"auto\">Ambele confer\u0103 autorilor acelea\u015fi drepturi.<\/div>\t\t\t\t\t\t\t\t<\/div>\n\t\t\t\t<\/div>\n\t\t\t\t<div class=\"elementor-element elementor-element-28d86d8 elementor-widget elementor-widget-spacer\" data-id=\"28d86d8\" data-element_type=\"widget\" data-widget_type=\"spacer.default\">\n\t\t\t\t<div class=\"elementor-widget-container\">\n\t\t\t\t\t\t\t<div class=\"elementor-spacer\">\n\t\t\t<div class=\"elementor-spacer-inner\"><\/div>\n\t\t<\/div>\n\t\t\t\t\t\t<\/div>\n\t\t\t\t<\/div>\n\t\t\t\t<\/div>\n\t\t<div class=\"elementor-element elementor-element-ae341e4 e-flex e-con-boxed e-con e-parent\" data-id=\"ae341e4\" data-element_type=\"container\">\n\t\t\t\t\t<div class=\"e-con-inner\">\n\t\t\t\t\t<\/div>\n\t\t\t\t<\/div>\n\t\t\t\t<\/div>\n\t\t","protected":false},"excerpt":{"rendered":"<p>Editura THOTH Editura Thoth\u00a0\u00ee\u0219i propune s\u0103 editeze at\u00e2t carte educa\u021bional\u0103 c\u00e2t \u0219i beletristic\u0103. Ne adres\u0103m profesorilor, at\u00e2t din mediul preuniversitar c\u00e2t \u0219i din mediul universitar \u00eencerc\u00e2nd s\u0103 promov\u0103m cele mai bune lucr\u0103ri realizate. Oferim posibilitatea public\u0103rii c\u0103r\u021bii \u00een varianta online.\u00centre cartea publicat\u0103 \u00een form\u0103 clasic\u0103 \u015fi o carte \u00een format electronic ori online diferen\u0163ele sunt&#8230;<\/p>\n","protected":false},"author":2,"featured_media":0,"parent":0,"menu_order":0,"comment_status":"closed","ping_status":"closed","template":"","meta":{"_kad_post_transparent":"","_kad_post_title":"hide","_kad_post_layout":"fullwidth","_kad_post_sidebar_id":"","_kad_post_content_style":"unboxed","_kad_post_vertical_padding":"hide","_kad_post_feature":"hide","_kad_post_feature_position":"","_kad_post_header":false,"_kad_post_footer":false,"_kad_post_classname":"","footnotes":""},"class_list":["post-1240","page","type-page","status-publish","hentry"],"rttpg_featured_image_url":null,"rttpg_author":{"display_name":"Calina Denis","author_link":"https:\/\/4ader.ro\/index.php\/author\/denis_1\/"},"rttpg_comment":0,"rttpg_category":null,"rttpg_excerpt":"Editura THOTH Editura Thoth\u00a0\u00ee\u0219i propune s\u0103 editeze at\u00e2t carte educa\u021bional\u0103 c\u00e2t \u0219i beletristic\u0103. Ne adres\u0103m profesorilor, at\u00e2t din mediul preuniversitar c\u00e2t \u0219i din mediul universitar \u00eencerc\u00e2nd s\u0103 promov\u0103m cele mai bune lucr\u0103ri realizate. Oferim posibilitatea public\u0103rii c\u0103r\u021bii \u00een varianta online.\u00centre cartea publicat\u0103 \u00een form\u0103 clasic\u0103 \u015fi o carte \u00een format electronic ori online diferen\u0163ele sunt...","_links":{"self":[{"href":"https:\/\/4ader.ro\/index.php\/wp-json\/wp\/v2\/pages\/1240","targetHints":{"allow":["GET"]}}],"collection":[{"href":"https:\/\/4ader.ro\/index.php\/wp-json\/wp\/v2\/pages"}],"about":[{"href":"https:\/\/4ader.ro\/index.php\/wp-json\/wp\/v2\/types\/page"}],"author":[{"embeddable":true,"href":"https:\/\/4ader.ro\/index.php\/wp-json\/wp\/v2\/users\/2"}],"replies":[{"embeddable":true,"href":"https:\/\/4ader.ro\/index.php\/wp-json\/wp\/v2\/comments?post=1240"}],"version-history":[{"count":9,"href":"https:\/\/4ader.ro\/index.php\/wp-json\/wp\/v2\/pages\/1240\/revisions"}],"predecessor-version":[{"id":1472,"href":"https:\/\/4ader.ro\/index.php\/wp-json\/wp\/v2\/pages\/1240\/revisions\/1472"}],"wp:attachment":[{"href":"https:\/\/4ader.ro\/index.php\/wp-json\/wp\/v2\/media?parent=1240"}],"curies":[{"name":"wp","href":"https:\/\/api.w.org\/{rel}","templated":true}]}}